{"id":287399,"date":"2023-05-12T10:50:39","date_gmt":"2023-05-12T08:50:39","guid":{"rendered":"https:\/\/www.huntersfriend.eu\/product\/eberlestock-vadderad-tillbehorsficka-stor\/"},"modified":"2025-08-27T06:22:58","modified_gmt":"2025-08-27T04:22:58","slug":"eberlestock-vadderad-tillbehorsficka-stor","status":"publish","type":"product","link":"https:\/\/www.huntersfriend.eu\/sv\/produkt\/eberlestock-vadderad-tillbehorsficka-stor\/","title":{"rendered":"Eberlestock vadderad tillbeh\u00f6rsficka, stor"},"content":{"rendered":"<p>Den stora vadderade tillbeh\u00f6rsfickan \u00e4r en enkelt utformad kvalitetsficka som kan f\u00e4stas n\u00e4stan var som helst d\u00e4r du hittar MOLLE-band p\u00e5 en Eberlestock-ryggs\u00e4ck eller ett tillbeh\u00f6r. Den extra vadderingen g\u00f6r dem optimala f\u00f6r att b\u00e4ra sm\u00e5 men dyra f\u00f6rem\u00e5l som avst\u00e5ndsm\u00e4tare, GPS och kameratillbeh\u00f6r. <\/p>\n<p>Vanligast \u00e4r att den b\u00e4rs p\u00e5 h\u00f6ftb\u00e4ltet f\u00f6r snabb \u00e5tkomst till viktiga f\u00f6rem\u00e5l, eller p\u00e5 utsidan framtill p\u00e5 en ryggs\u00e4ck. Den stora vadderade tillbeh\u00f6rsfickan kan ocks\u00e5 kombineras med br\u00f6stb\u00e4lteselen f\u00f6r att omvandla den till en ultral\u00e4tt minimalistisk br\u00f6stburen ryggs\u00e4ck. <\/p>\n<ul>\n<li>YKK-dragkedjor, extremt t\u00e5liga<\/li>\n<li>450d nylon<\/li>\n<li>M\u00e5tt: 15 cm (h) x 20 cm (b) x 6,4 cm (d)<\/li>\n<li>Vikt: 170 g<\/li>\n<\/ul>\n","protected":false},"excerpt":{"rendered":"<p>Den stora vadderade tillbeh\u00f6rsfickan \u00e4r en enkelt utformad kvalitetsficka som kan f\u00e4stas n\u00e4stan var som helst d\u00e4r du hittar MOLLE-band p\u00e5 en Eberlestock-ryggs\u00e4ck eller ett tillbeh\u00f6r. Den extra vadderingen g\u00f6r dem optimala f\u00f6r att b\u00e4ra sm\u00e5 men dyra f\u00f6rem\u00e5l som avst\u00e5ndsm\u00e4tare, GPS och kameratillbeh\u00f6r. Vanligast \u00e4r att den b\u00e4rs p\u00e5 h\u00f6ftb\u00e4ltet f\u00f6r snabb \u00e5tkomst till [&#8230;]\n","protected":false},"featured_media":247879,"comment_status":"open","ping_status":"closed","template":"","meta":[],"product_brand":[],"product_cat":[2566],"product_tag":[],"class_list":{"0":"post-287399","1":"product","2":"type-product","3":"status-publish","4":"has-post-thumbnail","6":"product_cat-jaktvaskor","8":"first","9":"instock","10":"taxable","11":"shipping-taxable","12":"purchasable","13":"product-type-variable"},"composite_virtual":false,"composite_layout":"","composite_add_to_cart_form_location":"","composite_editable_in_cart":false,"composite_sold_individually_context":"","composite_shop_price_calc":"","composite_components":[],"composite_scenarios":[],"group_of_quantity":0,"min_quantity":0,"max_quantity":"","exclude_order_quantity_value_rules":"no","exclude_category_quantity_rules":"no","combine_variations":"no","exclude_global_add_ons":[],"addons":[],"_links":{"self":[{"href":"https:\/\/www.huntersfriend.eu\/sv\/wp-json\/wp\/v2\/product\/287399","targetHints":{"allow":["GET"]}}],"collection":[{"href":"https:\/\/www.huntersfriend.eu\/sv\/wp-json\/wp\/v2\/product"}],"about":[{"href":"https:\/\/www.huntersfriend.eu\/sv\/wp-json\/wp\/v2\/types\/product"}],"replies":[{"embeddable":true,"href":"https:\/\/www.huntersfriend.eu\/sv\/wp-json\/wp\/v2\/comments?post=287399"}],"wp:featuredmedia":[{"embeddable":true,"href":"https:\/\/www.huntersfriend.eu\/sv\/wp-json\/wp\/v2\/media\/247879"}],"wp:attachment":[{"href":"https:\/\/www.huntersfriend.eu\/sv\/wp-json\/wp\/v2\/media?parent=287399"}],"wp:term":[{"taxonomy":"product_brand","embeddable":true,"href":"https:\/\/www.huntersfriend.eu\/sv\/wp-json\/wp\/v2\/product_brand?post=287399"},{"taxonomy":"product_cat","embeddable":true,"href":"https:\/\/www.huntersfriend.eu\/sv\/wp-json\/wp\/v2\/product_cat?post=287399"},{"taxonomy":"product_tag","embeddable":true,"href":"https:\/\/www.huntersfriend.eu\/sv\/wp-json\/wp\/v2\/product_tag?post=287399"}],"curies":[{"name":"wp","href":"https:\/\/api.w.org\/{rel}","templated":true}]}}