{"id":287397,"date":"2023-05-12T10:34:32","date_gmt":"2023-05-12T08:34:32","guid":{"rendered":"https:\/\/www.huntersfriend.eu\/product\/eberlestock-2-liters-icke-vadderad-ficka\/"},"modified":"2025-08-27T06:22:51","modified_gmt":"2025-08-27T04:22:51","slug":"eberlestock-2-liters-icke-vadderad-ficka","status":"publish","type":"product","link":"https:\/\/www.huntersfriend.eu\/sv\/produkt\/eberlestock-2-liters-icke-vadderad-ficka\/","title":{"rendered":"Eberlestock 2-liters icke-vadderad ficka"},"content":{"rendered":"<p>2-liters tillbeh\u00f6rsficka \u00e4r en tv\u00e5liters icke-vadderad tillbeh\u00f6rsficka med snabbf\u00e4sten av MOLLE-typ. MOLLE\/PALS-v\u00e4v p\u00e5 b\u00e5de fram- och baksida. L\u00e4tt\u00e5tkomlig dragkedja med dubbla drag f\u00f6r snabb \u00e5tkomst.  <\/p>\n<p><strong>PRODUKTINFORMATION<\/strong><\/p>\n<ul>\n<li>M\u00e5tt: 23 cm (h) x 13 cm (b) x 8 cm (d)<\/li>\n<li>Vikt: 283 g<\/li>\n<\/ul>\n","protected":false},"excerpt":{"rendered":"<p>2-liters tillbeh\u00f6rsficka \u00e4r en tv\u00e5liters icke-vadderad tillbeh\u00f6rsficka med snabbf\u00e4sten av MOLLE-typ. MOLLE\/PALS-v\u00e4v p\u00e5 b\u00e5de fram- och baksida. L\u00e4tt\u00e5tkomlig dragkedja med dubbla drag f\u00f6r snabb \u00e5tkomst. PRODUKTINFORMATION M\u00e5tt: 23 cm (h) x 13 cm (b) x 8 cm (d) Vikt: 283 g<\/p>\n","protected":false},"featured_media":247860,"comment_status":"open","ping_status":"closed","template":"","meta":[],"product_brand":[],"product_cat":[2566],"product_tag":[],"class_list":{"0":"post-287397","1":"product","2":"type-product","3":"status-publish","4":"has-post-thumbnail","6":"product_cat-jaktvaskor","8":"first","9":"instock","10":"taxable","11":"shipping-taxable","12":"purchasable","13":"product-type-variable"},"composite_virtual":false,"composite_layout":"","composite_add_to_cart_form_location":"","composite_editable_in_cart":false,"composite_sold_individually_context":"","composite_shop_price_calc":"","composite_components":[],"composite_scenarios":[],"group_of_quantity":0,"min_quantity":0,"max_quantity":"","exclude_order_quantity_value_rules":"no","exclude_category_quantity_rules":"no","combine_variations":"no","exclude_global_add_ons":[],"addons":[],"_links":{"self":[{"href":"https:\/\/www.huntersfriend.eu\/sv\/wp-json\/wp\/v2\/product\/287397","targetHints":{"allow":["GET"]}}],"collection":[{"href":"https:\/\/www.huntersfriend.eu\/sv\/wp-json\/wp\/v2\/product"}],"about":[{"href":"https:\/\/www.huntersfriend.eu\/sv\/wp-json\/wp\/v2\/types\/product"}],"replies":[{"embeddable":true,"href":"https:\/\/www.huntersfriend.eu\/sv\/wp-json\/wp\/v2\/comments?post=287397"}],"wp:featuredmedia":[{"embeddable":true,"href":"https:\/\/www.huntersfriend.eu\/sv\/wp-json\/wp\/v2\/media\/247860"}],"wp:attachment":[{"href":"https:\/\/www.huntersfriend.eu\/sv\/wp-json\/wp\/v2\/media?parent=287397"}],"wp:term":[{"taxonomy":"product_brand","embeddable":true,"href":"https:\/\/www.huntersfriend.eu\/sv\/wp-json\/wp\/v2\/product_brand?post=287397"},{"taxonomy":"product_cat","embeddable":true,"href":"https:\/\/www.huntersfriend.eu\/sv\/wp-json\/wp\/v2\/product_cat?post=287397"},{"taxonomy":"product_tag","embeddable":true,"href":"https:\/\/www.huntersfriend.eu\/sv\/wp-json\/wp\/v2\/product_tag?post=287397"}],"curies":[{"name":"wp","href":"https:\/\/api.w.org\/{rel}","templated":true}]}}