{"id":287388,"date":"2023-05-08T11:01:44","date_gmt":"2023-05-08T09:01:44","guid":{"rendered":"https:\/\/www.huntersfriend.eu\/product\/g5-montec-m3-broadhead\/"},"modified":"2026-04-23T12:22:09","modified_gmt":"2026-04-23T10:22:09","slug":"g5-montec-m3-broadhead","status":"publish","type":"product","link":"https:\/\/www.huntersfriend.eu\/sv\/produkt\/g5-montec-m3-broadhead\/","title":{"rendered":"G5 Montec M3 broadhead"},"content":{"rendered":"<div class=\"et_pb_module et_pb_text et_pb_text_1 et_pb_text_align_left et_pb_bg_layout_light\">\n<div class=\"et_pb_text_inner\">\n<h3>SKARPARE, STARKARE, TYSTARE<\/h3>\n<\/div>\n<\/div>\n<div class=\"et_pb_module et_pb_text et_pb_text_2 et_pb_text_align_left et_pb_bg_layout_light\">\n<div class=\"et_pb_text_inner\">\n<p>Montec M3 \u00e4r tillverkad av st\u00e5l av h\u00f6gre kvalitet som inte bara \u00e4r supert\u00e5ligt, utan ocks\u00e5 ger en skarpare egg. Denna broadhead \u00e4r maskinbearbetad fr\u00e5n ett enda massivt stycke 420 h\u00f6gkvalitativt rostfritt st\u00e5l utan ventiler, vilket ger tyst flygning och \u00f6kad styrka och h\u00e5llbarhet. Med samma \u00e5teranv\u00e4ndbara, l\u00e4ttslipade design \u00e4r nya Montec M3 Designed To Hunt.  <\/p>\n<div class=\"et_pb_module et_pb_text et_pb_text_1 et_pb_text_align_left et_pb_bg_layout_light\">\n<div class=\"et_pb_text_inner\">\n<h4 class=\"et_pb_module_header\">1,0625 tums sk\u00e4rdiameter<\/h4>\n<div class=\"et_pb_blurb_description\">\n<p>Med 3 d\u00f6dliga blad bearbetade fr\u00e5n ett enda premiumstycke massivt st\u00e5l, med MonoFlow-teknik. Sk\u00e4rdiametern p\u00e5 1,0635 tum ger o\u00f6vertr\u00e4ffad precision och penetreringskraft. <\/p>\n<div class=\"et_pb_module et_pb_blurb et_pb_blurb_1 et_pb_text_align_left et_pb_blurb_position_left et_pb_bg_layout_light\">\n<div class=\"et_pb_blurb_content\">\n<div class=\"et_pb_blurb_container\">\n<div class=\"et_pb_blurb_description\">\n<p>Finns i 100 och 125 grain f\u00f6r att s\u00e4kerst\u00e4lla optimal hastighet och precision.<\/p>\n<\/div>\n<\/div>\n<\/div>\n<\/div>\n<div class=\"et_pb_module et_pb_blurb et_pb_blurb_2 et_pb_text_align_left et_pb_blurb_position_left et_pb_bg_layout_light\">\n<div class=\"et_pb_blurb_content\">\n<div class=\"et_pb_blurb_container\">\n<h4 class=\"et_pb_module_header\">100 % spinntestad<\/h4>\n<div class=\"et_pb_blurb_description\">\n<p>Varje broadhead testas f\u00f6r att s\u00e4kerst\u00e4lla ultimat rakhet vilket resulterar i o\u00f6vertr\u00e4ffad precision och penetration.<\/p>\n<\/div>\n<\/div>\n<\/div>\n<\/div>\n<div class=\"et_pb_module et_pb_blurb et_pb_blurb_3 et_pb_text_align_left et_pb_blurb_position_left et_pb_bg_layout_light\">\n<div class=\"et_pb_blurb_content\">\n<div class=\"et_pb_blurb_container\">\n<h4 class=\"et_pb_module_header\">Korsb\u00e5gev\u00e4nlig<\/h4>\n<div class=\"et_pb_blurb_description\">\n<p>Original Montec fungerar s\u00f6ml\u00f6st med din korsb\u00e5ge f\u00f6r att ge dig det snabbaste och mest exakta skottet.<\/p>\n<\/div>\n<\/div>\n<\/div>\n<\/div>\n<\/div>\n<\/div>\n<\/div>\n<\/div>\n<\/div>\n","protected":false},"excerpt":{"rendered":"<p>SKARPARE, STARKARE, TYSTARE Montec M3 \u00e4r tillverkad av st\u00e5l av h\u00f6gre kvalitet som inte bara \u00e4r supert\u00e5ligt, utan ocks\u00e5 ger en skarpare egg. Denna broadhead \u00e4r maskinbearbetad fr\u00e5n ett enda massivt stycke 420 h\u00f6gkvalitativt rostfritt st\u00e5l utan ventiler, vilket ger tyst flygning och \u00f6kad styrka och h\u00e5llbarhet. Med samma \u00e5teranv\u00e4ndbara, l\u00e4ttslipade design \u00e4r nya Montec [&#8230;]\n","protected":false},"featured_media":210239,"comment_status":"open","ping_status":"closed","template":"","meta":[],"product_brand":[],"product_cat":[2647],"product_tag":[],"class_list":{"0":"post-287388","1":"product","2":"type-product","3":"status-publish","4":"has-post-thumbnail","6":"product_cat-broadheads-jakt","8":"first","9":"instock","10":"sale","11":"taxable","12":"shipping-taxable","13":"purchasable","14":"product-type-variable"},"composite_virtual":false,"composite_layout":"","composite_add_to_cart_form_location":"","composite_editable_in_cart":false,"composite_sold_individually_context":"","composite_shop_price_calc":"","composite_components":[],"composite_scenarios":[],"group_of_quantity":0,"min_quantity":0,"max_quantity":"","exclude_order_quantity_value_rules":"no","exclude_category_quantity_rules":"no","combine_variations":"no","exclude_global_add_ons":[],"addons":[],"_links":{"self":[{"href":"https:\/\/www.huntersfriend.eu\/sv\/wp-json\/wp\/v2\/product\/287388","targetHints":{"allow":["GET"]}}],"collection":[{"href":"https:\/\/www.huntersfriend.eu\/sv\/wp-json\/wp\/v2\/product"}],"about":[{"href":"https:\/\/www.huntersfriend.eu\/sv\/wp-json\/wp\/v2\/types\/product"}],"replies":[{"embeddable":true,"href":"https:\/\/www.huntersfriend.eu\/sv\/wp-json\/wp\/v2\/comments?post=287388"}],"wp:featuredmedia":[{"embeddable":true,"href":"https:\/\/www.huntersfriend.eu\/sv\/wp-json\/wp\/v2\/media\/210239"}],"wp:attachment":[{"href":"https:\/\/www.huntersfriend.eu\/sv\/wp-json\/wp\/v2\/media?parent=287388"}],"wp:term":[{"taxonomy":"product_brand","embeddable":true,"href":"https:\/\/www.huntersfriend.eu\/sv\/wp-json\/wp\/v2\/product_brand?post=287388"},{"taxonomy":"product_cat","embeddable":true,"href":"https:\/\/www.huntersfriend.eu\/sv\/wp-json\/wp\/v2\/product_cat?post=287388"},{"taxonomy":"product_tag","embeddable":true,"href":"https:\/\/www.huntersfriend.eu\/sv\/wp-json\/wp\/v2\/product_tag?post=287388"}],"curies":[{"name":"wp","href":"https:\/\/api.w.org\/{rel}","templated":true}]}}