{"id":287379,"date":"2023-05-05T03:42:08","date_gmt":"2023-05-05T01:42:08","guid":{"rendered":"https:\/\/www.huntersfriend.eu\/product\/glendel-3d-gris\/"},"modified":"2025-08-27T06:22:49","modified_gmt":"2025-08-27T04:22:49","slug":"glendel-3d-gris","status":"publish","type":"product","link":"https:\/\/www.huntersfriend.eu\/sv\/produkt\/glendel-3d-gris\/","title":{"rendered":"Glendel 3D-gris"},"content":{"rendered":"<p class=\"vc_custom_heading orbitron-font txt-uppercase\">FUNKTIONER<\/p>\n<div class=\"wpb_text_column wpb_content_element \">\n<div class=\"wpb_wrapper\">\n<ul>\n<li>Realistisk design f\u00f6r realistisk tr\u00e4ning<\/li>\n<li>Solid kroppsdesign<\/li>\n<li>Inkluderar markpinnar<\/li>\n<li>Po\u00e4ngring i vitala delar<\/li>\n<li>M\u00e5tt: 19 tum H x 32,5 tum B<\/li>\n<\/ul>\n<p>Maximal kvantitet av en artikel per best\u00e4llning. F\u00f6r mer information om st\u00f6rre best\u00e4llningar, v\u00e4nligen kontakta info@huntersfriend.eu <\/p>\n<\/div>\n<\/div>\n","protected":false},"excerpt":{"rendered":"<p>FUNKTIONER Realistisk design f\u00f6r realistisk tr\u00e4ning Solid kroppsdesign Inkluderar markpinnar Po\u00e4ngring i vitala delar M\u00e5tt: 19 tum H x 32,5 tum B Maximal kvantitet av en artikel per best\u00e4llning. F\u00f6r mer information om st\u00f6rre best\u00e4llningar, v\u00e4nligen kontakta info@huntersfriend.eu<\/p>\n","protected":false},"featured_media":247959,"comment_status":"open","ping_status":"closed","template":"","meta":[],"product_brand":[],"product_cat":[878],"product_tag":[],"class_list":{"0":"post-287379","1":"product","2":"type-product","3":"status-publish","4":"has-post-thumbnail","6":"product_cat-uncategorized-sv","7":"product_shipping_class-big-sv","9":"first","10":"outofstock","11":"taxable","12":"shipping-taxable","13":"purchasable","14":"product-type-simple"},"composite_virtual":false,"composite_layout":"","composite_add_to_cart_form_location":"","composite_editable_in_cart":false,"composite_sold_individually_context":"","composite_shop_price_calc":"","composite_components":[],"composite_scenarios":[],"group_of_quantity":0,"min_quantity":0,"max_quantity":"","exclude_order_quantity_value_rules":"no","exclude_category_quantity_rules":"no","combine_variations":"no","exclude_global_add_ons":[],"addons":[],"_links":{"self":[{"href":"https:\/\/www.huntersfriend.eu\/sv\/wp-json\/wp\/v2\/product\/287379","targetHints":{"allow":["GET"]}}],"collection":[{"href":"https:\/\/www.huntersfriend.eu\/sv\/wp-json\/wp\/v2\/product"}],"about":[{"href":"https:\/\/www.huntersfriend.eu\/sv\/wp-json\/wp\/v2\/types\/product"}],"replies":[{"embeddable":true,"href":"https:\/\/www.huntersfriend.eu\/sv\/wp-json\/wp\/v2\/comments?post=287379"}],"wp:featuredmedia":[{"embeddable":true,"href":"https:\/\/www.huntersfriend.eu\/sv\/wp-json\/wp\/v2\/media\/247959"}],"wp:attachment":[{"href":"https:\/\/www.huntersfriend.eu\/sv\/wp-json\/wp\/v2\/media?parent=287379"}],"wp:term":[{"taxonomy":"product_brand","embeddable":true,"href":"https:\/\/www.huntersfriend.eu\/sv\/wp-json\/wp\/v2\/product_brand?post=287379"},{"taxonomy":"product_cat","embeddable":true,"href":"https:\/\/www.huntersfriend.eu\/sv\/wp-json\/wp\/v2\/product_cat?post=287379"},{"taxonomy":"product_tag","embeddable":true,"href":"https:\/\/www.huntersfriend.eu\/sv\/wp-json\/wp\/v2\/product_tag?post=287379"}],"curies":[{"name":"wp","href":"https:\/\/api.w.org\/{rel}","templated":true}]}}