{"id":287374,"date":"2023-05-05T03:42:08","date_gmt":"2023-05-05T01:42:08","guid":{"rendered":"https:\/\/www.huntersfriend.eu\/product\/faltlogik-hurricane-cat-5-vaska-target\/"},"modified":"2026-04-10T13:09:08","modified_gmt":"2026-04-10T11:09:08","slug":"faltlogik-hurricane-cat-5-vaska-target","status":"publish","type":"product","link":"https:\/\/www.huntersfriend.eu\/sv\/produkt\/faltlogik-hurricane-cat-5-vaska-target\/","title":{"rendered":"F\u00e4ltlogik Hurricane cat 5-v\u00e4ska Target"},"content":{"rendered":"<p>Med sin mest extrema stoppkraft n\u00e5gonsin introducerar Hurricane Bag-m\u00e5lskivorna Hurricane Cat 5. Anv\u00e4ndare kommer att bli \u00f6verv\u00e4ldigade av pilstoppningsf\u00f6rm\u00e5gan hos den f\u00f6rst\u00e4rkta Hurricane Tri-Core-tekniken som har visat sig stoppa (standarddiameter) f\u00e4ltspetspilar och bultar vid upp till 650 F.P.S.! Den 25 tum x 25 tum stora, sj\u00e4lvst\u00e5ende designen med \u00f6ljetter i h\u00f6rnen och b\u00e4rhandtag \u00e4r speciellt utformad f\u00f6r att motst\u00e5 den h\u00f6ga energi som dagens vertikala b\u00e5gar och armborst ger, och \u00e4r l\u00e4tt att anv\u00e4nda och perfekt f\u00f6r tr\u00e4dg\u00e5rdsbanan eller l\u00e4tt att transportera vart du \u00e4n g\u00e5r. Allv\u00e4derskonstruktionen har dubbelsidig skjutning mot strategiskt placerade, v\u00e4l synliga tref\u00e4rgsgrafiker som \u00e4r f\u00f6rskjutna f\u00f6r att maximera m\u00e5ltavlan, medan ett integrerat siktjusteringsn\u00e4t hj\u00e4lper till med precisionsjusteringar av stiftssikten eller ett kikarsiktes horisontella och vertikala axeljustering. Byggd f\u00f6r att motst\u00e5 slag efter slag bevisar denna l\u00e5ngvariga m\u00e5ltavla att det alltid \u00e4r r\u00e4tt tid att tr\u00e4na och det \u00e4r alltid orkans\u00e4song!    <\/p>\n<ul>\n<li>Sj\u00e4lvst\u00e5ende design \u2013 intern ram<\/li>\n<li>25 tum x 25 tum<\/li>\n<li>Stoppar upp till 650 FPS med pilar av standarddiameter<\/li>\n<li>Ultrastark<\/li>\n<li>Enkel pilborttagning med 2 fingrar<\/li>\n<li>B\u00e4rhandtag<\/li>\n<li>\u00d6ljetter f\u00f6r upph\u00e4ngning<\/li>\n<\/ul>\n<p>Maximal kvantitet av en artikel per best\u00e4llning. F\u00f6r mer information om st\u00f6rre best\u00e4llningar, v\u00e4nligen kontakta info@huntersfriend.eu <\/p>\n","protected":false},"excerpt":{"rendered":"<p>Med sin mest extrema stoppkraft n\u00e5gonsin introducerar Hurricane Bag-m\u00e5lskivorna Hurricane Cat 5. Anv\u00e4ndare kommer att bli \u00f6verv\u00e4ldigade av pilstoppningsf\u00f6rm\u00e5gan hos den f\u00f6rst\u00e4rkta Hurricane Tri-Core-tekniken som har visat sig stoppa (standarddiameter) f\u00e4ltspetspilar och bultar vid upp till 650 F.P.S.! Den 25 tum x 25 tum stora, sj\u00e4lvst\u00e5ende designen med \u00f6ljetter i h\u00f6rnen och b\u00e4rhandtag \u00e4r speciellt [&#8230;]\n","protected":false},"featured_media":247981,"comment_status":"open","ping_status":"closed","template":"","meta":[],"product_brand":[],"product_cat":[2765,2791],"product_tag":[],"class_list":{"0":"post-287374","1":"product","2":"type-product","3":"status-publish","4":"has-post-thumbnail","6":"product_cat-fyndlada-slutrea","7":"product_cat-vaskmal","8":"product_shipping_class-big-sv","10":"first","11":"instock","12":"sale","13":"featured","14":"taxable","15":"shipping-taxable","16":"purchasable","17":"product-type-simple"},"composite_virtual":false,"composite_layout":"","composite_add_to_cart_form_location":"","composite_editable_in_cart":false,"composite_sold_individually_context":"","composite_shop_price_calc":"","composite_components":[],"composite_scenarios":[],"group_of_quantity":0,"min_quantity":0,"max_quantity":"","exclude_order_quantity_value_rules":"no","exclude_category_quantity_rules":"no","combine_variations":"no","exclude_global_add_ons":[],"addons":[],"_links":{"self":[{"href":"https:\/\/www.huntersfriend.eu\/sv\/wp-json\/wp\/v2\/product\/287374","targetHints":{"allow":["GET"]}}],"collection":[{"href":"https:\/\/www.huntersfriend.eu\/sv\/wp-json\/wp\/v2\/product"}],"about":[{"href":"https:\/\/www.huntersfriend.eu\/sv\/wp-json\/wp\/v2\/types\/product"}],"replies":[{"embeddable":true,"href":"https:\/\/www.huntersfriend.eu\/sv\/wp-json\/wp\/v2\/comments?post=287374"}],"wp:featuredmedia":[{"embeddable":true,"href":"https:\/\/www.huntersfriend.eu\/sv\/wp-json\/wp\/v2\/media\/247981"}],"wp:attachment":[{"href":"https:\/\/www.huntersfriend.eu\/sv\/wp-json\/wp\/v2\/media?parent=287374"}],"wp:term":[{"taxonomy":"product_brand","embeddable":true,"href":"https:\/\/www.huntersfriend.eu\/sv\/wp-json\/wp\/v2\/product_brand?post=287374"},{"taxonomy":"product_cat","embeddable":true,"href":"https:\/\/www.huntersfriend.eu\/sv\/wp-json\/wp\/v2\/product_cat?post=287374"},{"taxonomy":"product_tag","embeddable":true,"href":"https:\/\/www.huntersfriend.eu\/sv\/wp-json\/wp\/v2\/product_tag?post=287374"}],"curies":[{"name":"wp","href":"https:\/\/api.w.org\/{rel}","templated":true}]}}