{"id":287373,"date":"2023-05-08T12:08:12","date_gmt":"2023-05-08T10:08:12","guid":{"rendered":"https:\/\/www.huntersfriend.eu\/product\/tightspot-rise-pilkoger\/"},"modified":"2026-03-26T13:45:25","modified_gmt":"2026-03-26T11:45:25","slug":"tightspot-rise-pilkoger","status":"publish","type":"product","link":"https:\/\/www.huntersfriend.eu\/sv\/produkt\/tightspot-rise-pilkoger\/","title":{"rendered":"Tightspot Rise pilkoger"},"content":{"rendered":"<p>Detta f\u00f6rstklassiga, kompakta 5-pilars koger har utvecklats speciellt med tanke p\u00e5 j\u00e4gare i torn. Ultrakompakt f\u00f6r man\u00f6vrerbarhet vid skytte med kogret p\u00e5 och l\u00e4tt att ta bort och h\u00e4nga om du skjuter med kogret av. Dessutom passar Rise-kogret t\u00e4tare mot pilb\u00e5gen och har mer justerbarhet \u00e4n konkurrentens koger fr\u00e5n det &#8221;st\u00f6rsta pilb\u00e5gsm\u00e4rket&#8221;. Dessutom \u00e4r det mer prisv\u00e4rt.   <\/p>\n<ul>\n<li><b>PREMIUMKONSTRUKTION:<\/b> Aluminium och v\u00e4vd kolfiber f\u00f6r viktminskning och maximal h\u00e5llbarhet.<\/li>\n<li><b>INBYGGD H\u00c4NGARE:<\/b> Har en robust och h\u00e5llbar h\u00e4ng\u00f6gla f\u00f6r dem som f\u00f6redrar att ta bort kogret fr\u00e5n pilb\u00e5gen n\u00e4r de \u00e4r i tornet.<\/li>\n<li><b>STOR VENTILERAD HUVDESIGN:<\/b> Konstruerad speciellt f\u00f6r att rymma dagens st\u00f6rre och l\u00e4ngre fasta blad och expanderbara spetsar.<\/li>\n<li><b>SEKUND\u00c4RT GREPP:<\/b> Extra s\u00e4kerhet f\u00f6r alla storlekar av pil- och spetskombinationer. Fasta blad h\u00e5ller sig skarpa och expanderbara kan inte utl\u00f6sas i f\u00f6rtid. <\/li>\n<li><b>B\u00c4TTRE PILB\u00c5GSBALANS:<\/b> TightSpot-kogret med den exklusiva 3-v\u00e4gsjusteringen ger finjustering av pilb\u00e5gsbalansen med hj\u00e4lp av kogret. Justera upp, ner, fram\u00e5t, bak\u00e5t, in och ut. Resultatet \u00e4r en exakt balanserad pilb\u00e5ge som \u00f6kar noggrannheten.  <\/li>\n<li><b>PRAKTISKT TAGET INGET VRIDMOMENT:<\/b> TightSpot \u00e4r v\u00e4rldens f\u00f6rsta koger med l\u00e5gt vridmoment. Det sitter t\u00e4tt mot pilb\u00e5gen och \u00e4r exceptionellt l\u00e4tt. Detta minskar vridmomentet vid skott avsev\u00e4rt.  <\/li>\n<li><b>H\u00c5LLER PILARNA T\u00c4TT:<\/b> Det patenterade Bulldog Gripper-systemet, med Arrow Wedges, ger individuellt justerbar pilsp\u00e4nning. Justerbar f\u00f6r att passa n\u00e4stan alla pildiametrar. <\/li>\n<li><b>SNABB FRIG\u00d6RING:<\/b> L\u00e5ter dig rotera kogret fram\u00e5t eller bak\u00e5t f\u00f6r att finjustera pilb\u00e5gsbalansen.<\/li>\n<li><b>VIKT:<\/b> 312 g<\/li>\n<\/ul>\n","protected":false},"excerpt":{"rendered":"<p>Detta f\u00f6rstklassiga, kompakta 5-pilars koger har utvecklats speciellt med tanke p\u00e5 j\u00e4gare i torn. Ultrakompakt f\u00f6r man\u00f6vrerbarhet vid skytte med kogret p\u00e5 och l\u00e4tt att ta bort och h\u00e4nga om du skjuter med kogret av. Dessutom passar Rise-kogret t\u00e4tare mot pilb\u00e5gen och har mer justerbarhet \u00e4n konkurrentens koger fr\u00e5n det &#8221;st\u00f6rsta pilb\u00e5gsm\u00e4rket&#8221;. Dessutom \u00e4r det [&#8230;]\n","protected":false},"featured_media":248157,"comment_status":"open","ping_status":"closed","template":"","meta":[],"product_brand":[],"product_cat":[2765,2895],"product_tag":[],"class_list":{"0":"post-287373","1":"product","2":"type-product","3":"status-publish","4":"has-post-thumbnail","6":"product_cat-fyndlada-slutrea","7":"product_cat-koger-for-pilbage-och-jakt","9":"first","10":"instock","11":"sale","12":"taxable","13":"shipping-taxable","14":"purchasable","15":"product-type-variable"},"composite_virtual":false,"composite_layout":"","composite_add_to_cart_form_location":"","composite_editable_in_cart":false,"composite_sold_individually_context":"","composite_shop_price_calc":"","composite_components":[],"composite_scenarios":[],"group_of_quantity":0,"min_quantity":0,"max_quantity":"","exclude_order_quantity_value_rules":"no","exclude_category_quantity_rules":"no","combine_variations":"no","exclude_global_add_ons":[],"addons":[],"_links":{"self":[{"href":"https:\/\/www.huntersfriend.eu\/sv\/wp-json\/wp\/v2\/product\/287373","targetHints":{"allow":["GET"]}}],"collection":[{"href":"https:\/\/www.huntersfriend.eu\/sv\/wp-json\/wp\/v2\/product"}],"about":[{"href":"https:\/\/www.huntersfriend.eu\/sv\/wp-json\/wp\/v2\/types\/product"}],"replies":[{"embeddable":true,"href":"https:\/\/www.huntersfriend.eu\/sv\/wp-json\/wp\/v2\/comments?post=287373"}],"wp:featuredmedia":[{"embeddable":true,"href":"https:\/\/www.huntersfriend.eu\/sv\/wp-json\/wp\/v2\/media\/248157"}],"wp:attachment":[{"href":"https:\/\/www.huntersfriend.eu\/sv\/wp-json\/wp\/v2\/media?parent=287373"}],"wp:term":[{"taxonomy":"product_brand","embeddable":true,"href":"https:\/\/www.huntersfriend.eu\/sv\/wp-json\/wp\/v2\/product_brand?post=287373"},{"taxonomy":"product_cat","embeddable":true,"href":"https:\/\/www.huntersfriend.eu\/sv\/wp-json\/wp\/v2\/product_cat?post=287373"},{"taxonomy":"product_tag","embeddable":true,"href":"https:\/\/www.huntersfriend.eu\/sv\/wp-json\/wp\/v2\/product_tag?post=287373"}],"curies":[{"name":"wp","href":"https:\/\/api.w.org\/{rel}","templated":true}]}}