{"id":287369,"date":"2023-05-05T03:42:06","date_gmt":"2023-05-05T01:42:06","guid":{"rendered":"https:\/\/www.huntersfriend.eu\/product\/glendel-buck-med-4-sidig-karna\/"},"modified":"2025-08-27T06:22:45","modified_gmt":"2025-08-27T04:22:45","slug":"glendel-buck-med-4-sidig-karna","status":"publish","type":"product","link":"https:\/\/www.huntersfriend.eu\/sv\/produkt\/glendel-buck-med-4-sidig-karna\/","title":{"rendered":"Glendel Buck med 4-sidig k\u00e4rna"},"content":{"rendered":"<ul>\n<li>\u00d6ppen, skiktad polyfusionsteknik<\/li>\n<li>Enkel pilborttagning! Genom att sammanfoga de inre skikten med m\u00e5ltavlans inre v\u00e4gg uppn\u00e5s en j\u00e4mnare skiktkompression, vilket i sin tur inneb\u00e4r enklare pilborttagning. Och enklare pilborttagning inneb\u00e4r mindre skyttetr\u00f6tthet, vilket inneb\u00e4r att du f\u00e5r mer och b\u00e4ttre tr\u00e4ning!  <\/li>\n<li>L\u00e4ngre livsl\u00e4ngd p\u00e5 m\u00e5ltavlan! PolyFusion\u2122 resulterar ocks\u00e5 i en l\u00e4ngre livsl\u00e4ngd p\u00e5 m\u00e5ltavlan. Eftersom skikten \u00e4r sammanfogade p\u00e5 plats, h\u00e5ller de sin position. Pilar hittar sin v\u00e4g mellan skikten. Tidigare, n\u00e4r en pil tr\u00e4ffade ett skikt rakt p\u00e5, skulle skiktet bukta sig. Detta resulterade i skador p\u00e5 skiktet som minskade m\u00e5ltavlans livsl\u00e4ngd.     <\/li>\n<li>Utbytbar insats f\u00f6r l\u00e4ngre livsl\u00e4ngd p\u00e5 m\u00e5ltavlan<\/li>\n<li>Stoppar upp till 440 FPS med pilar av standarddiameter<\/li>\n<\/ul>\n<p><strong>Andra funktioner:<\/strong><\/p>\n<ul>\n<li>Kroppsstorlek som en 200 lb (ca 90 kg) levande vitsvanshjort <\/li>\n<li>5 g\u00e5nger st\u00f6rre skjutomr\u00e5de p\u00e5 insatsens yta<\/li>\n<li>Axelh\u00f6jd p\u00e5 34 tum (ca 86 cm)<\/li>\n<li>Utbytbar insats 11\u201dx11\u201dx11\u201d (ca 28x28x28 cm)<\/li>\n<\/ul>\n<p>GlenDel Buck erbjuder en fullvuxen 3D-m\u00e5ltavla av vitsvanshjort med polyfusionsteknik f\u00f6r att \u00f6ka m\u00e5ltavlans livsl\u00e4ngd och erbjuda enkel pilborttagning, utbytbar 4-sidig k\u00e4rna f\u00f6rl\u00e4nger skjuttiden och \u00f6kar h\u00e5llbarheten och livsl\u00e4ngden. Perfekt f\u00f6r verklighetstrogen jakttr\u00e4ning. <\/p>\n<p>Maximal kvantitet av en artikel per best\u00e4llning. F\u00f6r mer information om st\u00f6rre best\u00e4llningar, v\u00e4nligen kontakta info@huntersfriend.eu <\/p>\n","protected":false},"excerpt":{"rendered":"<p>\u00d6ppen, skiktad polyfusionsteknik Enkel pilborttagning! Genom att sammanfoga de inre skikten med m\u00e5ltavlans inre v\u00e4gg uppn\u00e5s en j\u00e4mnare skiktkompression, vilket i sin tur inneb\u00e4r enklare pilborttagning. Och enklare pilborttagning inneb\u00e4r mindre skyttetr\u00f6tthet, vilket inneb\u00e4r att du f\u00e5r mer och b\u00e4ttre tr\u00e4ning! L\u00e4ngre livsl\u00e4ngd p\u00e5 m\u00e5ltavlan! PolyFusion\u2122 resulterar ocks\u00e5 i en l\u00e4ngre livsl\u00e4ngd p\u00e5 m\u00e5ltavlan. Eftersom [&#8230;]\n","protected":false},"featured_media":248066,"comment_status":"open","ping_status":"closed","template":"","meta":[],"product_brand":[],"product_cat":[878],"product_tag":[],"class_list":{"0":"post-287369","1":"product","2":"type-product","3":"status-publish","4":"has-post-thumbnail","6":"product_cat-uncategorized-sv","7":"product_shipping_class-big-sv","9":"first","10":"outofstock","11":"taxable","12":"shipping-taxable","13":"purchasable","14":"product-type-simple"},"composite_virtual":false,"composite_layout":"","composite_add_to_cart_form_location":"","composite_editable_in_cart":false,"composite_sold_individually_context":"","composite_shop_price_calc":"","composite_components":[],"composite_scenarios":[],"group_of_quantity":0,"min_quantity":0,"max_quantity":"","exclude_order_quantity_value_rules":"no","exclude_category_quantity_rules":"no","combine_variations":"no","exclude_global_add_ons":[],"addons":[],"_links":{"self":[{"href":"https:\/\/www.huntersfriend.eu\/sv\/wp-json\/wp\/v2\/product\/287369","targetHints":{"allow":["GET"]}}],"collection":[{"href":"https:\/\/www.huntersfriend.eu\/sv\/wp-json\/wp\/v2\/product"}],"about":[{"href":"https:\/\/www.huntersfriend.eu\/sv\/wp-json\/wp\/v2\/types\/product"}],"replies":[{"embeddable":true,"href":"https:\/\/www.huntersfriend.eu\/sv\/wp-json\/wp\/v2\/comments?post=287369"}],"wp:featuredmedia":[{"embeddable":true,"href":"https:\/\/www.huntersfriend.eu\/sv\/wp-json\/wp\/v2\/media\/248066"}],"wp:attachment":[{"href":"https:\/\/www.huntersfriend.eu\/sv\/wp-json\/wp\/v2\/media?parent=287369"}],"wp:term":[{"taxonomy":"product_brand","embeddable":true,"href":"https:\/\/www.huntersfriend.eu\/sv\/wp-json\/wp\/v2\/product_brand?post=287369"},{"taxonomy":"product_cat","embeddable":true,"href":"https:\/\/www.huntersfriend.eu\/sv\/wp-json\/wp\/v2\/product_cat?post=287369"},{"taxonomy":"product_tag","embeddable":true,"href":"https:\/\/www.huntersfriend.eu\/sv\/wp-json\/wp\/v2\/product_tag?post=287369"}],"curies":[{"name":"wp","href":"https:\/\/api.w.org\/{rel}","templated":true}]}}