{"id":287368,"date":"2023-05-08T11:05:49","date_gmt":"2023-05-08T09:05:49","guid":{"rendered":"https:\/\/www.huntersfriend.eu\/product\/tightspot-pivot-2-delat-pilkoger-for-pilbage\/"},"modified":"2026-03-26T13:45:25","modified_gmt":"2026-03-26T11:45:25","slug":"tightspot-pivot-2-delat-pilkoger-for-pilbage","status":"publish","type":"product","link":"https:\/\/www.huntersfriend.eu\/sv\/produkt\/tightspot-pivot-2-delat-pilkoger-for-pilbage\/","title":{"rendered":"Tightspot pivot 2-delat pilkoger f\u00f6r pilb\u00e5ge"},"content":{"rendered":"<h2 class=\"subheader\">Premium 2-delat fullt justerbart koger<\/h2>\n<p>V\u00e4rldens mest justerbara 2-delade koger f\u00f6r perfekt anpassad passform. Den trippelaxliga justeringen (in\/ut, upp\/ner och fram\u00e5t\/bak\u00e5t) m\u00f6jligg\u00f6r ett komplett justeringsomr\u00e5de. <\/p>\n<ul>\n<li><b>2-DELAT:<\/b> Det enda fullt justerbara 2-delade som ger maximal pil-s\u00e4kerhet, noll ljud och perfekt balans f\u00f6r pilb\u00e5gen.<\/li>\n<li><b>KOMPLETT JUSTERBARHET:<\/b> Den fullst\u00e4ndiga trippelaxliga justeringen m\u00f6jligg\u00f6r det bredaste justeringsomr\u00e5det f\u00f6r 2-delade kograr.<\/li>\n<li><b>B\u00c4TTRE BALANS:<\/b> Perfekt stabilitet och balans med det dubbell\u00e5sande kogersystemet och inbyggd motvikt.<\/li>\n<li><b>PREMIUMKONSTRUKTION:<\/b> Aluminium och v\u00e4vd kolfiber f\u00f6r viktminskning och maximal h\u00e5llbarhet.<\/li>\n<li><b>F\u00d6RFORMAT SKUMHUVINL\u00c4GG:<\/b> Accepterar fasta eller mekaniska spetsar och sl\u00f6ar inte ner bladen.<\/li>\n<li><b>BULLDOG-GRIPPARE:<\/b> Justerbara pilkilar anpassar sig till praktiskt taget alla pildiametrar. Inneh\u00e5ller en Quick-Draw-pilfunktion som placerar en andra pil redo f\u00f6r snabba uppf\u00f6ljningsskott. <\/li>\n<li><b>VIKT:<\/b> 255 g (inklusive h\u00e5rdvara) <\/li>\n<li><b>PASSAR DE FLESTA B\u00c5GMODELLER:<\/b> Flera adaptrar ing\u00e5r f\u00f6r att passa de flesta b\u00e5gmodeller med en av dessa monteringsh\u00e5lsformer:<br \/>\n<img decoding=\"async\" src=\"https:\/\/www.tightspotquiver.com\/library\/img\/pivot-parts.jpg\" alt=\"Pivot Koger monteringsdelar\"><\/li>\n<\/ul>\n","protected":false},"excerpt":{"rendered":"<p>Premium 2-delat fullt justerbart koger V\u00e4rldens mest justerbara 2-delade koger f\u00f6r perfekt anpassad passform. Den trippelaxliga justeringen (in\/ut, upp\/ner och fram\u00e5t\/bak\u00e5t) m\u00f6jligg\u00f6r ett komplett justeringsomr\u00e5de. 2-DELAT: Det enda fullt justerbara 2-delade som ger maximal pil-s\u00e4kerhet, noll ljud och perfekt balans f\u00f6r pilb\u00e5gen. KOMPLETT JUSTERBARHET: Den fullst\u00e4ndiga trippelaxliga justeringen m\u00f6jligg\u00f6r det bredaste justeringsomr\u00e5det f\u00f6r 2-delade kograr. [&#8230;]\n","protected":false},"featured_media":215720,"comment_status":"open","ping_status":"closed","template":"","meta":[],"product_brand":[],"product_cat":[2765,2895],"product_tag":[],"class_list":{"0":"post-287368","1":"product","2":"type-product","3":"status-publish","4":"has-post-thumbnail","6":"product_cat-fyndlada-slutrea","7":"product_cat-koger-for-pilbage-och-jakt","9":"first","10":"instock","11":"sale","12":"taxable","13":"shipping-taxable","14":"purchasable","15":"product-type-variable"},"composite_virtual":false,"composite_layout":"","composite_add_to_cart_form_location":"","composite_editable_in_cart":false,"composite_sold_individually_context":"","composite_shop_price_calc":"","composite_components":[],"composite_scenarios":[],"group_of_quantity":0,"min_quantity":0,"max_quantity":"","exclude_order_quantity_value_rules":"no","exclude_category_quantity_rules":"no","combine_variations":"no","exclude_global_add_ons":[],"addons":[],"_links":{"self":[{"href":"https:\/\/www.huntersfriend.eu\/sv\/wp-json\/wp\/v2\/product\/287368","targetHints":{"allow":["GET"]}}],"collection":[{"href":"https:\/\/www.huntersfriend.eu\/sv\/wp-json\/wp\/v2\/product"}],"about":[{"href":"https:\/\/www.huntersfriend.eu\/sv\/wp-json\/wp\/v2\/types\/product"}],"replies":[{"embeddable":true,"href":"https:\/\/www.huntersfriend.eu\/sv\/wp-json\/wp\/v2\/comments?post=287368"}],"wp:featuredmedia":[{"embeddable":true,"href":"https:\/\/www.huntersfriend.eu\/sv\/wp-json\/wp\/v2\/media\/215720"}],"wp:attachment":[{"href":"https:\/\/www.huntersfriend.eu\/sv\/wp-json\/wp\/v2\/media?parent=287368"}],"wp:term":[{"taxonomy":"product_brand","embeddable":true,"href":"https:\/\/www.huntersfriend.eu\/sv\/wp-json\/wp\/v2\/product_brand?post=287368"},{"taxonomy":"product_cat","embeddable":true,"href":"https:\/\/www.huntersfriend.eu\/sv\/wp-json\/wp\/v2\/product_cat?post=287368"},{"taxonomy":"product_tag","embeddable":true,"href":"https:\/\/www.huntersfriend.eu\/sv\/wp-json\/wp\/v2\/product_tag?post=287368"}],"curies":[{"name":"wp","href":"https:\/\/api.w.org\/{rel}","templated":true}]}}