{"id":287367,"date":"2023-05-05T03:42:05","date_gmt":"2023-05-05T01:42:05","guid":{"rendered":"https:\/\/www.huntersfriend.eu\/product\/block-6-x-6-mal\/"},"modified":"2026-03-18T22:00:13","modified_gmt":"2026-03-18T20:00:13","slug":"block-6-x-6-mal","status":"publish","type":"product","link":"https:\/\/www.huntersfriend.eu\/sv\/produkt\/block-6-x-6-mal\/","title":{"rendered":"Block 6 x 6-m\u00e5l"},"content":{"rendered":"<p><!--more-->BLOCK 6\u00d76-m\u00e5let var f\u00f6rst med att erbjuda 6-sidigt m\u00e5lskytte i BLOCK-serien, f\u00f6rl\u00e4nga m\u00e5lets livsl\u00e4ngd och varierade skjutpositioner, l\u00e4mpligt f\u00f6r anv\u00e4ndning med alla f\u00e4ltspetsar och bredhuvuden, polyfusionsteknik s\u00e4krar lagren till den inre v\u00e4ggen vilket skapar ett mer h\u00e5llbart m\u00e5l med enkel pilborttagning.<\/p>\n<ul>\n<li>46 x 46 x 41 cm<\/li>\n<li>Polyfusionsteknik<\/li>\n<li>Enkel pilborttagning<\/li>\n<li>Stoppar alla f\u00e4ltspetsar och bredhuvuden<\/li>\n<li>Unikt 6-sidigt skytte<\/li>\n<li>Flera siktpunkter p\u00e5 alla sidor<\/li>\n<li>Inbyggt praktiskt b\u00e4rhandtag<\/li>\n<li>Stoppar upp till 400 FPS med pilar av standarddiameter<\/li>\n<\/ul>\n<p>Maximal kvantitet av en artikel per best\u00e4llning. F\u00f6r mer information om st\u00f6rre best\u00e4llningar, v\u00e4nligen kontakta info@huntersfriend.eu <\/p>\n","protected":false},"excerpt":{"rendered":"","protected":false},"featured_media":247998,"comment_status":"open","ping_status":"closed","template":"","meta":[],"product_brand":[],"product_cat":[2894],"product_tag":[],"class_list":{"0":"post-287367","1":"product","2":"type-product","3":"status-publish","4":"has-post-thumbnail","6":"product_cat-kuber-och-blockmal","7":"product_shipping_class-big-sv","9":"first","10":"outofstock","11":"taxable","12":"shipping-taxable","13":"purchasable","14":"product-type-simple"},"composite_virtual":false,"composite_layout":"","composite_add_to_cart_form_location":"","composite_editable_in_cart":false,"composite_sold_individually_context":"","composite_shop_price_calc":"","composite_components":[],"composite_scenarios":[],"group_of_quantity":0,"min_quantity":0,"max_quantity":"","exclude_order_quantity_value_rules":"no","exclude_category_quantity_rules":"no","combine_variations":"no","exclude_global_add_ons":[],"addons":[],"_links":{"self":[{"href":"https:\/\/www.huntersfriend.eu\/sv\/wp-json\/wp\/v2\/product\/287367","targetHints":{"allow":["GET"]}}],"collection":[{"href":"https:\/\/www.huntersfriend.eu\/sv\/wp-json\/wp\/v2\/product"}],"about":[{"href":"https:\/\/www.huntersfriend.eu\/sv\/wp-json\/wp\/v2\/types\/product"}],"replies":[{"embeddable":true,"href":"https:\/\/www.huntersfriend.eu\/sv\/wp-json\/wp\/v2\/comments?post=287367"}],"wp:featuredmedia":[{"embeddable":true,"href":"https:\/\/www.huntersfriend.eu\/sv\/wp-json\/wp\/v2\/media\/247998"}],"wp:attachment":[{"href":"https:\/\/www.huntersfriend.eu\/sv\/wp-json\/wp\/v2\/media?parent=287367"}],"wp:term":[{"taxonomy":"product_brand","embeddable":true,"href":"https:\/\/www.huntersfriend.eu\/sv\/wp-json\/wp\/v2\/product_brand?post=287367"},{"taxonomy":"product_cat","embeddable":true,"href":"https:\/\/www.huntersfriend.eu\/sv\/wp-json\/wp\/v2\/product_cat?post=287367"},{"taxonomy":"product_tag","embeddable":true,"href":"https:\/\/www.huntersfriend.eu\/sv\/wp-json\/wp\/v2\/product_tag?post=287367"}],"curies":[{"name":"wp","href":"https:\/\/api.w.org\/{rel}","templated":true}]}}