{"id":287365,"date":"2023-04-28T15:43:33","date_gmt":"2023-04-28T13:43:33","guid":{"rendered":"https:\/\/www.huntersfriend.eu\/product\/birchwood-casey-foxtrot-skjutstod\/"},"modified":"2025-08-27T06:22:41","modified_gmt":"2025-08-27T04:22:41","slug":"birchwood-casey-foxtrot-skjutstod","status":"publish","type":"product","link":"https:\/\/www.huntersfriend.eu\/sv\/produkt\/birchwood-casey-foxtrot-skjutstod\/","title":{"rendered":"Birchwood Casey foxtrot skjutst\u00f6d"},"content":{"rendered":"<p>MED AVTAGBARA SEKTIONER SOM G\u00d6R ATT DET KAN ANPASSAS TILL B\u00c5DE GEV\u00c4R OCH HANDELDVAPEN, \u00c4R BIRCHWOOD CASEY&#8217;S FOXTROT SKJUTST\u00d6D N\u00c4STAN S\u00c5 M\u00c5NGSIDIGT SOM ETT SKJUTST\u00d6D KAN BLI. B\u00c5DE MITT- OCH BAKRE SEKTIONERNA AV DEN TREDELADE DESIGNEN KAN TAS BORT F\u00d6R ATT GE PRECIS R\u00c4TT PASSFORM F\u00d6R VILKET VAPEN DU \u00c4N ARBETAR MED. SIKTAR DU IN ETT GEV\u00c4R? BEH\u00c5LL HELA ENHETEN SAMMAN. TILLBRINGAR DU LITE TID MED DIN NYA PISTOL? TA BORT DEN BAKRE DELEN OCH S\u00c4TT IG\u00c5NG. ROBUST KONSTRUKTION MED VADDERADE FR\u00c4MRE OCH BAKRE ST\u00d6D \u00c4R TILLVERKADE AV ICKE-MARKERANDE MATERIAL F\u00d6R EXTRA TRYGGHET. JUSTERBAR H\u00d6JD. PASSAR L\u00c4TT DE FLESTA GEV\u00c4R. M\u00c4TER 29,1&#8243;L X 36&#8243;B X 27&#8243;H N\u00c4R DEN \u00c4R HELT MONTERAD.         <\/p>\n<h5>HUVUDFUNKTIONER<\/h5>\n<ul>\n<li>VADDERAD FRAM OCH BAK<\/li>\n<li>ICKE-MARKERANDE MATERIAL<\/li>\n<li>BEKV\u00c4M OCH H\u00c5LLBAR<\/li>\n<li>JUSTERBAR H\u00d6JD<\/li>\n<li>PASSAR DE FLESTA GEV\u00c4R<\/li>\n<li>AVTAGBAR BAKDEL F\u00d6R ANV\u00c4NDNING MED HANDELDVAPEN<\/li>\n<li>AVTAGBAR MITTSEKTION F\u00d6R OBEGR\u00c4NSAD JUSTERING OCH M\u00c5NGSIDIGHET<\/li>\n<\/ul>\n","protected":false},"excerpt":{"rendered":"<p>MED AVTAGBARA SEKTIONER SOM G\u00d6R ATT DET KAN ANPASSAS TILL B\u00c5DE GEV\u00c4R OCH HANDELDVAPEN, \u00c4R BIRCHWOOD CASEY&#8217;S FOXTROT SKJUTST\u00d6D N\u00c4STAN S\u00c5 M\u00c5NGSIDIGT SOM ETT SKJUTST\u00d6D KAN BLI. B\u00c5DE MITT- OCH BAKRE SEKTIONERNA AV DEN TREDELADE DESIGNEN KAN TAS BORT F\u00d6R ATT GE PRECIS R\u00c4TT PASSFORM F\u00d6R VILKET VAPEN DU \u00c4N ARBETAR MED. SIKTAR DU IN [&#8230;]\n","protected":false},"featured_media":249342,"comment_status":"open","ping_status":"closed","template":"","meta":[],"product_brand":[],"product_cat":[2570],"product_tag":[],"class_list":{"0":"post-287365","1":"product","2":"type-product","3":"status-publish","4":"has-post-thumbnail","6":"product_cat-stodpinnar-och-skjutstod","8":"first","9":"instock","10":"taxable","11":"shipping-taxable","12":"purchasable","13":"product-type-simple"},"composite_virtual":false,"composite_layout":"","composite_add_to_cart_form_location":"","composite_editable_in_cart":false,"composite_sold_individually_context":"","composite_shop_price_calc":"","composite_components":[],"composite_scenarios":[],"group_of_quantity":0,"min_quantity":0,"max_quantity":"","exclude_order_quantity_value_rules":"no","exclude_category_quantity_rules":"no","combine_variations":"no","exclude_global_add_ons":[],"addons":[],"_links":{"self":[{"href":"https:\/\/www.huntersfriend.eu\/sv\/wp-json\/wp\/v2\/product\/287365","targetHints":{"allow":["GET"]}}],"collection":[{"href":"https:\/\/www.huntersfriend.eu\/sv\/wp-json\/wp\/v2\/product"}],"about":[{"href":"https:\/\/www.huntersfriend.eu\/sv\/wp-json\/wp\/v2\/types\/product"}],"replies":[{"embeddable":true,"href":"https:\/\/www.huntersfriend.eu\/sv\/wp-json\/wp\/v2\/comments?post=287365"}],"wp:featuredmedia":[{"embeddable":true,"href":"https:\/\/www.huntersfriend.eu\/sv\/wp-json\/wp\/v2\/media\/249342"}],"wp:attachment":[{"href":"https:\/\/www.huntersfriend.eu\/sv\/wp-json\/wp\/v2\/media?parent=287365"}],"wp:term":[{"taxonomy":"product_brand","embeddable":true,"href":"https:\/\/www.huntersfriend.eu\/sv\/wp-json\/wp\/v2\/product_brand?post=287365"},{"taxonomy":"product_cat","embeddable":true,"href":"https:\/\/www.huntersfriend.eu\/sv\/wp-json\/wp\/v2\/product_cat?post=287365"},{"taxonomy":"product_tag","embeddable":true,"href":"https:\/\/www.huntersfriend.eu\/sv\/wp-json\/wp\/v2\/product_tag?post=287365"}],"curies":[{"name":"wp","href":"https:\/\/api.w.org\/{rel}","templated":true}]}}