{"id":287363,"date":"2023-05-04T10:46:49","date_gmt":"2023-05-04T08:46:49","guid":{"rendered":"https:\/\/www.huntersfriend.eu\/product\/block-infinity-mal\/"},"modified":"2026-03-18T22:00:54","modified_gmt":"2026-03-18T20:00:54","slug":"block-infinity-mal","status":"publish","type":"product","link":"https:\/\/www.huntersfriend.eu\/sv\/produkt\/block-infinity-mal\/","title":{"rendered":"Block infinity-m\u00e5l"},"content":{"rendered":"<div class=\"wpb_text_column wpb_content_element \">\n<div class=\"wpb_wrapper\">\n<p>BLOCK, det popul\u00e4raste m\u00e5let f\u00f6r b\u00e5gskytte p\u00e5 marknaden, presenterar <strong>BLOCK Infinity<\/strong>. Byggd kring ett rykte om l\u00e5ngvarig h\u00e5llbarhet, l\u00e5ser BLOCK Infinity in en ny niv\u00e5 av extrem stoppkraft och f\u00f6rl\u00e4ngd livsl\u00e4ngd med exklusiv konstruktion och sexsidig skjutning.<br \/>\nMed hj\u00e4lp av den bepr\u00f6vade stoppkraften i BLOCKs PolyFusion Technology \u00e4r BLOCK Infinity-m\u00e5l konstruerade kring en h\u00f6gdensitetslager av skumk\u00e4rna innesluten med en yttre skumv\u00e4gg som levererar extrem stoppkraft och exceptionell h\u00e5llbarhet, samtidigt som den erbjuder enkel borttagning av pilar. Denna exklusiva teknik g\u00f6r att den yttre ytan kan hj\u00e4lpa till att bromsa pilar, samtidigt som de hittar en v\u00e4g mellan de inre lagren f\u00f6r att stoppa med friktion och inte kraft.  <\/p>\n<p>Den sexsidiga exteri\u00f6ren har sex individuella skjutytor med fem unika m\u00f6nster strategiskt placerade f\u00f6r att f\u00f6rskjuta siktomr\u00e5den f\u00f6r f\u00f6rl\u00e4ngd livsl\u00e4ngd och maximal h\u00e5llbarhet. S\u00e4ker f\u00f6r anv\u00e4ndning med f\u00e4ltspetsar och b\u00e5de fasta och expanderbara bredhuvuden och garanterat att stoppa pilar med standarddiameter som administreras med hastigheter upp till rasande 500 F.P.S.! Tv\u00e5 versioner finns tillg\u00e4ngliga; BLOCK Infinity 20 som m\u00e4ter 20&#8243;x20&#8243; och BLOCK Infinity 22 som m\u00e4ter 22&#8243;x22&#8243;.  <\/p>\n<h4>BLOCK INFINITY ARCHERY TARGET FINNS I 2 OLIKA STORLEKAR:<\/h4>\n<\/div>\n<\/div>\n<div class=\"vc_row wpb_row vc_inner vc_row-fluid\">\n<div class=\"wpb_column vc_column_container vc_col-sm-6\">\n<div class=\"vc_column-inner\">\n<div class=\"wpb_wrapper\">\n<div class=\"wpb_text_column wpb_content_element \">\n<div class=\"wpb_wrapper\">\n<p><strong>BLOCK Infinity 20<br \/>\n<\/strong>Storlek: 20\u2033x20\u2033<\/p>\n<\/div>\n<\/div>\n<\/div>\n<\/div>\n<\/div>\n<div class=\"wpb_column vc_column_container vc_col-sm-6\">\n<div class=\"vc_column-inner\">\n<div class=\"wpb_wrapper\">\n<div class=\"wpb_text_column wpb_content_element \">\n<div class=\"wpb_wrapper\">\n<p><strong>BLOCK Infinity 22<br \/>\n<\/strong>Storlek: 22\u2033x22&#8243;<\/p>\n<\/div>\n<\/div>\n<\/div>\n<\/div>\n<\/div>\n<\/div>\n<p><strong>Observera: Onlinebest\u00e4llningar \u00e4r begr\u00e4nsade till en l\u00e5da per best\u00e4llning. F\u00f6r st\u00f6rre m\u00e4ngder, v\u00e4nligen kontakta kundtj\u00e4nst direkt f\u00f6r att se om leveranskostnader <\/strong><\/p>\n","protected":false},"excerpt":{"rendered":"<p>M\u00e5tt: 18&#8243;x18&#8243;x16&#8243; eller 22&#8243;x 20&#8243;x 11&#8243;<\/p>\n","protected":false},"featured_media":247779,"comment_status":"open","ping_status":"closed","template":"","meta":[],"product_brand":[],"product_cat":[2894],"product_tag":[],"class_list":{"0":"post-287363","1":"product","2":"type-product","3":"status-publish","4":"has-post-thumbnail","6":"product_cat-kuber-och-blockmal","7":"product_shipping_class-big-sv","9":"first","10":"instock","11":"featured","12":"taxable","13":"shipping-taxable","14":"purchasable","15":"product-type-variable"},"composite_virtual":false,"composite_layout":"","composite_add_to_cart_form_location":"","composite_editable_in_cart":false,"composite_sold_individually_context":"","composite_shop_price_calc":"","composite_components":[],"composite_scenarios":[],"group_of_quantity":0,"min_quantity":0,"max_quantity":"","exclude_order_quantity_value_rules":"no","exclude_category_quantity_rules":"no","combine_variations":"no","exclude_global_add_ons":[],"addons":[],"_links":{"self":[{"href":"https:\/\/www.huntersfriend.eu\/sv\/wp-json\/wp\/v2\/product\/287363","targetHints":{"allow":["GET"]}}],"collection":[{"href":"https:\/\/www.huntersfriend.eu\/sv\/wp-json\/wp\/v2\/product"}],"about":[{"href":"https:\/\/www.huntersfriend.eu\/sv\/wp-json\/wp\/v2\/types\/product"}],"replies":[{"embeddable":true,"href":"https:\/\/www.huntersfriend.eu\/sv\/wp-json\/wp\/v2\/comments?post=287363"}],"wp:featuredmedia":[{"embeddable":true,"href":"https:\/\/www.huntersfriend.eu\/sv\/wp-json\/wp\/v2\/media\/247779"}],"wp:attachment":[{"href":"https:\/\/www.huntersfriend.eu\/sv\/wp-json\/wp\/v2\/media?parent=287363"}],"wp:term":[{"taxonomy":"product_brand","embeddable":true,"href":"https:\/\/www.huntersfriend.eu\/sv\/wp-json\/wp\/v2\/product_brand?post=287363"},{"taxonomy":"product_cat","embeddable":true,"href":"https:\/\/www.huntersfriend.eu\/sv\/wp-json\/wp\/v2\/product_cat?post=287363"},{"taxonomy":"product_tag","embeddable":true,"href":"https:\/\/www.huntersfriend.eu\/sv\/wp-json\/wp\/v2\/product_tag?post=287363"}],"curies":[{"name":"wp","href":"https:\/\/api.w.org\/{rel}","templated":true}]}}