{"id":287362,"date":"2023-04-28T15:20:06","date_gmt":"2023-04-28T13:20:06","guid":{"rendered":"https:\/\/www.huntersfriend.eu\/product\/skull-hooker-table-hooker-brun\/"},"modified":"2025-08-27T06:22:39","modified_gmt":"2025-08-27T04:22:39","slug":"skull-hooker-table-hooker-brun","status":"publish","type":"product","link":"https:\/\/www.huntersfriend.eu\/sv\/produkt\/skull-hooker-table-hooker-brun\/","title":{"rendered":"Skull hooker table hooker \u2013 Brun"},"content":{"rendered":"<p>Skull Hookers senaste skapelse, The Table Hooker, \u00e4r perfekt f\u00f6r kontorsbord eller hyllor i hemmet. The Table Hooker visar elegant upp puma, bj\u00f6rn, gaffelantilop, impala, hjort och m\u00e5nga andra sm\u00e5 till medelstora trof\u00e9er v\u00e4rlden \u00f6ver. The Table Hooker \u00e4r fullst\u00e4ndigt anpassningsbar upp och ner f\u00f6r att ge den perfekta uppr\u00e4tta och naturliga presentationen av din trof\u00e9. Konstruerad av starkt pulverlackerat st\u00e5l och erbjuds i tv\u00e5 sl\u00e5ende f\u00e4rger (Robust Brown och Graphite Black). The Table Hooker kr\u00e4ver ingen borrning eller skada p\u00e5 din skalle eftersom tappen passar s\u00e4kert och naturligt in i baksidan av skallen. *Skallen f\u00e5r inte vara skuren eller \u00e4ndrad runt det naturliga h\u00e5let eller cervikalleden p\u00e5 baksidan av skallen.     <\/p>\n<p>Delar som ing\u00e5r: bottenplatta (1), arm (1), tapp (1) och all n\u00f6dv\u00e4ndig h\u00e5rdvara<\/p>\n","protected":false},"excerpt":{"rendered":"<p>Skull Hookers senaste skapelse, The Table Hooker, \u00e4r perfekt f\u00f6r kontorsbord eller hyllor i hemmet. The Table Hooker visar elegant upp puma, bj\u00f6rn, gaffelantilop, impala, hjort och m\u00e5nga andra sm\u00e5 till medelstora trof\u00e9er v\u00e4rlden \u00f6ver. The Table Hooker \u00e4r fullst\u00e4ndigt anpassningsbar upp och ner f\u00f6r att ge den perfekta uppr\u00e4tta och naturliga presentationen av din [&#8230;]\n","protected":false},"featured_media":249353,"comment_status":"open","ping_status":"closed","template":"","meta":[],"product_brand":[],"product_cat":[2847],"product_tag":[],"class_list":{"0":"post-287362","1":"product","2":"type-product","3":"status-publish","4":"has-post-thumbnail","6":"product_cat-taxidermi","8":"first","9":"instock","10":"taxable","11":"shipping-taxable","12":"purchasable","13":"product-type-simple"},"composite_virtual":false,"composite_layout":"","composite_add_to_cart_form_location":"","composite_editable_in_cart":false,"composite_sold_individually_context":"","composite_shop_price_calc":"","composite_components":[],"composite_scenarios":[],"group_of_quantity":0,"min_quantity":0,"max_quantity":"","exclude_order_quantity_value_rules":"no","exclude_category_quantity_rules":"no","combine_variations":"no","exclude_global_add_ons":[],"addons":[],"_links":{"self":[{"href":"https:\/\/www.huntersfriend.eu\/sv\/wp-json\/wp\/v2\/product\/287362","targetHints":{"allow":["GET"]}}],"collection":[{"href":"https:\/\/www.huntersfriend.eu\/sv\/wp-json\/wp\/v2\/product"}],"about":[{"href":"https:\/\/www.huntersfriend.eu\/sv\/wp-json\/wp\/v2\/types\/product"}],"replies":[{"embeddable":true,"href":"https:\/\/www.huntersfriend.eu\/sv\/wp-json\/wp\/v2\/comments?post=287362"}],"wp:featuredmedia":[{"embeddable":true,"href":"https:\/\/www.huntersfriend.eu\/sv\/wp-json\/wp\/v2\/media\/249353"}],"wp:attachment":[{"href":"https:\/\/www.huntersfriend.eu\/sv\/wp-json\/wp\/v2\/media?parent=287362"}],"wp:term":[{"taxonomy":"product_brand","embeddable":true,"href":"https:\/\/www.huntersfriend.eu\/sv\/wp-json\/wp\/v2\/product_brand?post=287362"},{"taxonomy":"product_cat","embeddable":true,"href":"https:\/\/www.huntersfriend.eu\/sv\/wp-json\/wp\/v2\/product_cat?post=287362"},{"taxonomy":"product_tag","embeddable":true,"href":"https:\/\/www.huntersfriend.eu\/sv\/wp-json\/wp\/v2\/product_tag?post=287362"}],"curies":[{"name":"wp","href":"https:\/\/api.w.org\/{rel}","templated":true}]}}