{"id":287357,"date":"2023-04-28T09:17:59","date_gmt":"2023-04-28T07:17:59","guid":{"rendered":"https:\/\/www.huntersfriend.eu\/product\/birchwood-casey-bravo-skjutstod\/"},"modified":"2025-08-27T06:22:38","modified_gmt":"2025-08-27T04:22:38","slug":"birchwood-casey-bravo-skjutstod","status":"publish","type":"product","link":"https:\/\/www.huntersfriend.eu\/sv\/produkt\/birchwood-casey-bravo-skjutstod\/","title":{"rendered":"Birchwood Casey Bravo skjutst\u00f6d"},"content":{"rendered":"<p>BRAVO-SKJUTST\u00d6DET FR\u00c5N BIRCHWOOD CASEY HAR EN DISKRET DESIGN OCH GOTT OM JUSTERINGSM\u00c5N OCH \u00c4R IDEALISKT F\u00d6R SITUATIONER MED LIGGANDE SKJUTST\u00c4LLNING. DEN STYVA ST\u00c5LRAMEN, HALKSKYDDANDE GUMMIKOLVST\u00d6DET OCH JUSTERBARA NIV\u00c5F\u00d6TTER GER EN STABIL GRUND F\u00d6R STABILA SKJUTUPPST\u00c4LLNINGAR G\u00c5NG P\u00c5 G\u00c5NG. PASSAR GEV\u00c4R MED PIPOR S\u00c5 KORTA SOM 7,5 TUM L\u00c5NGA, SAMT DE MED H\u00d6GKAPACITETSMAGASIN, SOM AK OCH AR, OCH Rymmer L\u00c4TT B\u00c5DE V\u00c4NSTER- OCH H\u00d6GERH\u00c4NTA SKYTTAR, TACK VARE DESS DUBBELSIDIGA KONTROLLER. DET FR\u00c4MRE SIKTET KAN JUSTERAS 3,5 TUM I H\u00d6JDLED OCH 3,5 TUM F\u00d6R ATT GE R\u00c4TT GEV\u00c4RSANPASSNING. INTEGRERAT VATTENPASS. TOTAL VIKT: 15 LBS.<\/p>\n<h5>HUVUDFUNKTIONER<\/h5>\n<ul>\n<li>STYV ST\u00c5LRAM<\/li>\n<li>HALKSKYDDANDE GUMMIKOLVST\u00d6D<\/li>\n<li>TOTALVIKT 15 LB<\/li>\n<li>FR\u00c4MRE SIKTE: 3,5 TUM JUSTERBAR H\u00d6JD<\/li>\n<li>3,5 TUM JUSTERING F\u00d6R OLIKA GEV\u00c4RSSTORLEKAR<\/li>\n<li>JUSTERBARA NIV\u00c5F\u00d6TTER<\/li>\n<li>VATTENPASS<\/li>\n<li>PASSAR GEV\u00c4R MED PIPOR S\u00c5 KORTA SOM 7,5 TUM<\/li>\n<li>DUBBELSIDIGA KONTROLLER<\/li>\n<li>PASSAR H\u00d6GKAPACITETSMAGASIN F\u00d6R AK OCH AR<\/li>\n<li>DISKRET DESIGN F\u00d6R LIGGANDE SKJUTST\u00c4LLNING<\/li>\n<\/ul>\n","protected":false},"excerpt":{"rendered":"<p>BRAVO-SKJUTST\u00d6DET FR\u00c5N BIRCHWOOD CASEY HAR EN DISKRET DESIGN OCH GOTT OM JUSTERINGSM\u00c5N OCH \u00c4R IDEALISKT F\u00d6R SITUATIONER MED LIGGANDE SKJUTST\u00c4LLNING. DEN STYVA ST\u00c5LRAMEN, HALKSKYDDANDE GUMMIKOLVST\u00d6DET OCH JUSTERBARA NIV\u00c5F\u00d6TTER GER EN STABIL GRUND F\u00d6R STABILA SKJUTUPPST\u00c4LLNINGAR G\u00c5NG P\u00c5 G\u00c5NG. PASSAR GEV\u00c4R MED PIPOR S\u00c5 KORTA SOM 7,5 TUM L\u00c5NGA, SAMT DE MED H\u00d6GKAPACITETSMAGASIN, SOM AK OCH [&#8230;]\n","protected":false},"featured_media":249345,"comment_status":"open","ping_status":"closed","template":"","meta":[],"product_brand":[],"product_cat":[2570],"product_tag":[],"class_list":{"0":"post-287357","1":"product","2":"type-product","3":"status-publish","4":"has-post-thumbnail","6":"product_cat-stodpinnar-och-skjutstod","8":"first","9":"outofstock","10":"taxable","11":"shipping-taxable","12":"purchasable","13":"product-type-simple"},"composite_virtual":false,"composite_layout":"","composite_add_to_cart_form_location":"","composite_editable_in_cart":false,"composite_sold_individually_context":"","composite_shop_price_calc":"","composite_components":[],"composite_scenarios":[],"group_of_quantity":0,"min_quantity":0,"max_quantity":"","exclude_order_quantity_value_rules":"no","exclude_category_quantity_rules":"no","combine_variations":"no","exclude_global_add_ons":[],"addons":[],"_links":{"self":[{"href":"https:\/\/www.huntersfriend.eu\/sv\/wp-json\/wp\/v2\/product\/287357","targetHints":{"allow":["GET"]}}],"collection":[{"href":"https:\/\/www.huntersfriend.eu\/sv\/wp-json\/wp\/v2\/product"}],"about":[{"href":"https:\/\/www.huntersfriend.eu\/sv\/wp-json\/wp\/v2\/types\/product"}],"replies":[{"embeddable":true,"href":"https:\/\/www.huntersfriend.eu\/sv\/wp-json\/wp\/v2\/comments?post=287357"}],"wp:featuredmedia":[{"embeddable":true,"href":"https:\/\/www.huntersfriend.eu\/sv\/wp-json\/wp\/v2\/media\/249345"}],"wp:attachment":[{"href":"https:\/\/www.huntersfriend.eu\/sv\/wp-json\/wp\/v2\/media?parent=287357"}],"wp:term":[{"taxonomy":"product_brand","embeddable":true,"href":"https:\/\/www.huntersfriend.eu\/sv\/wp-json\/wp\/v2\/product_brand?post=287357"},{"taxonomy":"product_cat","embeddable":true,"href":"https:\/\/www.huntersfriend.eu\/sv\/wp-json\/wp\/v2\/product_cat?post=287357"},{"taxonomy":"product_tag","embeddable":true,"href":"https:\/\/www.huntersfriend.eu\/sv\/wp-json\/wp\/v2\/product_tag?post=287357"}],"curies":[{"name":"wp","href":"https:\/\/api.w.org\/{rel}","templated":true}]}}