{"id":287356,"date":"2023-05-04T04:04:07","date_gmt":"2023-05-04T02:04:07","guid":{"rendered":"https:\/\/www.huntersfriend.eu\/product\/scentlok-be1-reactorvast-svart\/"},"modified":"2025-08-27T06:22:38","modified_gmt":"2025-08-27T04:22:38","slug":"scentlok-be1-reactorvast-svart","status":"publish","type":"product","link":"https:\/\/www.huntersfriend.eu\/sv\/produkt\/scentlok-be1-reactorvast-svart\/","title":{"rendered":"Scentlok BE:1 reactorv\u00e4st &#8211; svart"},"content":{"rendered":"<p>Ett av de mest popul\u00e4ra kl\u00e4desplaggen i v\u00e5rt sortiment. En riktig livr\u00e4ddare under l\u00e5nga, kalla jakter!! <\/p>\n<p>Den m\u00e5ngsidiga ScentLok BE:1 Reactor Vest PLUS ger j\u00e4gare fyra olika niv\u00e5er av v\u00e4rme efter behov f\u00f6r att hj\u00e4lpa dem att h\u00e5lla sig bekv\u00e4ma p\u00e5 passet i alla f\u00f6rh\u00e5llanden. Liksom andra plagg i BE:1 Reactor-serien \u00e4r denna unika, multifunktionella v\u00e4st konstruerad med Thinsulate-isolering f\u00f6r att skapa v\u00e4rme utan att vara skrymmande, s\u00e5 den integreras enkelt i alla lagersystem. N\u00e4r ytterligare v\u00e4rme \u00f6nskas levererar de integrerade v\u00e4rmeelementen inuti k\u00e4rnomr\u00e5dena p\u00e5 BE:1 Reactor Vest PLUS tre niv\u00e5er av extra v\u00e4rme via en inbyggd USB-str\u00f6mkabel och enkel enknappskontroll. BE:1 Reactor Vest PLUS kan drivas av valfritt 5V\/2A-batteri eller powerbank (ing\u00e5r ej). Med ett ultratyst premium micro tricot-tyg, design med tre fickor och bevisat d\u00f6dlig Carbon Alloy<sup>TM<\/sup>-teknik f\u00f6r maximal luktabsorption, finns den multifunktionella BE:1 Reactor Vest PLUS i sex olika storlekar och tre camouflagem\u00f6nster, plus svart, f\u00f6r att m\u00f6ta de individuella behoven och preferenserna hos alla j\u00e4gare. H\u00e5ll dig varm i alla f\u00f6rh\u00e5llanden s\u00e5 att du kan sitta l\u00e4ngre och komma n\u00e4rmare; den mycket m\u00e5ngsidiga ScentLok BE:1 Reactor Vest PLUS \u00e4r ett viktigt plagg f\u00f6r alla j\u00e4gare.     <\/p>\n<ul>\n<li><strong>Carbon Alloy\u2122 technology<\/strong><br \/>\nF\u00f6r maximal luktabsorption<\/li>\n<li><strong>Inbyggda v\u00e4rmeelement med 3 olika utg\u00e5ngar<\/strong><br \/>\nGer den perfekta m\u00e4ngden v\u00e4rme i alla situationer<\/li>\n<li><strong>Premium micro tricot fabric<\/strong><br \/>\nGer avg\u00f6rande tystnad<\/li>\n<li><strong>150g Thinsulate\u2122 insulation<\/strong><br \/>\nF\u00f6r v\u00e4rme utan att vara skrymmande<\/li>\n<li><strong>Design med tre fickor<\/strong><br \/>\nF\u00f6r att h\u00e5lla din viktiga utrustning s\u00e4ker<\/li>\n<li><strong>Inbyggd USB-str\u00f6mkabel<\/strong><br \/>\nKompatibel med valfritt 5V\/2A-batteri eller powerbank<\/li>\n<li><strong>Enkel enknappsdesign<\/strong><br \/>\nAktiverar v\u00e4rmeelementen<\/li>\n<\/ul>\n<p><strong>* 5V\/2A-batteri kr\u00e4vs f\u00f6r anv\u00e4ndning och ing\u00e5r inte i v\u00e4sten. F\u00f6r optimal anv\u00e4ndning, kombinera BE:1 Reactor Heated Vest med en 20 000 mAh powerbank <\/strong><\/p>\n<p><strong>Batterif\u00f6rbrukning per timme:<\/strong><\/p>\n<ul>\n<li>H\u00f6g = 2100 mAh<\/li>\n<li>Medium = 1572 mAh<\/li>\n<li>L\u00e5g = 1050 mAh<\/li>\n<\/ul>\n<p><a href=\"https:\/\/www.huntersfriend.eu\/app\/uploads\/2022\/05\/Scentlok-kokoataulukko.jpg\"><img decoding=\"async\" class=\"alignnone wp-image-231010 \" src=\"https:\/\/www.huntersfriend.eu\/app\/uploads\/2022\/05\/Scentlok-kokoataulukko-391x600.jpg\" alt=\"\" width=\"309\" height=\"474\" srcset=\"https:\/\/www.huntersfriend.eu\/app\/uploads\/2022\/05\/Scentlok-kokoataulukko-391x600.jpg 391w, https:\/\/www.huntersfriend.eu\/app\/uploads\/2022\/05\/Scentlok-kokoataulukko-667x1024.jpg 667w, https:\/\/www.huntersfriend.eu\/app\/uploads\/2022\/05\/Scentlok-kokoataulukko-768x1179.jpg 768w, https:\/\/www.huntersfriend.eu\/app\/uploads\/2022\/05\/Scentlok-kokoataulukko-1001x1536.jpg 1001w, https:\/\/www.huntersfriend.eu\/app\/uploads\/2022\/05\/Scentlok-kokoataulukko-195x300.jpg 195w, https:\/\/www.huntersfriend.eu\/app\/uploads\/2022\/05\/Scentlok-kokoataulukko-130x200.jpg 130w, https:\/\/www.huntersfriend.eu\/app\/uploads\/2022\/05\/Scentlok-kokoataulukko-39x60.jpg 39w, https:\/\/www.huntersfriend.eu\/app\/uploads\/2022\/05\/Scentlok-kokoataulukko-59x90.jpg 59w, https:\/\/www.huntersfriend.eu\/app\/uploads\/2022\/05\/Scentlok-kokoataulukko.jpg 1224w\" sizes=\"(max-width: 309px) 100vw, 309px\" \/><\/a><\/p>\n","protected":false},"excerpt":{"rendered":"<p>Ett av de mest popul\u00e4ra kl\u00e4desplaggen i v\u00e5rt sortiment. En riktig livr\u00e4ddare under l\u00e5nga, kalla jakter!! Den m\u00e5ngsidiga ScentLok BE:1 Reactor Vest PLUS ger j\u00e4gare fyra olika niv\u00e5er av v\u00e4rme efter behov f\u00f6r att hj\u00e4lpa dem att h\u00e5lla sig bekv\u00e4ma p\u00e5 passet i alla f\u00f6rh\u00e5llanden. Liksom andra plagg i BE:1 Reactor-serien \u00e4r denna unika, multifunktionella [&#8230;]\n","protected":false},"featured_media":248004,"comment_status":"open","ping_status":"closed","template":"","meta":[],"product_brand":[],"product_cat":[2765,2580,2861],"product_tag":[],"class_list":{"0":"post-287356","1":"product","2":"type-product","3":"status-publish","4":"has-post-thumbnail","6":"product_cat-fyndlada-slutrea","7":"product_cat-lager-pa-lager","8":"product_cat-vastar","10":"first","11":"instock","12":"sale","13":"featured","14":"taxable","15":"shipping-taxable","16":"purchasable","17":"product-type-variable"},"composite_virtual":false,"composite_layout":"","composite_add_to_cart_form_location":"","composite_editable_in_cart":false,"composite_sold_individually_context":"","composite_shop_price_calc":"","composite_components":[],"composite_scenarios":[],"group_of_quantity":0,"min_quantity":0,"max_quantity":"","exclude_order_quantity_value_rules":"no","exclude_category_quantity_rules":"no","combine_variations":"no","exclude_global_add_ons":[],"addons":[],"_links":{"self":[{"href":"https:\/\/www.huntersfriend.eu\/sv\/wp-json\/wp\/v2\/product\/287356","targetHints":{"allow":["GET"]}}],"collection":[{"href":"https:\/\/www.huntersfriend.eu\/sv\/wp-json\/wp\/v2\/product"}],"about":[{"href":"https:\/\/www.huntersfriend.eu\/sv\/wp-json\/wp\/v2\/types\/product"}],"replies":[{"embeddable":true,"href":"https:\/\/www.huntersfriend.eu\/sv\/wp-json\/wp\/v2\/comments?post=287356"}],"wp:featuredmedia":[{"embeddable":true,"href":"https:\/\/www.huntersfriend.eu\/sv\/wp-json\/wp\/v2\/media\/248004"}],"wp:attachment":[{"href":"https:\/\/www.huntersfriend.eu\/sv\/wp-json\/wp\/v2\/media?parent=287356"}],"wp:term":[{"taxonomy":"product_brand","embeddable":true,"href":"https:\/\/www.huntersfriend.eu\/sv\/wp-json\/wp\/v2\/product_brand?post=287356"},{"taxonomy":"product_cat","embeddable":true,"href":"https:\/\/www.huntersfriend.eu\/sv\/wp-json\/wp\/v2\/product_cat?post=287356"},{"taxonomy":"product_tag","embeddable":true,"href":"https:\/\/www.huntersfriend.eu\/sv\/wp-json\/wp\/v2\/product_tag?post=287356"}],"curies":[{"name":"wp","href":"https:\/\/api.w.org\/{rel}","templated":true}]}}