{"id":287354,"date":"2023-04-27T15:18:07","date_gmt":"2023-04-27T13:18:07","guid":{"rendered":"https:\/\/www.huntersfriend.eu\/product\/halo-optics-cl300-avstandsmatare\/"},"modified":"2025-08-27T06:22:37","modified_gmt":"2025-08-27T04:22:37","slug":"halo-optics-cl300-avstandsmatare","status":"publish","type":"product","link":"https:\/\/www.huntersfriend.eu\/sv\/produkt\/halo-optics-cl300-avstandsmatare\/","title":{"rendered":"Halo optics CL300 avst\u00e5ndsm\u00e4tare"},"content":{"rendered":"<p>Prisv\u00e4rdhet m\u00f6ter funktion i Halos instegsmodell av avst\u00e5ndsm\u00e4tare. CCL300 \u00e4r noggrant utformad f\u00f6r att ge exakta m\u00e4tningar p\u00e5 +\/- 1 yard med ett maximalt avst\u00e5nd p\u00e5 500 yards till ett reflekterande m\u00e5l och 300 yards till ett tr\u00e4d. Det kraftiga h\u00f6ljet ger vattent\u00e5ligt skydd och en ergonomisk passform som sitter bekv\u00e4mt i handen. Med 1 \u00e5rs garanti hj\u00e4lper CCL300 jaktavst\u00e5ndsm\u00e4tare j\u00e4gare att lyckas i f\u00e4lt.   <\/p>\n<ul>\n<li>Maximalt 500 yards till reflekterande m\u00e5l \/ 300 yards till tr\u00e4d<\/li>\n<li>Skanningsl\u00e4get l\u00e5ser in flera m\u00e5l p\u00e5 olika avst\u00e5nd<\/li>\n<li>5x f\u00f6rstoring<\/li>\n<li>Exakt till +\/- 1 yard<\/li>\n<li>Vattent\u00e5lig<\/li>\n<li>1 \u00e5rs garanti<\/li>\n<li>2 AAA-batterier kr\u00e4vs (ing\u00e5r ej)<\/li>\n<\/ul>\n","protected":false},"excerpt":{"rendered":"<p>Prisv\u00e4rdhet m\u00f6ter funktion i Halos instegsmodell av avst\u00e5ndsm\u00e4tare. CCL300 \u00e4r noggrant utformad f\u00f6r att ge exakta m\u00e4tningar p\u00e5 +\/- 1 yard med ett maximalt avst\u00e5nd p\u00e5 500 yards till ett reflekterande m\u00e5l och 300 yards till ett tr\u00e4d. Det kraftiga h\u00f6ljet ger vattent\u00e5ligt skydd och en ergonomisk passform som sitter bekv\u00e4mt i handen. Med 1 [&#8230;]\n","protected":false},"featured_media":249358,"comment_status":"open","ping_status":"closed","template":"","meta":[],"product_brand":[],"product_cat":[878],"product_tag":[],"class_list":{"0":"post-287354","1":"product","2":"type-product","3":"status-publish","4":"has-post-thumbnail","6":"product_cat-uncategorized-sv","8":"first","9":"outofstock","10":"taxable","11":"shipping-taxable","12":"purchasable","13":"product-type-simple"},"composite_virtual":false,"composite_layout":"","composite_add_to_cart_form_location":"","composite_editable_in_cart":false,"composite_sold_individually_context":"","composite_shop_price_calc":"","composite_components":[],"composite_scenarios":[],"group_of_quantity":0,"min_quantity":0,"max_quantity":"","exclude_order_quantity_value_rules":"no","exclude_category_quantity_rules":"no","combine_variations":"no","exclude_global_add_ons":[],"addons":[],"_links":{"self":[{"href":"https:\/\/www.huntersfriend.eu\/sv\/wp-json\/wp\/v2\/product\/287354","targetHints":{"allow":["GET"]}}],"collection":[{"href":"https:\/\/www.huntersfriend.eu\/sv\/wp-json\/wp\/v2\/product"}],"about":[{"href":"https:\/\/www.huntersfriend.eu\/sv\/wp-json\/wp\/v2\/types\/product"}],"replies":[{"embeddable":true,"href":"https:\/\/www.huntersfriend.eu\/sv\/wp-json\/wp\/v2\/comments?post=287354"}],"wp:featuredmedia":[{"embeddable":true,"href":"https:\/\/www.huntersfriend.eu\/sv\/wp-json\/wp\/v2\/media\/249358"}],"wp:attachment":[{"href":"https:\/\/www.huntersfriend.eu\/sv\/wp-json\/wp\/v2\/media?parent=287354"}],"wp:term":[{"taxonomy":"product_brand","embeddable":true,"href":"https:\/\/www.huntersfriend.eu\/sv\/wp-json\/wp\/v2\/product_brand?post=287354"},{"taxonomy":"product_cat","embeddable":true,"href":"https:\/\/www.huntersfriend.eu\/sv\/wp-json\/wp\/v2\/product_cat?post=287354"},{"taxonomy":"product_tag","embeddable":true,"href":"https:\/\/www.huntersfriend.eu\/sv\/wp-json\/wp\/v2\/product_tag?post=287354"}],"curies":[{"name":"wp","href":"https:\/\/api.w.org\/{rel}","templated":true}]}}