{"id":287353,"date":"2023-04-28T15:43:33","date_gmt":"2023-04-28T13:43:33","guid":{"rendered":"https:\/\/www.huntersfriend.eu\/product\/birchwood-securelock-vapenstad\/"},"modified":"2025-08-27T06:22:35","modified_gmt":"2025-08-27T04:22:35","slug":"birchwood-securelock-vapenstad","status":"publish","type":"product","link":"https:\/\/www.huntersfriend.eu\/sv\/produkt\/birchwood-securelock-vapenstad\/","title":{"rendered":"Birchwood SecureLock vapenst\u00e4d"},"content":{"rendered":"<p>BIRCHWOOD CASEY HAR DESIGNAT DERAS SECURELOCK VAPENST\u00c4D F\u00d6R ATT VARA ULTRAJUSTERBAR, VILKET M\u00d6JLIGG\u00d6R KOMPATIBILITET MED EN M\u00c4NGD OLIKA VAPEN \u2013 B\u00c5DE BRYTVAPEN OCH PISTOLER \u2013 OCH G\u00d6R DEN TILL DITT F\u00d6RSTAHANDSVERKTYG F\u00d6R ALL VAPENRENG\u00d6RING OCH MONTERING\/DEMONTERING. JUSTERBARA KL\u00c4MMOR KAN L\u00c4TT GLIDAS P\u00c5 PLATS MED HJ\u00c4LP AV DE FJ\u00c4DERBELASTADE DRAGSTIFTEN OCH H\u00d6JDJUSTERBARA KL\u00c4MMOR PARAS MED JUSTERBARA HALKSKYDDANDE NIV\u00c5F\u00d6TTER F\u00d6R ATT GE OPTIMAL POSITIONERING F\u00d6R VILKA UPPGIFTER SOM HELST SOM FINNS P\u00c5 DIN ATT-G\u00d6RA-LISTA. ROBUST, STYV ST\u00c5LRAM GER EN S\u00c4KER, SOLID PLATTFORM N\u00c4R DEN ANV\u00c4NDS, MEN KAN SNABBT F\u00c4LLAS IHOP F\u00d6R ATT G\u00d6RA B\u00c5DE F\u00d6RVARING OCH TRANSPORT BEKV\u00c4MT. ICKE-SKADANDE PADS VAGGA VAPEN F\u00d6R ATT F\u00d6RHINDRA SKADOR. INKLUDERAR INTEGRERADE F\u00d6RVARINGSFACK F\u00d6R FLERA \u00c4NDAM\u00c5L OCH ALLA N\u00d6DV\u00c4NDIGA TILLBEH\u00d6R F\u00d6R MONTERING P\u00c5 B\u00c4NKSKIVA.    <\/p>\n<h5>HUVUDFUNKTIONER<\/h5>\n<ul>\n<li>STYV ST\u00c5LRAM<\/li>\n<li>ANV\u00c4NDER ICKE-SKADANDE MATERIAL<\/li>\n<li>JUSTERBARA KL\u00c4MMOR PASSAR EN M\u00c4NGD OLIKA VAPEN<\/li>\n<li>FJ\u00c4DERBELASTADE DRAGSTIFT F\u00d6R ENKEL GLIDJUSTERING<\/li>\n<li>JUSTERBARA HALKSKYDDANDE NIV\u00c5F\u00d6TTER<\/li>\n<li>H\u00d6JDJUSTERBARA KL\u00c4MMOR<\/li>\n<li>FUNGERAR MED BRYTVAPEN OCH PISTOLER<\/li>\n<li>HOPF\u00c4LLBAR F\u00d6R ENKEL F\u00d6RVARING OCH TRANSPORT<\/li>\n<li>F\u00d6RVARINGSFACK F\u00d6R FLERA \u00c4NDAM\u00c5L<\/li>\n<li>BEST\u00c4MMELSER F\u00d6R MONTERING P\u00c5 B\u00c4NKSKIVA<\/li>\n<\/ul>\n","protected":false},"excerpt":{"rendered":"<p>BIRCHWOOD CASEY HAR DESIGNAT DERAS SECURELOCK VAPENST\u00c4D F\u00d6R ATT VARA ULTRAJUSTERBAR, VILKET M\u00d6JLIGG\u00d6R KOMPATIBILITET MED EN M\u00c4NGD OLIKA VAPEN \u2013 B\u00c5DE BRYTVAPEN OCH PISTOLER \u2013 OCH G\u00d6R DEN TILL DITT F\u00d6RSTAHANDSVERKTYG F\u00d6R ALL VAPENRENG\u00d6RING OCH MONTERING\/DEMONTERING. JUSTERBARA KL\u00c4MMOR KAN L\u00c4TT GLIDAS P\u00c5 PLATS MED HJ\u00c4LP AV DE FJ\u00c4DERBELASTADE DRAGSTIFTEN OCH H\u00d6JDJUSTERBARA KL\u00c4MMOR PARAS MED JUSTERBARA [&#8230;]\n","protected":false},"featured_media":249338,"comment_status":"open","ping_status":"closed","template":"","meta":[],"product_brand":[],"product_cat":[2570],"product_tag":[],"class_list":{"0":"post-287353","1":"product","2":"type-product","3":"status-publish","4":"has-post-thumbnail","6":"product_cat-stodpinnar-och-skjutstod","7":"product_shipping_class-medium-sv","9":"first","10":"instock","11":"taxable","12":"shipping-taxable","13":"purchasable","14":"product-type-simple"},"composite_virtual":false,"composite_layout":"","composite_add_to_cart_form_location":"","composite_editable_in_cart":false,"composite_sold_individually_context":"","composite_shop_price_calc":"","composite_components":[],"composite_scenarios":[],"group_of_quantity":0,"min_quantity":0,"max_quantity":"","exclude_order_quantity_value_rules":"no","exclude_category_quantity_rules":"no","combine_variations":"no","exclude_global_add_ons":[],"addons":[],"_links":{"self":[{"href":"https:\/\/www.huntersfriend.eu\/sv\/wp-json\/wp\/v2\/product\/287353","targetHints":{"allow":["GET"]}}],"collection":[{"href":"https:\/\/www.huntersfriend.eu\/sv\/wp-json\/wp\/v2\/product"}],"about":[{"href":"https:\/\/www.huntersfriend.eu\/sv\/wp-json\/wp\/v2\/types\/product"}],"replies":[{"embeddable":true,"href":"https:\/\/www.huntersfriend.eu\/sv\/wp-json\/wp\/v2\/comments?post=287353"}],"wp:featuredmedia":[{"embeddable":true,"href":"https:\/\/www.huntersfriend.eu\/sv\/wp-json\/wp\/v2\/media\/249338"}],"wp:attachment":[{"href":"https:\/\/www.huntersfriend.eu\/sv\/wp-json\/wp\/v2\/media?parent=287353"}],"wp:term":[{"taxonomy":"product_brand","embeddable":true,"href":"https:\/\/www.huntersfriend.eu\/sv\/wp-json\/wp\/v2\/product_brand?post=287353"},{"taxonomy":"product_cat","embeddable":true,"href":"https:\/\/www.huntersfriend.eu\/sv\/wp-json\/wp\/v2\/product_cat?post=287353"},{"taxonomy":"product_tag","embeddable":true,"href":"https:\/\/www.huntersfriend.eu\/sv\/wp-json\/wp\/v2\/product_tag?post=287353"}],"curies":[{"name":"wp","href":"https:\/\/api.w.org\/{rel}","templated":true}]}}