{"id":287338,"date":"2023-04-27T15:18:06","date_gmt":"2023-04-27T13:18:06","guid":{"rendered":"https:\/\/www.huntersfriend.eu\/product\/halo-optics-z1000-avstandsmatare\/"},"modified":"2025-08-27T06:22:31","modified_gmt":"2025-08-27T04:22:31","slug":"halo-optics-z1000-avstandsmatare","status":"publish","type":"product","link":"https:\/\/www.huntersfriend.eu\/sv\/produkt\/halo-optics-z1000-avstandsmatare\/","title":{"rendered":"Halo Optics Z1000 avst\u00e5ndsm\u00e4tare"},"content":{"rendered":"<p>Ju st\u00f6rre avst\u00e5nd, desto st\u00f6rre r\u00e4tt att skryta. Z1000 har kraften att enkelt tr\u00e4ffa enorma avst\u00e5nd. Den ser bra ut med en ny karossdesign i en anv\u00e4ndarv\u00e4nlig ergonomisk form och lever upp till det med 6x f\u00f6rstoring och upp till 1000 yards r\u00e4ckvidd. Ber\u00e4kna avst\u00e5ndet till m\u00e5let p\u00e5 en br\u00e5kdel av en sekund och anv\u00e4nd sedan skanningsl\u00e4get f\u00f6r att enkelt v\u00e4xla mellan m\u00e5l.   <\/p>\n<ul>\n<li>Maximalt 1 000 yards till reflekterande m\u00e5l<\/li>\n<li>Optiska linser av premiumglas<\/li>\n<li>6x f\u00f6rstoring<\/li>\n<li>Auto Acquisition ger exakt r\u00e4ckvidd n\u00e4stan omedelbart<\/li>\n<li>Angle Intelligence\u2122 ber\u00e4knar det verkliga horisontella avst\u00e5ndet till m\u00e5let vid alla h\u00f6jder<\/li>\n<li>Skanningsl\u00e4get l\u00e5ser in flera m\u00e5l p\u00e5 olika avst\u00e5nd<\/li>\n<li>Ergonomisk design med halkfritt grepp<\/li>\n<li>Exakt till +\/- 1 yard<\/li>\n<li>Vattent\u00e5lig<\/li>\n<li>1 \u00e5rs garanti<\/li>\n<\/ul>\n","protected":false},"excerpt":{"rendered":"<p>Ju st\u00f6rre avst\u00e5nd, desto st\u00f6rre r\u00e4tt att skryta. Z1000 har kraften att enkelt tr\u00e4ffa enorma avst\u00e5nd. Den ser bra ut med en ny karossdesign i en anv\u00e4ndarv\u00e4nlig ergonomisk form och lever upp till det med 6x f\u00f6rstoring och upp till 1000 yards r\u00e4ckvidd. Ber\u00e4kna avst\u00e5ndet till m\u00e5let p\u00e5 en br\u00e5kdel av en sekund och anv\u00e4nd [&#8230;]\n","protected":false},"featured_media":249362,"comment_status":"open","ping_status":"closed","template":"","meta":[],"product_brand":[],"product_cat":[2829],"product_tag":[],"class_list":{"0":"post-287338","1":"product","2":"type-product","3":"status-publish","4":"has-post-thumbnail","6":"product_cat-avstandsmatare","8":"first","9":"outofstock","10":"taxable","11":"shipping-taxable","12":"purchasable","13":"product-type-simple"},"composite_virtual":false,"composite_layout":"","composite_add_to_cart_form_location":"","composite_editable_in_cart":false,"composite_sold_individually_context":"","composite_shop_price_calc":"","composite_components":[],"composite_scenarios":[],"group_of_quantity":0,"min_quantity":0,"max_quantity":"","exclude_order_quantity_value_rules":"no","exclude_category_quantity_rules":"no","combine_variations":"no","exclude_global_add_ons":[],"addons":[],"_links":{"self":[{"href":"https:\/\/www.huntersfriend.eu\/sv\/wp-json\/wp\/v2\/product\/287338","targetHints":{"allow":["GET"]}}],"collection":[{"href":"https:\/\/www.huntersfriend.eu\/sv\/wp-json\/wp\/v2\/product"}],"about":[{"href":"https:\/\/www.huntersfriend.eu\/sv\/wp-json\/wp\/v2\/types\/product"}],"replies":[{"embeddable":true,"href":"https:\/\/www.huntersfriend.eu\/sv\/wp-json\/wp\/v2\/comments?post=287338"}],"wp:featuredmedia":[{"embeddable":true,"href":"https:\/\/www.huntersfriend.eu\/sv\/wp-json\/wp\/v2\/media\/249362"}],"wp:attachment":[{"href":"https:\/\/www.huntersfriend.eu\/sv\/wp-json\/wp\/v2\/media?parent=287338"}],"wp:term":[{"taxonomy":"product_brand","embeddable":true,"href":"https:\/\/www.huntersfriend.eu\/sv\/wp-json\/wp\/v2\/product_brand?post=287338"},{"taxonomy":"product_cat","embeddable":true,"href":"https:\/\/www.huntersfriend.eu\/sv\/wp-json\/wp\/v2\/product_cat?post=287338"},{"taxonomy":"product_tag","embeddable":true,"href":"https:\/\/www.huntersfriend.eu\/sv\/wp-json\/wp\/v2\/product_tag?post=287338"}],"curies":[{"name":"wp","href":"https:\/\/api.w.org\/{rel}","templated":true}]}}