{"id":287328,"date":"2023-04-19T02:29:31","date_gmt":"2023-04-19T00:29:31","guid":{"rendered":"https:\/\/www.huntersfriend.eu\/product\/primos-apex-trigger-stick-stativ-i-kolfiber\/"},"modified":"2026-03-18T22:00:17","modified_gmt":"2026-03-18T20:00:17","slug":"primos-apex-trigger-stick-stativ-i-kolfiber","status":"publish","type":"product","link":"https:\/\/www.huntersfriend.eu\/sv\/produkt\/primos-apex-trigger-stick-stativ-i-kolfiber\/","title":{"rendered":"Primos Apex trigger stick stativ i kolfiber"},"content":{"rendered":"<p>Fler produkter anl\u00e4nder sommaren 2024!<\/p>\n<p>J\u00e4gare jagar mer avl\u00e4gset \u00e4n n\u00e5gonsin tidigare. Det inneb\u00e4r att skottstabilitet i sv\u00e5r terr\u00e4ng \u00e4r viktigare \u00e4n n\u00e5gonsin. H\u00e4r kommer Trigger Stick Apex\u2122. Dess superstarka men \u00e4nd\u00e5 l\u00e4tta ben i kolfiberlindad aluminium f\u00e4lls ut snabbt och justeras i farten till \u00e4ven den knepigaste terr\u00e4ngen med ett tryck p\u00e5 avtryckaren. Den bergfasta Apex-Frame\u00ae-designen m\u00f6jligg\u00f6r snabb justering och smidig panorering f\u00f6r att h\u00e5lla tyngre gev\u00e4r p\u00e5 m\u00e5let och bergfasta fr\u00e5n l\u00e5ga sittande positioner till n\u00e4stan 1,8 meter h\u00f6ga st\u00e5ende positioner. Dess robusta konstruktion st\u00f6der en massiv lastkapacitet p\u00e5 22,5 kg som skulle krossa andra skjutst\u00f6d. Och den avtagbara monteringsplattan g\u00f6r det snabbt och enkelt att byta fr\u00e5n observationskikare till gev\u00e4rsgaffel i f\u00e4lt. F\u00f6r fantastiska skott under de tuffaste f\u00f6rh\u00e5llandena tar Trigger Stick Apex dig dit.       <\/p>\n<ul>\n<li>EXKLUSIV DURASTEADY\u2122 3-DELAD KOLBENSDESIGN<\/li>\n<li>MONTERA VAPEN, ARMBORST, OPTIK ELLER KAMERA S\u00c4KERT<\/li>\n<li>JUSTERINGAR MED EN HAND<\/li>\n<li>INKLUDERAR VAPENKL\u00c4MMA<\/li>\n<li>AVTAGBAR MONTERINGSPLATTA<\/li>\n<li>V\u00c4GER 3,2 KG<\/li>\n<li>157 CM MAXH\u00d6JD<\/li>\n<li>81 CM VIKTH\u00d6JD (Till basplattan)<\/li>\n<\/ul>\n","protected":false},"excerpt":{"rendered":"<p>Fler produkter anl\u00e4nder sommaren 2024! J\u00e4gare jagar mer avl\u00e4gset \u00e4n n\u00e5gonsin tidigare. Det inneb\u00e4r att skottstabilitet i sv\u00e5r terr\u00e4ng \u00e4r viktigare \u00e4n n\u00e5gonsin. H\u00e4r kommer Trigger Stick Apex\u2122. Dess superstarka men \u00e4nd\u00e5 l\u00e4tta ben i kolfiberlindad aluminium f\u00e4lls ut snabbt och justeras i farten till \u00e4ven den knepigaste terr\u00e4ngen med ett tryck p\u00e5 avtryckaren. Den [&#8230;]\n","protected":false},"featured_media":287334,"comment_status":"open","ping_status":"closed","template":"","meta":[],"product_brand":[],"product_cat":[2570],"product_tag":[],"class_list":{"0":"post-287328","1":"product","2":"type-product","3":"status-publish","4":"has-post-thumbnail","6":"product_cat-stodpinnar-och-skjutstod","7":"product_shipping_class-medium-sv","9":"first","10":"outofstock","11":"featured","12":"taxable","13":"shipping-taxable","14":"purchasable","15":"product-type-simple"},"composite_virtual":false,"composite_layout":"","composite_add_to_cart_form_location":"","composite_editable_in_cart":false,"composite_sold_individually_context":"","composite_shop_price_calc":"","composite_components":[],"composite_scenarios":[],"group_of_quantity":0,"min_quantity":0,"max_quantity":"","exclude_order_quantity_value_rules":"no","exclude_category_quantity_rules":"no","combine_variations":"no","exclude_global_add_ons":[],"addons":[],"_links":{"self":[{"href":"https:\/\/www.huntersfriend.eu\/sv\/wp-json\/wp\/v2\/product\/287328","targetHints":{"allow":["GET"]}}],"collection":[{"href":"https:\/\/www.huntersfriend.eu\/sv\/wp-json\/wp\/v2\/product"}],"about":[{"href":"https:\/\/www.huntersfriend.eu\/sv\/wp-json\/wp\/v2\/types\/product"}],"replies":[{"embeddable":true,"href":"https:\/\/www.huntersfriend.eu\/sv\/wp-json\/wp\/v2\/comments?post=287328"}],"wp:featuredmedia":[{"embeddable":true,"href":"https:\/\/www.huntersfriend.eu\/sv\/wp-json\/wp\/v2\/media\/287334"}],"wp:attachment":[{"href":"https:\/\/www.huntersfriend.eu\/sv\/wp-json\/wp\/v2\/media?parent=287328"}],"wp:term":[{"taxonomy":"product_brand","embeddable":true,"href":"https:\/\/www.huntersfriend.eu\/sv\/wp-json\/wp\/v2\/product_brand?post=287328"},{"taxonomy":"product_cat","embeddable":true,"href":"https:\/\/www.huntersfriend.eu\/sv\/wp-json\/wp\/v2\/product_cat?post=287328"},{"taxonomy":"product_tag","embeddable":true,"href":"https:\/\/www.huntersfriend.eu\/sv\/wp-json\/wp\/v2\/product_tag?post=287328"}],"curies":[{"name":"wp","href":"https:\/\/api.w.org\/{rel}","templated":true}]}}