{"id":287327,"date":"2023-04-27T10:53:09","date_gmt":"2023-04-27T08:53:09","guid":{"rendered":"https:\/\/www.huntersfriend.eu\/product\/tactacam-6-0-kamera\/"},"modified":"2025-08-27T06:22:28","modified_gmt":"2025-08-27T04:22:28","slug":"tactacam-6-0-kamera","status":"publish","type":"product","link":"https:\/\/www.huntersfriend.eu\/sv\/produkt\/tactacam-6-0-kamera\/","title":{"rendered":"Tactacam 6.0-kamera"},"content":{"rendered":"<p>Tactacam 6.0 \u00e4r gjord f\u00f6r att f\u00e5nga actionfyllda \u00f6gonblick under jakt eller skytte. Det spelar ingen roll om du beh\u00f6ver mer information om ditt skytte eller bara vill f\u00e5nga dina minnen; Tactacam 6.0 \u00e4r ditt val. Den h\u00e4r kameran har 8x zoom och ny bildstabiliseringsteknik tar bort &#8221;chocken&#8221; fr\u00e5n skottet och l\u00e5ter dig f\u00e5nga kristallklara bilder i 4k 60fps. Vattent\u00e4t design med sk\u00e4rm, genererar Wi-Fi och \u00e4r fj\u00e4rrstyrningskompatibel.   <\/p>\n<p>Tactacam 6.0 \u00e4r l\u00e4tt att anv\u00e4nda; enknappsman\u00f6vrering med vibrationsindikation m\u00f6jligg\u00f6r enkel kameraman\u00f6vrering. Denna lilla jaktvideokamera \u00e4r byggd med en lins av ultrah\u00f6g kvalitet och en sensor f\u00f6r svagt ljus. Ist\u00e4llet f\u00f6r att anv\u00e4nda en fisheye-lins, som trycker bort bilderna, anv\u00e4nder Tactacam en unik linsdesign som ger en vy som liknar det vi ser med det m\u00e4nskliga \u00f6gat. Tactacam 6.0 har nu en f\u00f6rb\u00e4ttrad 8x zoom f\u00f6r att ta ditt m\u00e5l n\u00e4rmare.   <\/p>\n<h3>Funktioner<\/h3>\n<div class=\"wpb_text_column wpb_content_element white\">\n<div class=\"wpb_wrapper\">\n<ul>\n<li>8x zoom<\/li>\n<li>Integrerad peksk\u00e4rm<\/li>\n<li>Justerbar r\u00f6dpunktfunktion<\/li>\n<li>Bildstabilisering<\/li>\n<li>F\u00e5nga tydliga bilder i 4k-60fps<\/li>\n<li>Enknappsman\u00f6vrering med vibrationsindikation<\/li>\n<li>Vattent\u00e4t design (ner till 30ft)<\/li>\n<li>Ultrah\u00f6gkvalitativ lins som ger en vy som liknar det m\u00e4nskliga \u00f6gat<\/li>\n<li>Sensor f\u00f6r svagt ljus<\/li>\n<li>Tactacam fj\u00e4rrkontroll kompatibel<\/li>\n<li>Wi-Fi-anslutning till din smartphone via Tactacam-appen<\/li>\n<\/ul>\n<\/div>\n<\/div>\n","protected":false},"excerpt":{"rendered":"<p>Tactacam 6.0 \u00e4r gjord f\u00f6r att f\u00e5nga actionfyllda \u00f6gonblick under jakt eller skytte. Det spelar ingen roll om du beh\u00f6ver mer information om ditt skytte eller bara vill f\u00e5nga dina minnen; Tactacam 6.0 \u00e4r ditt val. Den h\u00e4r kameran har 8x zoom och ny bildstabiliseringsteknik tar bort &#8221;chocken&#8221; fr\u00e5n skottet och l\u00e5ter dig f\u00e5nga kristallklara [&#8230;]\n","protected":false},"featured_media":287329,"comment_status":"open","ping_status":"closed","template":"","meta":[],"product_brand":[],"product_cat":[2891,2624,2708],"product_tag":[],"class_list":{"0":"post-287327","1":"product","2":"type-product","3":"status-publish","4":"has-post-thumbnail","6":"product_cat-atelkameror","7":"product_cat-jakt-och-malskyttetillbehor","8":"product_cat-viltkameror","10":"first","11":"outofstock","12":"featured","13":"taxable","14":"shipping-taxable","15":"purchasable","16":"product-type-simple"},"composite_virtual":false,"composite_layout":"","composite_add_to_cart_form_location":"","composite_editable_in_cart":false,"composite_sold_individually_context":"","composite_shop_price_calc":"","composite_components":[],"composite_scenarios":[],"group_of_quantity":0,"min_quantity":0,"max_quantity":"","exclude_order_quantity_value_rules":"no","exclude_category_quantity_rules":"no","combine_variations":"no","exclude_global_add_ons":[],"addons":[],"_links":{"self":[{"href":"https:\/\/www.huntersfriend.eu\/sv\/wp-json\/wp\/v2\/product\/287327","targetHints":{"allow":["GET"]}}],"collection":[{"href":"https:\/\/www.huntersfriend.eu\/sv\/wp-json\/wp\/v2\/product"}],"about":[{"href":"https:\/\/www.huntersfriend.eu\/sv\/wp-json\/wp\/v2\/types\/product"}],"replies":[{"embeddable":true,"href":"https:\/\/www.huntersfriend.eu\/sv\/wp-json\/wp\/v2\/comments?post=287327"}],"wp:featuredmedia":[{"embeddable":true,"href":"https:\/\/www.huntersfriend.eu\/sv\/wp-json\/wp\/v2\/media\/287329"}],"wp:attachment":[{"href":"https:\/\/www.huntersfriend.eu\/sv\/wp-json\/wp\/v2\/media?parent=287327"}],"wp:term":[{"taxonomy":"product_brand","embeddable":true,"href":"https:\/\/www.huntersfriend.eu\/sv\/wp-json\/wp\/v2\/product_brand?post=287327"},{"taxonomy":"product_cat","embeddable":true,"href":"https:\/\/www.huntersfriend.eu\/sv\/wp-json\/wp\/v2\/product_cat?post=287327"},{"taxonomy":"product_tag","embeddable":true,"href":"https:\/\/www.huntersfriend.eu\/sv\/wp-json\/wp\/v2\/product_tag?post=287327"}],"curies":[{"name":"wp","href":"https:\/\/api.w.org\/{rel}","templated":true}]}}