{"id":287321,"date":"2023-04-18T11:43:48","date_gmt":"2023-04-18T09:43:48","guid":{"rendered":"https:\/\/www.huntersfriend.eu\/product\/alpz-outdoors-impulse-ryggsack\/"},"modified":"2026-03-18T22:00:57","modified_gmt":"2026-03-18T20:00:57","slug":"alpz-outdoors-impulse-ryggsack","status":"publish","type":"product","link":"https:\/\/www.huntersfriend.eu\/sv\/produkt\/alpz-outdoors-impulse-ryggsack\/","title":{"rendered":"Alpz outdoors impulse-ryggs\u00e4ck"},"content":{"rendered":"<p>F\u00e4rg \u2013 coyote Brown eller realtree camo<\/p>\n<p>Impulse \u00e4r en innovativ och extremt tyst jaktryggs\u00e4ck. Med en fleece-utsida och en insida av mockatyg h\u00e5ller Impulse dina r\u00f6relser tysta n\u00e4r du str\u00e4cker dig efter din favoritlockpipa f\u00f6r r\u00e5djur eller l\u00e4gger till ett extra lager under en kylig h\u00f6stdag. Fleecefodret \u00e4r ALPS nya DEADQUIET\u00ae-tyg. Detta tyg \u00e4r konstruerat av en yttre fleece med en polyesterbaksida och har ett membran mellan de tv\u00e5 tygerna f\u00f6r att h\u00e5lla ute fukt. Impulse har ett huvudfack utan dragkedja som g\u00f6r att j\u00e4garen tyst och enkelt kan komma \u00e5t f\u00f6rem\u00e5l. En serie magneter och en aluminiumkrok s\u00e4krar topplocket vid behov. Perfekt f\u00f6r en markb\u00e4dd eller ett tr\u00e4dstativ, den platta bottenstrukturen g\u00f6r att ryggs\u00e4cken kan st\u00e5 upp sj\u00e4lvst\u00e4ndigt.      <\/p>\n<p>Andra j\u00e4garv\u00e4nliga funktioner inkluderar flera inv\u00e4ndiga n\u00e4tfickor f\u00f6r att organisera utrustning, ett ambidextri\u00f6st kogerf\u00e4ste, tv\u00e5 djupa sidfickor, en nedf\u00e4llbar ficka f\u00f6r att b\u00e4ra ditt gev\u00e4r eller din pilb\u00e5ge, ett justerbart tv\u00e5delat midjeb\u00e4lte med fickor och en v\u00e4tskeficka med tv\u00e5 sidoportar.<\/p>\n<p>\u2022 DEADQUIET\u00ae fleece-utsida med ett vattent\u00e4tt membran f\u00f6r extra v\u00e4derskydd<\/p>\n<p>\u2022 Insidan \u00e4r fodrad med ett mockatyg f\u00f6r att h\u00e5lla r\u00f6relserna extra tysta n\u00e4r du str\u00e4cker dig efter f\u00f6rem\u00e5l medan du st\u00e5r<\/p>\n<p>\u2022 Dragkedjel\u00f6s lockdesign g\u00f6r att anv\u00e4ndaren tyst och enkelt kan komma \u00e5t huvudfacket<\/p>\n<p>\u2022 Huvudfackets lock anv\u00e4nder en serie magneter och en aluminiumkrok f\u00f6r att h\u00e5lla locket st\u00e4ngt och s\u00e4kert vid behov<\/p>\n<p>\u2022 Flera inv\u00e4ndiga n\u00e4tfickor f\u00f6r att organisera utrustning<\/p>\n<p>\u2022 Ryggs\u00e4ckens struktur g\u00f6r att den kan st\u00e5 upp p\u00e5 egen hand, vilket g\u00f6r den perfekt f\u00f6r jakt fr\u00e5n en markb\u00e4dd eller ett stativ<\/p>\n<p>\u2022 Kogerf\u00e4stet anv\u00e4nder en unik design med bungee och sn\u00f6rl\u00e5s p\u00e5 b\u00e5da sidor av ryggs\u00e4cken<\/p>\n<p>\u2022 Tv\u00e5 sidor och en fr\u00e4mre n\u00e4tficka f\u00f6r extra utrustning<\/p>\n<p>\u2022 Nedf\u00e4llbar ficka f\u00f6r att b\u00e4ra ditt gev\u00e4r eller din pilb\u00e5ge s\u00e4kert<\/p>\n<p>\u2022 Regnskyddet f\u00f6rvaras snyggt i en ficka med dragkedja p\u00e5 sidan av ryggs\u00e4cken tills det beh\u00f6vs<\/p>\n<p>\u2022 Tv\u00e5delat justerbart och avtagbart midjeb\u00e4lte<\/p>\n<p>\u2022 Tv\u00e5 eleganta midjeb\u00e4ltesfickor med enkel \u00e5tkomst<\/p>\n<p>\u2022 Kompatibel med v\u00e4tskesystem med tv\u00e5 portar<\/p>\n<table border=\"3\">\n<tbody>\n<tr align=\"CENTER\">\n<td><b>Kapacitet<\/b><\/td>\n<td>30 L \/ 1850 in\u00b3<\/td>\n<\/tr>\n<tr align=\"CENTER\">\n<td><b>Huvudfackets m\u00e5tt<\/b><\/td>\n<td>23&#8243; H x 12&#8243; W x 8.5&#8243; D<\/td>\n<\/tr>\n<tr align=\"CENTER\">\n<td><b>Midjeb\u00e4ltets l\u00e4ngd<\/b><\/td>\n<td>34&#8243; &#8211; 60&#8243;<\/td>\n<\/tr>\n<tr align=\"CENTER\">\n<td><b>Vikt<\/b><\/td>\n<td>4 lbs. 14 oz. <\/td>\n<\/tr>\n<\/tbody>\n<\/table>\n","protected":false},"excerpt":{"rendered":"<p>F\u00e4rg \u2013 coyote Brown eller realtree camo Impulse \u00e4r en innovativ och extremt tyst jaktryggs\u00e4ck. Med en fleece-utsida och en insida av mockatyg h\u00e5ller Impulse dina r\u00f6relser tysta n\u00e4r du str\u00e4cker dig efter din favoritlockpipa f\u00f6r r\u00e5djur eller l\u00e4gger till ett extra lager under en kylig h\u00f6stdag. Fleecefodret \u00e4r ALPS nya DEADQUIET\u00ae-tyg. Detta tyg \u00e4r [&#8230;]\n","protected":false},"featured_media":246259,"comment_status":"open","ping_status":"closed","template":"","meta":[],"product_brand":[],"product_cat":[2565,2523],"product_tag":[],"class_list":{"0":"post-287321","1":"product","2":"type-product","3":"status-publish","4":"has-post-thumbnail","6":"product_cat-jaktryggsackar","7":"product_cat-ryggsackar","8":"product_shipping_class-medium-sv","10":"first","11":"outofstock","12":"taxable","13":"shipping-taxable","14":"purchasable","15":"product-type-variable"},"composite_virtual":false,"composite_layout":"","composite_add_to_cart_form_location":"","composite_editable_in_cart":false,"composite_sold_individually_context":"","composite_shop_price_calc":"","composite_components":[],"composite_scenarios":[],"group_of_quantity":0,"min_quantity":0,"max_quantity":"","exclude_order_quantity_value_rules":"no","exclude_category_quantity_rules":"no","combine_variations":"no","exclude_global_add_ons":[],"addons":[],"_links":{"self":[{"href":"https:\/\/www.huntersfriend.eu\/sv\/wp-json\/wp\/v2\/product\/287321","targetHints":{"allow":["GET"]}}],"collection":[{"href":"https:\/\/www.huntersfriend.eu\/sv\/wp-json\/wp\/v2\/product"}],"about":[{"href":"https:\/\/www.huntersfriend.eu\/sv\/wp-json\/wp\/v2\/types\/product"}],"replies":[{"embeddable":true,"href":"https:\/\/www.huntersfriend.eu\/sv\/wp-json\/wp\/v2\/comments?post=287321"}],"wp:featuredmedia":[{"embeddable":true,"href":"https:\/\/www.huntersfriend.eu\/sv\/wp-json\/wp\/v2\/media\/246259"}],"wp:attachment":[{"href":"https:\/\/www.huntersfriend.eu\/sv\/wp-json\/wp\/v2\/media?parent=287321"}],"wp:term":[{"taxonomy":"product_brand","embeddable":true,"href":"https:\/\/www.huntersfriend.eu\/sv\/wp-json\/wp\/v2\/product_brand?post=287321"},{"taxonomy":"product_cat","embeddable":true,"href":"https:\/\/www.huntersfriend.eu\/sv\/wp-json\/wp\/v2\/product_cat?post=287321"},{"taxonomy":"product_tag","embeddable":true,"href":"https:\/\/www.huntersfriend.eu\/sv\/wp-json\/wp\/v2\/product_tag?post=287321"}],"curies":[{"name":"wp","href":"https:\/\/api.w.org\/{rel}","templated":true}]}}