{"id":287320,"date":"2023-04-20T11:14:51","date_gmt":"2023-04-20T09:14:51","guid":{"rendered":"https:\/\/www.huntersfriend.eu\/product\/hha-tetra-ryz-2510-2-stift\/"},"modified":"2026-03-26T13:45:26","modified_gmt":"2026-03-26T11:45:26","slug":"hha-tetra-ryz-2510-2-stift","status":"publish","type":"product","link":"https:\/\/www.huntersfriend.eu\/sv\/produkt\/hha-tetra-ryz-2510-2-stift\/","title":{"rendered":"HHA tetra RYZ 2510 2-stift"},"content":{"rendered":"<p>Efter stor efterfr\u00e5gan kombineras tv\u00e5 decennier av single-pin-teknik f\u00f6r att ge det ultimata siktet f\u00f6r b\u00e5de b\u00e5gskyttar och 3D-skyttar. Tetra RYZ erbjuder f\u00f6rdelarna med ett multi-pin-sikte i HHA:s legendariska single-pin-plattform. Med en silkeslen 2,1&#8243; r\u00f6relse har Tetra RYZ de l\u00e4ngsta siktestejperna vi n\u00e5gonsin har erbjudit f\u00f6r o\u00f6vertr\u00e4ffad noggrannhet p\u00e5 l\u00e5nga avst\u00e5nd. Rimligt stiftavst\u00e5nd g\u00f6r att skyttar snabbt kan justera i farten utan att beh\u00f6va sl\u00e4ppa ner.   <\/p>\n<ul class=\"acf-repeater-list\">\n<li class=\"acf-repeater-list__item\">1,625&#8243; Stifthus<\/li>\n<li class=\"acf-repeater-list__item\">Gr\u00f6nt prim\u00e4rt stift<\/li>\n<li class=\"acf-repeater-list__item\">R\u00f6tt eller gult sekund\u00e4rt stift<\/li>\n<li class=\"acf-repeater-list__item\">.010 eller .019 stift<\/li>\n<li class=\"acf-repeater-list__item\">Dubbla avst\u00e5ndspinnar<\/li>\n<li class=\"acf-repeater-list__item\">Kompatibel med bl\u00e5tt ljus<\/li>\n<li class=\"acf-repeater-list__item\">Linskompatibel<\/li>\n<li class=\"acf-repeater-list__item\">Mekanisk reostat f\u00f6r att kontrollera stiftets ljusstyrka<\/li>\n<li class=\"acf-repeater-list__item\">Siktring med integrerat vattenpass<\/li>\n<li class=\"acf-repeater-list__item\">Vattent\u00e5liga avst\u00e5ndstejper f\u00f6r l\u00e5nga avst\u00e5nd<\/li>\n<\/ul>\n","protected":false},"excerpt":{"rendered":"<p>2-stifts 1 5\/8&#8243; sikte med reostat, endast RH. 0.010 stiftstorlek <\/p>\n","protected":false},"featured_media":244928,"comment_status":"open","ping_status":"closed","template":"","meta":[],"product_brand":[],"product_cat":[878],"product_tag":[],"class_list":{"0":"post-287320","1":"product","2":"type-product","3":"status-publish","4":"has-post-thumbnail","6":"product_cat-uncategorized-sv","8":"first","9":"outofstock","10":"taxable","11":"shipping-taxable","12":"product-type-simple"},"composite_virtual":false,"composite_layout":"","composite_add_to_cart_form_location":"","composite_editable_in_cart":false,"composite_sold_individually_context":"","composite_shop_price_calc":"","composite_components":[],"composite_scenarios":[],"group_of_quantity":0,"min_quantity":0,"max_quantity":"","exclude_order_quantity_value_rules":"no","exclude_category_quantity_rules":"no","combine_variations":"no","exclude_global_add_ons":[],"addons":[],"_links":{"self":[{"href":"https:\/\/www.huntersfriend.eu\/sv\/wp-json\/wp\/v2\/product\/287320","targetHints":{"allow":["GET"]}}],"collection":[{"href":"https:\/\/www.huntersfriend.eu\/sv\/wp-json\/wp\/v2\/product"}],"about":[{"href":"https:\/\/www.huntersfriend.eu\/sv\/wp-json\/wp\/v2\/types\/product"}],"replies":[{"embeddable":true,"href":"https:\/\/www.huntersfriend.eu\/sv\/wp-json\/wp\/v2\/comments?post=287320"}],"wp:featuredmedia":[{"embeddable":true,"href":"https:\/\/www.huntersfriend.eu\/sv\/wp-json\/wp\/v2\/media\/244928"}],"wp:attachment":[{"href":"https:\/\/www.huntersfriend.eu\/sv\/wp-json\/wp\/v2\/media?parent=287320"}],"wp:term":[{"taxonomy":"product_brand","embeddable":true,"href":"https:\/\/www.huntersfriend.eu\/sv\/wp-json\/wp\/v2\/product_brand?post=287320"},{"taxonomy":"product_cat","embeddable":true,"href":"https:\/\/www.huntersfriend.eu\/sv\/wp-json\/wp\/v2\/product_cat?post=287320"},{"taxonomy":"product_tag","embeddable":true,"href":"https:\/\/www.huntersfriend.eu\/sv\/wp-json\/wp\/v2\/product_tag?post=287320"}],"curies":[{"name":"wp","href":"https:\/\/api.w.org\/{rel}","templated":true}]}}