{"id":287317,"date":"2023-04-18T11:02:12","date_gmt":"2023-04-18T09:02:12","guid":{"rendered":"https:\/\/www.huntersfriend.eu\/product\/nap-thunderglo-belyst-nock\/"},"modified":"2025-08-28T08:05:12","modified_gmt":"2025-08-28T06:05:12","slug":"nap-thunderglo-belyst-nock","status":"publish","type":"product","link":"https:\/\/www.huntersfriend.eu\/sv\/produkt\/nap-thunderglo-belyst-nock\/","title":{"rendered":"NAP thunderglo belyst nock"},"content":{"rendered":"<p>NAP Thunderglo Lighted Nocks har extremt stark LED-belysning och en enkel p\u00e5\/av-funktion. Thunderglo Lighted Nocks \u00e4r tillverkade av en polykarbonatblandning med en aluminiumaxel, vilket g\u00f6r dem extremt h\u00e5llbara f\u00f6r l\u00e5ngvarig anv\u00e4ndning och livsl\u00e4ngd. Thunderglo Nocks finns i bl\u00e5tt, gr\u00f6nt eller r\u00f6tt och erbjuds i 3- eller 6-pack. Universalkragar g\u00f6r att Thunderglo Nocks passar de flesta pilar (G\/X\/H\/S). F\u00f6r det ultimata inom belysta nockar, lita p\u00e5 NAP Thunderglo.    <\/p>\n<ul>\n<li>Nock av polykarbonatblandning med aluminiumaxel<\/li>\n<li>Stark LED-belysning<\/li>\n<li>Automatisk P\u00c5 n\u00e4r nocken skjuts<\/li>\n<li>LED f\u00f6rblir P\u00c5 tills anv\u00e4ndaren klickar av nocken<\/li>\n<li>Universalkragar passar pilaxlar (G\/X\/H\/S)<\/li>\n<li>Finns i f\u00f6rpackningar om 3 eller 6<\/li>\n<\/ul>\n","protected":false},"excerpt":{"rendered":"<p>NAP Thunderglo Lighted Nocks har extremt stark LED-belysning och en enkel p\u00e5\/av-funktion. Thunderglo Lighted Nocks \u00e4r tillverkade av en polykarbonatblandning med en aluminiumaxel, vilket g\u00f6r dem extremt h\u00e5llbara f\u00f6r l\u00e5ngvarig anv\u00e4ndning och livsl\u00e4ngd. Thunderglo Nocks finns i bl\u00e5tt, gr\u00f6nt eller r\u00f6tt och erbjuds i 3- eller 6-pack. Universalkragar g\u00f6r att Thunderglo Nocks passar de flesta [&#8230;]\n","protected":false},"featured_media":247233,"comment_status":"open","ping_status":"closed","template":"","meta":[],"product_brand":[],"product_cat":[878],"product_tag":[],"class_list":{"0":"post-287317","1":"product","2":"type-product","3":"status-publish","4":"has-post-thumbnail","6":"product_cat-uncategorized-sv","8":"first","9":"outofstock","10":"sale","11":"featured","12":"taxable","13":"shipping-taxable","14":"purchasable","15":"product-type-variable"},"composite_virtual":false,"composite_layout":"","composite_add_to_cart_form_location":"","composite_editable_in_cart":false,"composite_sold_individually_context":"","composite_shop_price_calc":"","composite_components":[],"composite_scenarios":[],"group_of_quantity":0,"min_quantity":0,"max_quantity":"","exclude_order_quantity_value_rules":"no","exclude_category_quantity_rules":"no","combine_variations":"no","exclude_global_add_ons":[],"addons":[],"_links":{"self":[{"href":"https:\/\/www.huntersfriend.eu\/sv\/wp-json\/wp\/v2\/product\/287317","targetHints":{"allow":["GET"]}}],"collection":[{"href":"https:\/\/www.huntersfriend.eu\/sv\/wp-json\/wp\/v2\/product"}],"about":[{"href":"https:\/\/www.huntersfriend.eu\/sv\/wp-json\/wp\/v2\/types\/product"}],"replies":[{"embeddable":true,"href":"https:\/\/www.huntersfriend.eu\/sv\/wp-json\/wp\/v2\/comments?post=287317"}],"wp:featuredmedia":[{"embeddable":true,"href":"https:\/\/www.huntersfriend.eu\/sv\/wp-json\/wp\/v2\/media\/247233"}],"wp:attachment":[{"href":"https:\/\/www.huntersfriend.eu\/sv\/wp-json\/wp\/v2\/media?parent=287317"}],"wp:term":[{"taxonomy":"product_brand","embeddable":true,"href":"https:\/\/www.huntersfriend.eu\/sv\/wp-json\/wp\/v2\/product_brand?post=287317"},{"taxonomy":"product_cat","embeddable":true,"href":"https:\/\/www.huntersfriend.eu\/sv\/wp-json\/wp\/v2\/product_cat?post=287317"},{"taxonomy":"product_tag","embeddable":true,"href":"https:\/\/www.huntersfriend.eu\/sv\/wp-json\/wp\/v2\/product_tag?post=287317"}],"curies":[{"name":"wp","href":"https:\/\/api.w.org\/{rel}","templated":true}]}}