{"id":287316,"date":"2023-04-17T13:11:54","date_gmt":"2023-04-17T11:11:54","guid":{"rendered":"https:\/\/www.huntersfriend.eu\/product\/bagsele-sadelvaska-for-kottsokare\/"},"modified":"2025-08-27T06:21:35","modified_gmt":"2025-08-27T04:21:35","slug":"bagsele-sadelvaska-for-kottsokare","status":"publish","type":"product","link":"https:\/\/www.huntersfriend.eu\/sv\/produkt\/bagsele-sadelvaska-for-kottsokare\/","title":{"rendered":"B\u00e5gsele\/sadelv\u00e4ska f\u00f6r k\u00f6tts\u00f6kare"},"content":{"rendered":"<p>Den nya kombinationen av b\u00e5gsele och sadelv\u00e4ska f\u00f6r k\u00f6tts\u00f6kare \u00e4r det perfekta verktyget f\u00f6r att resa l\u00e4tt till ditt jaktomr\u00e5de. B\u00e5gselen skyddar alla viktiga delar av din dyra b\u00e5ge fr\u00e5n pinnar, smuts, v\u00e4der och vind. De 4 f\u00f6rvaringsfickorna p\u00e5minner oss om sadelv\u00e4skor p\u00e5 en h\u00e4st och systemet \u00e4r s\u00e4krat p\u00e5 b\u00e5gens lemmar med sn\u00f6rningsband som h\u00e5ller b\u00e5gen p\u00e5 plats under l\u00e5ng tid.  <\/p>\n<p>Sadelv\u00e4skan \u00e4r f\u00e4lttestad av HFE-personal och har visat sig vara det b\u00e4sta s\u00e4ttet att b\u00e4ra din b\u00e5ge, avst\u00e5ndsm\u00e4tare, vattenflaska, lampa, draglina och massor av annan viktig liten utrustning utan att beh\u00f6va en separat ryggs\u00e4ck. Om du redan har ett tr\u00e4d- eller tr\u00e4dsadelsystem p\u00e5 ryggen \u00e4r detta det perfekta verktyget f\u00f6r att ta dig till omr\u00e5det. Det g\u00f6r ocks\u00e5 att du kan lyfta upp allt i tr\u00e4det i ett svep. Sedan fungerar den som flexibla h\u00e4ngande f\u00f6rvaringsfack fr\u00e5n vilken gren eller tr\u00e4darm som helst. Vad mer kan du \u00f6nska dig?!    <\/p>\n<p>Denna multifunktionella b\u00e5gv\u00e4ska kommer att bli ditt favorittillbeh\u00f6r f\u00f6r n\u00e4sta s\u00e4songs jakt.<\/p>\n","protected":false},"excerpt":{"rendered":"<p>Den nya kombinationen av b\u00e5gsele och sadelv\u00e4ska f\u00f6r k\u00f6tts\u00f6kare \u00e4r det perfekta verktyget f\u00f6r att resa l\u00e4tt till ditt jaktomr\u00e5de. B\u00e5gselen skyddar alla viktiga delar av din dyra b\u00e5ge fr\u00e5n pinnar, smuts, v\u00e4der och vind. De 4 f\u00f6rvaringsfickorna p\u00e5minner oss om sadelv\u00e4skor p\u00e5 en h\u00e4st och systemet \u00e4r s\u00e4krat p\u00e5 b\u00e5gens lemmar med sn\u00f6rningsband som [&#8230;]\n","protected":false},"featured_media":249995,"comment_status":"open","ping_status":"closed","template":"","meta":[],"product_brand":[],"product_cat":[2887,2765,2886],"product_tag":[],"class_list":{"0":"post-287316","1":"product","2":"type-product","3":"status-publish","4":"has-post-thumbnail","6":"product_cat-fodral-och-vaskor","7":"product_cat-fyndlada-slutrea","8":"product_cat-mjuka-fodral-compound","10":"first","11":"instock","12":"sale","13":"featured","14":"taxable","15":"shipping-taxable","16":"purchasable","17":"product-type-simple"},"composite_virtual":false,"composite_layout":"","composite_add_to_cart_form_location":"","composite_editable_in_cart":false,"composite_sold_individually_context":"","composite_shop_price_calc":"","composite_components":[],"composite_scenarios":[],"group_of_quantity":0,"min_quantity":0,"max_quantity":"","exclude_order_quantity_value_rules":"no","exclude_category_quantity_rules":"no","combine_variations":"no","exclude_global_add_ons":[],"addons":[],"_links":{"self":[{"href":"https:\/\/www.huntersfriend.eu\/sv\/wp-json\/wp\/v2\/product\/287316","targetHints":{"allow":["GET"]}}],"collection":[{"href":"https:\/\/www.huntersfriend.eu\/sv\/wp-json\/wp\/v2\/product"}],"about":[{"href":"https:\/\/www.huntersfriend.eu\/sv\/wp-json\/wp\/v2\/types\/product"}],"replies":[{"embeddable":true,"href":"https:\/\/www.huntersfriend.eu\/sv\/wp-json\/wp\/v2\/comments?post=287316"}],"wp:featuredmedia":[{"embeddable":true,"href":"https:\/\/www.huntersfriend.eu\/sv\/wp-json\/wp\/v2\/media\/249995"}],"wp:attachment":[{"href":"https:\/\/www.huntersfriend.eu\/sv\/wp-json\/wp\/v2\/media?parent=287316"}],"wp:term":[{"taxonomy":"product_brand","embeddable":true,"href":"https:\/\/www.huntersfriend.eu\/sv\/wp-json\/wp\/v2\/product_brand?post=287316"},{"taxonomy":"product_cat","embeddable":true,"href":"https:\/\/www.huntersfriend.eu\/sv\/wp-json\/wp\/v2\/product_cat?post=287316"},{"taxonomy":"product_tag","embeddable":true,"href":"https:\/\/www.huntersfriend.eu\/sv\/wp-json\/wp\/v2\/product_tag?post=287316"}],"curies":[{"name":"wp","href":"https:\/\/api.w.org\/{rel}","templated":true}]}}