{"id":287314,"date":"2023-04-17T13:11:53","date_gmt":"2023-04-17T11:11:53","guid":{"rendered":"https:\/\/www.huntersfriend.eu\/product\/barrem-for-kottsokande-pilbage\/"},"modified":"2025-08-27T06:21:34","modified_gmt":"2025-08-27T04:21:34","slug":"barrem-for-kottsokande-pilbage","status":"publish","type":"product","link":"https:\/\/www.huntersfriend.eu\/sv\/produkt\/barrem-for-kottsokande-pilbage\/","title":{"rendered":"B\u00e4rrem f\u00f6r k\u00f6tts\u00f6kande pilb\u00e5ge"},"content":{"rendered":"<p><span class=\"jCAhz ChMk0b\"><span class=\"ryNqvb\">B\u00e4rremmen f\u00f6r k\u00f6tts\u00f6kande pilb\u00e5ge \u00e4r en b\u00e4ranordning f\u00f6r pilb\u00e5gar tillverkad av neopren.<\/span><\/span> <span class=\"jCAhz ChMk0b\"><span class=\"ryNqvb\">Med denna l\u00e4ttviktiga anordning f\u00f6r att b\u00e4ra str\u00e4ngen kan du bekv\u00e4mt transportera pilb\u00e5gen \u00f6ver axeln, samtidigt som den skyddar str\u00e4ngen och kammarna under transport.<\/span><\/span><\/p>\n","protected":false},"excerpt":{"rendered":"<p>B\u00e4rremmen f\u00f6r k\u00f6tts\u00f6kande pilb\u00e5ge \u00e4r en b\u00e4ranordning f\u00f6r pilb\u00e5gar tillverkad av neopren. Med denna l\u00e4ttviktiga anordning f\u00f6r att b\u00e4ra str\u00e4ngen kan du bekv\u00e4mt transportera pilb\u00e5gen \u00f6ver axeln, samtidigt som den skyddar str\u00e4ngen och kammarna under transport.<\/p>\n","protected":false},"featured_media":249961,"comment_status":"open","ping_status":"closed","template":"","meta":[],"product_brand":[],"product_cat":[2886],"product_tag":[],"class_list":{"0":"post-287314","1":"product","2":"type-product","3":"status-publish","4":"has-post-thumbnail","6":"product_cat-mjuka-fodral-compound","8":"first","9":"instock","10":"taxable","11":"shipping-taxable","12":"purchasable","13":"product-type-simple"},"composite_virtual":false,"composite_layout":"","composite_add_to_cart_form_location":"","composite_editable_in_cart":false,"composite_sold_individually_context":"","composite_shop_price_calc":"","composite_components":[],"composite_scenarios":[],"group_of_quantity":0,"min_quantity":0,"max_quantity":"","exclude_order_quantity_value_rules":"no","exclude_category_quantity_rules":"no","combine_variations":"no","exclude_global_add_ons":[],"addons":[],"_links":{"self":[{"href":"https:\/\/www.huntersfriend.eu\/sv\/wp-json\/wp\/v2\/product\/287314","targetHints":{"allow":["GET"]}}],"collection":[{"href":"https:\/\/www.huntersfriend.eu\/sv\/wp-json\/wp\/v2\/product"}],"about":[{"href":"https:\/\/www.huntersfriend.eu\/sv\/wp-json\/wp\/v2\/types\/product"}],"replies":[{"embeddable":true,"href":"https:\/\/www.huntersfriend.eu\/sv\/wp-json\/wp\/v2\/comments?post=287314"}],"wp:featuredmedia":[{"embeddable":true,"href":"https:\/\/www.huntersfriend.eu\/sv\/wp-json\/wp\/v2\/media\/249961"}],"wp:attachment":[{"href":"https:\/\/www.huntersfriend.eu\/sv\/wp-json\/wp\/v2\/media?parent=287314"}],"wp:term":[{"taxonomy":"product_brand","embeddable":true,"href":"https:\/\/www.huntersfriend.eu\/sv\/wp-json\/wp\/v2\/product_brand?post=287314"},{"taxonomy":"product_cat","embeddable":true,"href":"https:\/\/www.huntersfriend.eu\/sv\/wp-json\/wp\/v2\/product_cat?post=287314"},{"taxonomy":"product_tag","embeddable":true,"href":"https:\/\/www.huntersfriend.eu\/sv\/wp-json\/wp\/v2\/product_tag?post=287314"}],"curies":[{"name":"wp","href":"https:\/\/api.w.org\/{rel}","templated":true}]}}