{"id":287310,"date":"2023-04-13T17:04:38","date_gmt":"2023-04-13T15:04:38","guid":{"rendered":"https:\/\/www.huntersfriend.eu\/product\/g5-sportsman-slipare\/"},"modified":"2025-08-27T06:21:32","modified_gmt":"2025-08-27T04:21:32","slug":"g5-sportsman-slipare","status":"publish","type":"product","link":"https:\/\/www.huntersfriend.eu\/sv\/produkt\/g5-sportsman-slipare\/","title":{"rendered":"G5 sportsman-slipare"},"content":{"rendered":"<p>Sportsman-sliparen var ursprungligen avsedd som ett verktyg f\u00f6r att v\u00e4ssa jaktspetsar och knivar i f\u00e4lt, men har blivit popul\u00e4r bland hemmafruar och hantverkare. Den \u00e4r enkel att anv\u00e4nda och karbidinsatserna kan enkelt justeras f\u00f6r att ge &#8221;nya&#8221; slipkanter. <\/p>\n","protected":false},"excerpt":{"rendered":"<p>Sportsman-sliparen var ursprungligen avsedd som ett verktyg f\u00f6r att v\u00e4ssa jaktspetsar och knivar i f\u00e4lt, men har blivit popul\u00e4r bland hemmafruar och hantverkare. Den \u00e4r enkel att anv\u00e4nda och karbidinsatserna kan enkelt justeras f\u00f6r att ge &#8221;nya&#8221; slipkanter.<\/p>\n","protected":false},"featured_media":287311,"comment_status":"open","ping_status":"closed","template":"","meta":[],"product_brand":[],"product_cat":[2633,2610],"product_tag":[],"class_list":{"0":"post-287310","1":"product","2":"type-product","3":"status-publish","4":"has-post-thumbnail","6":"product_cat-diverse-bagskytte","7":"product_cat-knivar-yxor-och-slipar","9":"first","10":"instock","11":"taxable","12":"shipping-taxable","13":"purchasable","14":"product-type-simple"},"composite_virtual":false,"composite_layout":"","composite_add_to_cart_form_location":"","composite_editable_in_cart":false,"composite_sold_individually_context":"","composite_shop_price_calc":"","composite_components":[],"composite_scenarios":[],"group_of_quantity":0,"min_quantity":0,"max_quantity":"","exclude_order_quantity_value_rules":"no","exclude_category_quantity_rules":"no","combine_variations":"no","exclude_global_add_ons":[],"addons":[],"_links":{"self":[{"href":"https:\/\/www.huntersfriend.eu\/sv\/wp-json\/wp\/v2\/product\/287310","targetHints":{"allow":["GET"]}}],"collection":[{"href":"https:\/\/www.huntersfriend.eu\/sv\/wp-json\/wp\/v2\/product"}],"about":[{"href":"https:\/\/www.huntersfriend.eu\/sv\/wp-json\/wp\/v2\/types\/product"}],"replies":[{"embeddable":true,"href":"https:\/\/www.huntersfriend.eu\/sv\/wp-json\/wp\/v2\/comments?post=287310"}],"wp:featuredmedia":[{"embeddable":true,"href":"https:\/\/www.huntersfriend.eu\/sv\/wp-json\/wp\/v2\/media\/287311"}],"wp:attachment":[{"href":"https:\/\/www.huntersfriend.eu\/sv\/wp-json\/wp\/v2\/media?parent=287310"}],"wp:term":[{"taxonomy":"product_brand","embeddable":true,"href":"https:\/\/www.huntersfriend.eu\/sv\/wp-json\/wp\/v2\/product_brand?post=287310"},{"taxonomy":"product_cat","embeddable":true,"href":"https:\/\/www.huntersfriend.eu\/sv\/wp-json\/wp\/v2\/product_cat?post=287310"},{"taxonomy":"product_tag","embeddable":true,"href":"https:\/\/www.huntersfriend.eu\/sv\/wp-json\/wp\/v2\/product_tag?post=287310"}],"curies":[{"name":"wp","href":"https:\/\/api.w.org\/{rel}","templated":true}]}}