{"id":287309,"date":"2023-04-17T13:11:52","date_gmt":"2023-04-17T11:11:52","guid":{"rendered":"https:\/\/www.huntersfriend.eu\/product\/mjuk-bagvaska-for-kottsokare\/"},"modified":"2025-10-29T12:36:10","modified_gmt":"2025-10-29T10:36:10","slug":"mjuk-bagvaska-for-kottsokare","status":"publish","type":"product","link":"https:\/\/www.huntersfriend.eu\/sv\/produkt\/mjuk-bagvaska-for-kottsokare\/","title":{"rendered":"Mjuk b\u00e5gv\u00e4ska f\u00f6r k\u00f6tts\u00f6kare"},"content":{"rendered":"<p>The Meat Seeker Soft Bow Bag \u00e4r en rymlig mjuk b\u00e5gv\u00e4ska f\u00f6r en modern compoundb\u00e5ge. P\u00e5 framsidan av b\u00e5gv\u00e4skan finns en l\u00e5ng ficka f\u00f6r pilar och en mindre ficka f\u00f6r tillbeh\u00f6r. Du kan b\u00e4ra b\u00e5gv\u00e4skan antingen med en traditionell axelrem eller s\u00e5 kan du enkelt omvandla v\u00e4skan till en ryggs\u00e4cksmodell, tack vare remmarna som \u00e4r dolda under fliken p\u00e5 baksidan.  <\/p>\n<p>Tv\u00e5 inre remmar f\u00f6r att s\u00e4kra b\u00e5gen<\/p>\n<p>Interna skyddskuddar f\u00f6r kammar<\/p>\n<p>M\u00e5tt: 103 cm x 42 cm x 12 cm<\/p>\n","protected":false},"excerpt":{"rendered":"<p>The Meat Seeker Soft Bow Bag \u00e4r en rymlig mjuk b\u00e5gv\u00e4ska f\u00f6r en modern compoundb\u00e5ge. P\u00e5 framsidan av b\u00e5gv\u00e4skan finns en l\u00e5ng ficka f\u00f6r pilar och en mindre ficka f\u00f6r tillbeh\u00f6r. Du kan b\u00e4ra b\u00e5gv\u00e4skan antingen med en traditionell axelrem eller s\u00e5 kan du enkelt omvandla v\u00e4skan till en ryggs\u00e4cksmodell, tack vare remmarna som \u00e4r [&#8230;]\n","protected":false},"featured_media":248796,"comment_status":"open","ping_status":"closed","template":"","meta":[],"product_brand":[],"product_cat":[2886],"product_tag":[],"class_list":{"0":"post-287309","1":"product","2":"type-product","3":"status-publish","4":"has-post-thumbnail","6":"product_cat-mjuka-fodral-compound","7":"product_shipping_class-medium-sv","9":"first","10":"instock","11":"featured","12":"taxable","13":"shipping-taxable","14":"purchasable","15":"product-type-simple"},"composite_virtual":false,"composite_layout":"","composite_add_to_cart_form_location":"","composite_editable_in_cart":false,"composite_sold_individually_context":"","composite_shop_price_calc":"","composite_components":[],"composite_scenarios":[],"group_of_quantity":0,"min_quantity":0,"max_quantity":"","exclude_order_quantity_value_rules":"no","exclude_category_quantity_rules":"no","combine_variations":"no","exclude_global_add_ons":[],"addons":[],"_links":{"self":[{"href":"https:\/\/www.huntersfriend.eu\/sv\/wp-json\/wp\/v2\/product\/287309","targetHints":{"allow":["GET"]}}],"collection":[{"href":"https:\/\/www.huntersfriend.eu\/sv\/wp-json\/wp\/v2\/product"}],"about":[{"href":"https:\/\/www.huntersfriend.eu\/sv\/wp-json\/wp\/v2\/types\/product"}],"replies":[{"embeddable":true,"href":"https:\/\/www.huntersfriend.eu\/sv\/wp-json\/wp\/v2\/comments?post=287309"}],"wp:featuredmedia":[{"embeddable":true,"href":"https:\/\/www.huntersfriend.eu\/sv\/wp-json\/wp\/v2\/media\/248796"}],"wp:attachment":[{"href":"https:\/\/www.huntersfriend.eu\/sv\/wp-json\/wp\/v2\/media?parent=287309"}],"wp:term":[{"taxonomy":"product_brand","embeddable":true,"href":"https:\/\/www.huntersfriend.eu\/sv\/wp-json\/wp\/v2\/product_brand?post=287309"},{"taxonomy":"product_cat","embeddable":true,"href":"https:\/\/www.huntersfriend.eu\/sv\/wp-json\/wp\/v2\/product_cat?post=287309"},{"taxonomy":"product_tag","embeddable":true,"href":"https:\/\/www.huntersfriend.eu\/sv\/wp-json\/wp\/v2\/product_tag?post=287309"}],"curies":[{"name":"wp","href":"https:\/\/api.w.org\/{rel}","templated":true}]}}