{"id":287305,"date":"2023-03-22T15:42:07","date_gmt":"2023-03-22T13:42:07","guid":{"rendered":"https:\/\/www.huntersfriend.eu\/product\/conibear-falla-belisle-120-2-5-st\/"},"modified":"2025-10-20T10:32:50","modified_gmt":"2025-10-20T08:32:50","slug":"conibear-falla-belisle-120-2-5-st","status":"publish","type":"product","link":"https:\/\/www.huntersfriend.eu\/sv\/produkt\/conibear-falla-belisle-120-2-5-st\/","title":{"rendered":"Conibear f\u00e5ngstl\u00e5da +conibear 120-2 5 st"},"content":{"rendered":"<p class=\"tw-data-text tw-text-large tw-ta\" dir=\"ltr\" data-placeholder=\"K\u00e4\u00e4nn\u00f6s\"><span class=\"Y2IQFc\" lang=\"en\">Detta paket inneh\u00e5ller b\u00e5de 5 st f\u00e4llor och den mycket popul\u00e4ra Conibear 120-2 f\u00e4llan! <\/span><span class=\"Y2IQFc\" lang=\"en\">Diametern p\u00e5 boxens \u00f6ppning \u00e4r 8 cm. Boxen kan anv\u00e4ndas antingen som en genomg\u00e5ngsbox eller som en enkelbox. Den andra \u00e4nden kan st\u00e4ngas med en avtagbar pinne. Taket kan enkelt \u00f6ppnas, s\u00e5 underh\u00e5ll \u00e4r l\u00e4tt att utf\u00f6ra.   <\/span><\/p>\n<p id=\"tw-target-text\" class=\"tw-data-text tw-text-large tw-ta\" dir=\"ltr\" data-placeholder=\"K\u00e4\u00e4nn\u00f6s\"><span class=\"Y2IQFc\" lang=\"en\">Paketstorlek 72x20x6 cm\/box och leveransen inkluderar n\u00f6dv\u00e4ndiga delar och verktyg f\u00f6r att montera boxen.<\/span><\/p>\n<p class=\"tw-data-text tw-text-large tw-ta\" dir=\"ltr\" data-placeholder=\"K\u00e4\u00e4nn\u00f6s\"><span class=\"Y2IQFc\" lang=\"en\">Conibear\u00ae-f\u00e4llorna \u00e4r omedelbart d\u00f6dliga och enligt lag m\u00e5ste de placeras i ett skyddande h\u00f6lje som hindrar utomst\u00e5ende eller icke-m\u00e5ldjur fr\u00e5n att komma \u00e5t f\u00e4llan. Modellerna 120-2, 120-2 SS \u00e4r s\u00e4rskilt l\u00e4mpliga f\u00f6r att f\u00e5nga mink och m\u00e5rd.  <\/span><span class=\"Y2IQFc\" lang=\"en\">De ursprungliga Conibear\u00ae-f\u00e4llorna \u00e4r popul\u00e4ra \u00f6ver hela v\u00e4rlden.<\/span><\/p>\n","protected":false},"excerpt":{"rendered":"<p>Detta paket inneh\u00e5ller b\u00e5de 5 st f\u00e4llor och den mycket popul\u00e4ra Conibear 120-2 f\u00e4llan! Diametern p\u00e5 boxens \u00f6ppning \u00e4r 8 cm. Boxen kan anv\u00e4ndas antingen som en genomg\u00e5ngsbox eller som en enkelbox. Den andra \u00e4nden kan st\u00e4ngas med en avtagbar pinne. Taket kan enkelt \u00f6ppnas, s\u00e5 underh\u00e5ll \u00e4r l\u00e4tt att utf\u00f6ra. Paketstorlek 72x20x6 cm\/box och [&#8230;]\n","protected":false},"featured_media":287299,"comment_status":"open","ping_status":"closed","template":"","meta":[],"product_brand":[],"product_cat":[2696],"product_tag":[],"class_list":{"0":"post-287305","1":"product","2":"type-product","3":"status-publish","4":"has-post-thumbnail","6":"product_cat-fallor-och-fangsttillbehor","7":"product_shipping_class-medium-sv","9":"first","10":"instock","11":"taxable","12":"shipping-taxable","13":"purchasable","14":"product-type-simple"},"composite_virtual":false,"composite_layout":"","composite_add_to_cart_form_location":"","composite_editable_in_cart":false,"composite_sold_individually_context":"","composite_shop_price_calc":"","composite_components":[],"composite_scenarios":[],"group_of_quantity":0,"min_quantity":0,"max_quantity":"","exclude_order_quantity_value_rules":"no","exclude_category_quantity_rules":"no","combine_variations":"no","exclude_global_add_ons":[],"addons":[],"_links":{"self":[{"href":"https:\/\/www.huntersfriend.eu\/sv\/wp-json\/wp\/v2\/product\/287305","targetHints":{"allow":["GET"]}}],"collection":[{"href":"https:\/\/www.huntersfriend.eu\/sv\/wp-json\/wp\/v2\/product"}],"about":[{"href":"https:\/\/www.huntersfriend.eu\/sv\/wp-json\/wp\/v2\/types\/product"}],"replies":[{"embeddable":true,"href":"https:\/\/www.huntersfriend.eu\/sv\/wp-json\/wp\/v2\/comments?post=287305"}],"wp:featuredmedia":[{"embeddable":true,"href":"https:\/\/www.huntersfriend.eu\/sv\/wp-json\/wp\/v2\/media\/287299"}],"wp:attachment":[{"href":"https:\/\/www.huntersfriend.eu\/sv\/wp-json\/wp\/v2\/media?parent=287305"}],"wp:term":[{"taxonomy":"product_brand","embeddable":true,"href":"https:\/\/www.huntersfriend.eu\/sv\/wp-json\/wp\/v2\/product_brand?post=287305"},{"taxonomy":"product_cat","embeddable":true,"href":"https:\/\/www.huntersfriend.eu\/sv\/wp-json\/wp\/v2\/product_cat?post=287305"},{"taxonomy":"product_tag","embeddable":true,"href":"https:\/\/www.huntersfriend.eu\/sv\/wp-json\/wp\/v2\/product_tag?post=287305"}],"curies":[{"name":"wp","href":"https:\/\/api.w.org\/{rel}","templated":true}]}}