{"id":287298,"date":"2023-04-14T09:04:49","date_gmt":"2023-04-14T07:04:49","guid":{"rendered":"https:\/\/www.huntersfriend.eu\/product\/kottsokare-stinger-fardigfjadrade-pilar\/"},"modified":"2026-01-07T08:00:52","modified_gmt":"2026-01-07T06:00:52","slug":"kottsokare-stinger-fardigfjadrade-pilar","status":"publish","type":"product","link":"https:\/\/www.huntersfriend.eu\/sv\/produkt\/kottsokare-stinger-fardigfjadrade-pilar\/","title":{"rendered":"K\u00f6tts\u00f6kare Stinger f\u00e4rdigfj\u00e4drade pilar"},"content":{"rendered":"<p><strong>NYHET FR\u00c5N MEAT SEEKER!<\/strong><\/p>\n<p>Se h\u00e4r, den nya kungen av kolfiberjaktpilar! Den helt nya Meat Seeker Stinger \u00e4r en absolut d\u00f6dsmaskin! H\u00e5rdsl\u00e5ende kolfiberskaft med liten diameter levererar maximal kinetisk energi till m\u00e5let och ger den penetration du beh\u00f6ver f\u00f6r att f\u00e5 k\u00f6ttet till frysen. Den h\u00e4r pilen g\u00f6r susen \u00e4ven med de tuffaste och st\u00f6rsta vilt djuren.   <\/p>\n<ul>\n<li>.003 rakhet<\/li>\n<li>5,2 mm (.204) innerdiameter<\/li>\n<li>Mycket konsekvent GPI<\/li>\n<li>GPI per spine\n<ul>\n<li>250 &#8211; 11,4 GPI<\/li>\n<li>300 &#8211; 10,1 GPI<\/li>\n<li>350 &#8211; 9,1 GPI<\/li>\n<\/ul>\n<\/li>\n<li>H\u00f6gkvalitativt kol<\/li>\n<li>X-storlek h\u00f6gkvalitativa nockar ing\u00e5r<\/li>\n<li>H\u00f6gkvalitativa Meat Seeker outserts ing\u00e5r<\/li>\n<li>F\u00e4rgerna p\u00e5 fj\u00e4drarna kan variera<\/li>\n<\/ul>\n<p><strong>ANGE OM DU VILL ATT PILARNA SKA KAPAS TILL EN VISS L\u00c4NGD I INFO-F\u00c4LTET VID KASSAN!<\/strong><\/p>\n<p><span lang=\"EN-US\">Dessa spine-tabeller \u00e4r normaliserade f\u00f6r moderna compoundb\u00e5gar med IBO-hastigheter mellan 280-330 fps. F\u00f6r snabbare b\u00e5gar, l\u00e4s tabellen ett block ned och till h\u00f6ger. F\u00f6r l\u00e5ngsammare b\u00e5gar, l\u00e4s tabellen ett block upp och till v\u00e4nster. Tabellen g\u00e4ller inte f\u00f6r traditionella b\u00e5gar. OBS: Faktiska pilspine-avvikelser st\u00e4mmer inte n\u00f6dv\u00e4ndigtvis \u00f6verens med tillverkarens marknadsf\u00f6rda spine-storlekar (Gold Tip 5575, Carbon Force 200, Carbon Express 60\/75, etc.). Tillverkarens spine-storlekssystem       <\/span><strong><span lang=\"EN-US\">kan vara godtyckliga<\/span><\/strong><span lang=\"EN-US\">  (100, 200, 300, 400) och kanske eller kanske inte \u00e5terspeglar pilarnas faktiska spin-avvikelser. Till exempel har en &#8221;Carbon Express Maxima 250&#8243; en faktisk spin-avvikelse p\u00e5 .404&#8243;, inte .250&#8221; som storleken antyder. I det h\u00e4r fallet \u00e4r klassificeringssystemet godtyckligt. F\u00f6r att vara s\u00e4ker, ANTA INTE att en pils publicerade spin-storlek matchar pilens faktiska avvikelse. Se faktiska pilspecifikationsdata ovan innan du anv\u00e4nder den h\u00e4r tabellen f\u00f6r att v\u00e4lja en l\u00e4mplig spin-styvhet f\u00f6r din b\u00e5ge.      <em><strong>Om du beh\u00f6ver hj\u00e4lp, ring v\u00e5r pro-shop p\u00e5 +358 45 208 6292 eller skicka ett e-postmeddelande till oss f\u00f6r assistans.<\/strong><\/em><\/span><\/p>\n","protected":false},"excerpt":{"rendered":"<p>NYHET FR\u00c5N MEAT SEEKER! Se h\u00e4r, den nya kungen av kolfiberjaktpilar! Den helt nya Meat Seeker Stinger \u00e4r en absolut d\u00f6dsmaskin! H\u00e5rdsl\u00e5ende kolfiberskaft med liten diameter levererar maximal kinetisk energi till m\u00e5let och ger den penetration du beh\u00f6ver f\u00f6r att f\u00e5 k\u00f6ttet till frysen. Den h\u00e4r pilen g\u00f6r susen \u00e4ven med de tuffaste och st\u00f6rsta [&#8230;]\n","protected":false},"featured_media":232776,"comment_status":"open","ping_status":"closed","template":"","meta":[],"product_brand":[],"product_cat":[2885],"product_tag":[],"class_list":{"0":"post-287298","1":"product","2":"type-product","3":"status-publish","4":"has-post-thumbnail","6":"product_cat-jaktpilar-i-karbon","8":"first","9":"outofstock","10":"taxable","11":"shipping-taxable","12":"purchasable","13":"product-type-variable"},"composite_virtual":false,"composite_layout":"","composite_add_to_cart_form_location":"","composite_editable_in_cart":false,"composite_sold_individually_context":"","composite_shop_price_calc":"","composite_components":[],"composite_scenarios":[],"group_of_quantity":0,"min_quantity":0,"max_quantity":"","exclude_order_quantity_value_rules":"no","exclude_category_quantity_rules":"no","combine_variations":"no","exclude_global_add_ons":false,"addons":[{"name":"Klipp till l\u00e4ngd","type":"multiple_choice","position":0,"required":true,"title_format":"label","default":"","description_enable":false,"description":null,"placeholder_enable":false,"placeholder":null,"display":"select","restrictions_type":"any_text","adjust_price":false,"price":"","price_type":"flat_fee","restrictions":false,"min":"0","max":"0","options":[{"label":"Klipp inte","price":"","price_type":"flat_fee","image":0,"visibility":true},{"label":"V\u00e4nligen klipp \u2013 l\u00e4gg till \u00f6nskad l\u00e4ngd i infof\u00e4ltet vid utcheckningen","price":"","price_type":"flat_fee","image":0,"visibility":true}]},{"name":"Insatser","type":"multiple_choice","position":1,"required":true,"title_format":"label","default":"","description_enable":false,"description":null,"placeholder_enable":false,"placeholder":null,"display":"select","restrictions_type":"any_text","adjust_price":false,"price":"","price_type":"flat_fee","restrictions":false,"min":"0","max":"0","options":[{"label":"Installera insatser (detta \u00e4r permanent!)","price":"","price_type":"flat_fee","image":0,"visibility":true},{"label":"Installera inte insatser (inkludera l\u00f6sa)","price":"","price_type":"flat_fee","image":0,"visibility":true}]}],"_links":{"self":[{"href":"https:\/\/www.huntersfriend.eu\/sv\/wp-json\/wp\/v2\/product\/287298","targetHints":{"allow":["GET"]}}],"collection":[{"href":"https:\/\/www.huntersfriend.eu\/sv\/wp-json\/wp\/v2\/product"}],"about":[{"href":"https:\/\/www.huntersfriend.eu\/sv\/wp-json\/wp\/v2\/types\/product"}],"replies":[{"embeddable":true,"href":"https:\/\/www.huntersfriend.eu\/sv\/wp-json\/wp\/v2\/comments?post=287298"}],"wp:featuredmedia":[{"embeddable":true,"href":"https:\/\/www.huntersfriend.eu\/sv\/wp-json\/wp\/v2\/media\/232776"}],"wp:attachment":[{"href":"https:\/\/www.huntersfriend.eu\/sv\/wp-json\/wp\/v2\/media?parent=287298"}],"wp:term":[{"taxonomy":"product_brand","embeddable":true,"href":"https:\/\/www.huntersfriend.eu\/sv\/wp-json\/wp\/v2\/product_brand?post=287298"},{"taxonomy":"product_cat","embeddable":true,"href":"https:\/\/www.huntersfriend.eu\/sv\/wp-json\/wp\/v2\/product_cat?post=287298"},{"taxonomy":"product_tag","embeddable":true,"href":"https:\/\/www.huntersfriend.eu\/sv\/wp-json\/wp\/v2\/product_tag?post=287298"}],"curies":[{"name":"wp","href":"https:\/\/api.w.org\/{rel}","templated":true}]}}