{"id":287296,"date":"2023-03-16T13:38:20","date_gmt":"2023-03-16T11:38:20","guid":{"rendered":"https:\/\/www.huntersfriend.eu\/product\/hamskea-omvandlingskit-hunter-rh\/"},"modified":"2025-08-27T06:21:28","modified_gmt":"2025-08-27T04:21:28","slug":"hamskea-omvandlingskit-hunter-rh","status":"publish","type":"product","link":"https:\/\/www.huntersfriend.eu\/sv\/produkt\/hamskea-omvandlingskit-hunter-rh\/","title":{"rendered":"Hamskea omvandlingskit Hunter RH"},"content":{"rendered":"<p>Omvandla ditt Trinity eller Hybrid Target Pro pilst\u00f6d till ett Hunter pilst\u00f6d.<\/p>\n<p>Detta kit inneh\u00e5ller:<\/p>\n<ol>\n<li>Det \u00f6vergjutna f\u00e4stet.<\/li>\n<li>Den \u00f6vergjutna avfyrningsrampen.<\/li>\n<li>Stansad filt f\u00f6r den \u00f6vergjutna avfyrningsrampen.<\/li>\n<li>Monteringsdetaljer.<\/li>\n<li>Justeringsskruv f\u00f6r avfyrningsrampens lutning.<\/li>\n<\/ol>\n","protected":false},"excerpt":{"rendered":"<p>Omvandla ditt Trinity eller Hybrid Target Pro pilst\u00f6d till ett Hunter pilst\u00f6d. Detta kit inneh\u00e5ller: Det \u00f6vergjutna f\u00e4stet. Den \u00f6vergjutna avfyrningsrampen. Stansad filt f\u00f6r den \u00f6vergjutna avfyrningsrampen. Monteringsdetaljer. Justeringsskruv f\u00f6r avfyrningsrampens lutning.<\/p>\n","protected":false},"featured_media":245066,"comment_status":"open","ping_status":"closed","template":"","meta":[],"product_brand":[],"product_cat":[2668,2693],"product_tag":[],"class_list":{"0":"post-287296","1":"product","2":"type-product","3":"status-publish","4":"has-post-thumbnail","6":"product_cat-compound-drop-away-hyllor","7":"product_cat-delar-till-stod","9":"first","10":"onbackorder","11":"taxable","12":"shipping-taxable","13":"purchasable","14":"product-type-simple"},"composite_virtual":false,"composite_layout":"","composite_add_to_cart_form_location":"","composite_editable_in_cart":false,"composite_sold_individually_context":"","composite_shop_price_calc":"","composite_components":[],"composite_scenarios":[],"group_of_quantity":0,"min_quantity":0,"max_quantity":"","exclude_order_quantity_value_rules":"no","exclude_category_quantity_rules":"no","combine_variations":"no","exclude_global_add_ons":[],"addons":[],"_links":{"self":[{"href":"https:\/\/www.huntersfriend.eu\/sv\/wp-json\/wp\/v2\/product\/287296","targetHints":{"allow":["GET"]}}],"collection":[{"href":"https:\/\/www.huntersfriend.eu\/sv\/wp-json\/wp\/v2\/product"}],"about":[{"href":"https:\/\/www.huntersfriend.eu\/sv\/wp-json\/wp\/v2\/types\/product"}],"replies":[{"embeddable":true,"href":"https:\/\/www.huntersfriend.eu\/sv\/wp-json\/wp\/v2\/comments?post=287296"}],"wp:featuredmedia":[{"embeddable":true,"href":"https:\/\/www.huntersfriend.eu\/sv\/wp-json\/wp\/v2\/media\/245066"}],"wp:attachment":[{"href":"https:\/\/www.huntersfriend.eu\/sv\/wp-json\/wp\/v2\/media?parent=287296"}],"wp:term":[{"taxonomy":"product_brand","embeddable":true,"href":"https:\/\/www.huntersfriend.eu\/sv\/wp-json\/wp\/v2\/product_brand?post=287296"},{"taxonomy":"product_cat","embeddable":true,"href":"https:\/\/www.huntersfriend.eu\/sv\/wp-json\/wp\/v2\/product_cat?post=287296"},{"taxonomy":"product_tag","embeddable":true,"href":"https:\/\/www.huntersfriend.eu\/sv\/wp-json\/wp\/v2\/product_tag?post=287296"}],"curies":[{"name":"wp","href":"https:\/\/api.w.org\/{rel}","templated":true}]}}