{"id":287294,"date":"2023-03-16T13:38:19","date_gmt":"2023-03-16T11:38:19","guid":{"rendered":"https:\/\/www.huntersfriend.eu\/product\/spot-hogg-grinder-mrt-5-pin-019-micro-rh\/"},"modified":"2025-08-27T06:21:26","modified_gmt":"2025-08-27T04:21:26","slug":"spot-hogg-grinder-mrt-5-pin-019-micro-rh","status":"publish","type":"product","link":"https:\/\/www.huntersfriend.eu\/sv\/produkt\/spot-hogg-grinder-mrt-5-pin-019-micro-rh\/","title":{"rendered":"Spot Hogg Grinder MRT \/ 5 PIN .019&#8243; MICRO RH"},"content":{"rendered":"<p>Det h\u00e4r siktet \u00e4r robust byggt fr\u00e5n grunden och designat som ett &#8221;st\u00e4ll in och gl\u00f6m&#8221;-sikte, utan krusiduller, f\u00f6r jakt. Om du letar efter ett kompakt, l\u00e4ttjusterat sikte med fasta stift som klarar \u00e4ven de mest kr\u00e4vande jakterna, dag efter dag, \u00e5r efter \u00e5r, beh\u00f6ver du inte leta l\u00e4ngre. Grinder \u00e4r byggt med den h\u00e5rt arbetande, h\u00e5rt jagande j\u00e4garen i \u00e5tanke.  <\/p>\n<div class=\"bg_title\">\n<h4 class=\"headInModule\">FUNKTIONER:<\/h4>\n<\/div>\n<div class=\"module_content\">\u2022 Finns med eller utan Gang Micro Adjustments<br \/>\n\u2022 L\u00e4ttaste siktet med fasta stift i v\u00e5rt sortiment<br \/>\n\u2022 Enkla, t\u00e5liga Gang Adjustments<br \/>\n\u2022 Robust, kompakt design<br \/>\n\u2022 Solid 6061 aluminiumkonstruktion<\/div>\n","protected":false},"excerpt":{"rendered":"<p>Det h\u00e4r siktet \u00e4r robust byggt fr\u00e5n grunden och designat som ett &#8221;st\u00e4ll in och gl\u00f6m&#8221;-sikte, utan krusiduller, f\u00f6r jakt. Om du letar efter ett kompakt, l\u00e4ttjusterat sikte med fasta stift som klarar \u00e4ven de mest kr\u00e4vande jakterna, dag efter dag, \u00e5r efter \u00e5r, beh\u00f6ver du inte leta l\u00e4ngre. Grinder \u00e4r byggt med den h\u00e5rt [&#8230;]\n","protected":false},"featured_media":244914,"comment_status":"open","ping_status":"closed","template":"","meta":[],"product_brand":[],"product_cat":[2690],"product_tag":[],"class_list":{"0":"post-287294","1":"product","2":"type-product","3":"status-publish","4":"has-post-thumbnail","6":"product_cat-bagjaktsikten","8":"first","9":"instock","10":"taxable","11":"shipping-taxable","12":"purchasable","13":"product-type-simple"},"composite_virtual":false,"composite_layout":"","composite_add_to_cart_form_location":"","composite_editable_in_cart":false,"composite_sold_individually_context":"","composite_shop_price_calc":"","composite_components":[],"composite_scenarios":[],"group_of_quantity":0,"min_quantity":0,"max_quantity":"","exclude_order_quantity_value_rules":"no","exclude_category_quantity_rules":"no","combine_variations":"no","exclude_global_add_ons":[],"addons":[],"_links":{"self":[{"href":"https:\/\/www.huntersfriend.eu\/sv\/wp-json\/wp\/v2\/product\/287294","targetHints":{"allow":["GET"]}}],"collection":[{"href":"https:\/\/www.huntersfriend.eu\/sv\/wp-json\/wp\/v2\/product"}],"about":[{"href":"https:\/\/www.huntersfriend.eu\/sv\/wp-json\/wp\/v2\/types\/product"}],"replies":[{"embeddable":true,"href":"https:\/\/www.huntersfriend.eu\/sv\/wp-json\/wp\/v2\/comments?post=287294"}],"wp:featuredmedia":[{"embeddable":true,"href":"https:\/\/www.huntersfriend.eu\/sv\/wp-json\/wp\/v2\/media\/244914"}],"wp:attachment":[{"href":"https:\/\/www.huntersfriend.eu\/sv\/wp-json\/wp\/v2\/media?parent=287294"}],"wp:term":[{"taxonomy":"product_brand","embeddable":true,"href":"https:\/\/www.huntersfriend.eu\/sv\/wp-json\/wp\/v2\/product_brand?post=287294"},{"taxonomy":"product_cat","embeddable":true,"href":"https:\/\/www.huntersfriend.eu\/sv\/wp-json\/wp\/v2\/product_cat?post=287294"},{"taxonomy":"product_tag","embeddable":true,"href":"https:\/\/www.huntersfriend.eu\/sv\/wp-json\/wp\/v2\/product_tag?post=287294"}],"curies":[{"name":"wp","href":"https:\/\/api.w.org\/{rel}","templated":true}]}}