{"id":287293,"date":"2023-03-16T13:40:40","date_gmt":"2023-03-16T11:40:40","guid":{"rendered":"https:\/\/www.huntersfriend.eu\/product\/hawk-cinch-hjortslap\/"},"modified":"2025-11-12T13:21:22","modified_gmt":"2025-11-12T11:21:22","slug":"hawk-cinch-hjortslap","status":"publish","type":"product","link":"https:\/\/www.huntersfriend.eu\/sv\/produkt\/hawk-cinch-hjortslap\/","title":{"rendered":"Hawk cinch hjortsl\u00e4p"},"content":{"rendered":"<p>Hjortar d\u00f6r ofta p\u00e5 sv\u00e5r\u00e5tkomliga platser, vanligtvis inte tillg\u00e4ngliga f\u00f6r ATV eller fordon. Traditionella sl\u00e4pmetoder kan g\u00f6ra det sv\u00e5rt att man\u00f6vrera vilt och resulterar i mycket kamp f\u00f6r att dra mot buskar och fallna tr\u00e4d. CINCH\u2122 Deer Drag \u00e4r snabb, enkel och minskar effektivt majoriteten av markfriktionen. Cinch\u2122 Deer Drag minskar dragvikten med upp till 40 % genom att lyfta huvudet, nacken och axelomr\u00e5det p\u00e5 en hjort fr\u00e5n marken helt enkelt genom att dra med armarna rakt bakom dig. F\u00f6rvara enkelt CINCH\u2122 i din packning och njut av din n\u00e4sta \u00e5terh\u00e4mtning!    <\/p>\n<p><strong>&#8211; 40 % MINSKAT MOTST\u00c5ND <\/strong>lyfter huvud &amp; nacke fr\u00e5n marken<\/p>\n<p><strong>&#8211; CINCH-VAJRAR f\u00e4sts snabbt <\/strong>p\u00e5 vilt och minskar markfriktionen<\/p>\n<p><strong>&#8211; ENKELT ATT DRA <\/strong>konturerat handtag \u00e4r ergonomiskt f\u00f6r en eller tv\u00e5 personer som drar<\/p>\n<p><strong>&#8211; ENKEL PACKNING <\/strong>kompakt 9,5 tum och extremt l\u00e4tt<\/p>\n<ul>\n<li>Fungerar med bockar och getter<\/li>\n<li>Dra med ATV eller fordon genom att placera handtaget \u00f6ver dragkulan<\/li>\n<\/ul>\n","protected":false},"excerpt":{"rendered":"<p>Hjortar d\u00f6r ofta p\u00e5 sv\u00e5r\u00e5tkomliga platser, vanligtvis inte tillg\u00e4ngliga f\u00f6r ATV eller fordon. Traditionella sl\u00e4pmetoder kan g\u00f6ra det sv\u00e5rt att man\u00f6vrera vilt och resulterar i mycket kamp f\u00f6r att dra mot buskar och fallna tr\u00e4d. CINCH\u2122 Deer Drag \u00e4r snabb, enkel och minskar effektivt majoriteten av markfriktionen. Cinch\u2122 Deer Drag minskar dragvikten med upp till [&#8230;]\n","protected":false},"featured_media":245718,"comment_status":"open","ping_status":"closed","template":"","meta":[],"product_brand":[],"product_cat":[2613,2765,2568],"product_tag":[],"class_list":{"0":"post-287293","1":"product","2":"type-product","3":"status-publish","4":"has-post-thumbnail","6":"product_cat-barselar-vaskor-och-hissar-for-vilt","7":"product_cat-fyndlada-slutrea","8":"product_cat-jakt-tillbehor","10":"first","11":"instock","12":"sale","13":"taxable","14":"shipping-taxable","15":"purchasable","16":"product-type-simple"},"composite_virtual":false,"composite_layout":"","composite_add_to_cart_form_location":"","composite_editable_in_cart":false,"composite_sold_individually_context":"","composite_shop_price_calc":"","composite_components":[],"composite_scenarios":[],"group_of_quantity":0,"min_quantity":0,"max_quantity":"","exclude_order_quantity_value_rules":"no","exclude_category_quantity_rules":"no","combine_variations":"no","exclude_global_add_ons":[],"addons":[],"_links":{"self":[{"href":"https:\/\/www.huntersfriend.eu\/sv\/wp-json\/wp\/v2\/product\/287293","targetHints":{"allow":["GET"]}}],"collection":[{"href":"https:\/\/www.huntersfriend.eu\/sv\/wp-json\/wp\/v2\/product"}],"about":[{"href":"https:\/\/www.huntersfriend.eu\/sv\/wp-json\/wp\/v2\/types\/product"}],"replies":[{"embeddable":true,"href":"https:\/\/www.huntersfriend.eu\/sv\/wp-json\/wp\/v2\/comments?post=287293"}],"wp:featuredmedia":[{"embeddable":true,"href":"https:\/\/www.huntersfriend.eu\/sv\/wp-json\/wp\/v2\/media\/245718"}],"wp:attachment":[{"href":"https:\/\/www.huntersfriend.eu\/sv\/wp-json\/wp\/v2\/media?parent=287293"}],"wp:term":[{"taxonomy":"product_brand","embeddable":true,"href":"https:\/\/www.huntersfriend.eu\/sv\/wp-json\/wp\/v2\/product_brand?post=287293"},{"taxonomy":"product_cat","embeddable":true,"href":"https:\/\/www.huntersfriend.eu\/sv\/wp-json\/wp\/v2\/product_cat?post=287293"},{"taxonomy":"product_tag","embeddable":true,"href":"https:\/\/www.huntersfriend.eu\/sv\/wp-json\/wp\/v2\/product_tag?post=287293"}],"curies":[{"name":"wp","href":"https:\/\/api.w.org\/{rel}","templated":true}]}}