{"id":287292,"date":"2023-03-16T13:39:43","date_gmt":"2023-03-16T11:39:43","guid":{"rendered":"https:\/\/www.huntersfriend.eu\/product\/darton-mentor-d-rh-svart-svart\/"},"modified":"2025-08-27T06:21:25","modified_gmt":"2025-08-27T04:21:25","slug":"darton-mentor-d-rh-svart-svart","status":"publish","type":"product","link":"https:\/\/www.huntersfriend.eu\/sv\/produkt\/darton-mentor-d-rh-svart-svart\/","title":{"rendered":"Darton Mentor d RH svart\/svart"},"content":{"rendered":"<p><span class=\"jCAhz ChMk0b\"><span class=\"ryNqvb\">MENTOR D \u2013 VALET F\u00d6R NYB\u00d6RJARSKYTTEN<\/span><\/span><\/p>\n<p><span class=\"jCAhz ChMk0b\"><span class=\"ryNqvb\">Darton MENTOR \u00e4r speciellt gjord f\u00f6r unga skyttar som vill b\u00f6rja med b\u00e5gskytte.<\/span><\/span> <span class=\"jCAhz ChMk0b\"><span class=\"ryNqvb\">\u00c4ven om priset p\u00e5 Darton Mentor D \u00e4r mycket konkurrenskraftigt, ville vi inte kompromissa f\u00f6r mycket med prestandan i dess design och tillverkning.<\/span><\/span> <span class=\"jCAhz ChMk0b\"><span class=\"ryNqvb\">Darton Mentor D \u00e4r ett utm\u00e4rkt val f\u00f6r kvinnor, ungdomar och seniorer som vill skjuta mycket, utan st\u00e4ndig tr\u00f6tthet.<\/span><\/span> <span class=\"jCAhz ChMk0b\"><span class=\"ryNqvb\">Dragl\u00e4ngden \u00e4r justerbar mellan 23&#8243; och 28&#8243;, vilket g\u00f6r Darton Metor D idealisk f\u00f6r mindre skyttar.<\/span><\/span><\/p>\n<p><span class=\"jCAhz ChMk0b\"><span class=\"ryNqvb\">Teknisk information:<\/span><\/span><\/p>\n<p><span class=\"jCAhz ChMk0b\"><span class=\"ryNqvb\">Hastighet: n\/a<\/span><\/span><\/p>\n<p><span class=\"jCAhz ChMk0b\"><span class=\"ryNqvb\">ATA: 32&#8243;<\/span><\/span><br \/>\n<span class=\"jCAhz ChMk0b\"><span class=\"ryNqvb\">Str\u00e4ngh\u00f6jd: 6 3\/8&#8243;<\/span><\/span><br \/>\n<span class=\"jCAhz ChMk0b\"><span class=\"ryNqvb\">Vikt: 3,7 LBS.<\/span><\/span><br \/>\n<span class=\"jCAhz ChMk0b\"><span class=\"ryNqvb\">Dragl\u00e4ngd: 23&#8243;-28&#8243;<\/span><\/span><br \/>\n<span class=\"jCAhz ChMk0b\"><span class=\"ryNqvb\">Dragviktsintervall: 25-40#<\/span><\/span><br \/>\n<span class=\"jCAhz ChMk0b\"><span class=\"ryNqvb\">Let off: 80 % (justerbar)<\/span><\/span><\/p>\n","protected":false},"excerpt":{"rendered":"<p>MENTOR D \u2013 VALET F\u00d6R NYB\u00d6RJARSKYTTEN Darton MENTOR \u00e4r speciellt gjord f\u00f6r unga skyttar som vill b\u00f6rja med b\u00e5gskytte. \u00c4ven om priset p\u00e5 Darton Mentor D \u00e4r mycket konkurrenskraftigt, ville vi inte kompromissa f\u00f6r mycket med prestandan i dess design och tillverkning. Darton Mentor D \u00e4r ett utm\u00e4rkt val f\u00f6r kvinnor, ungdomar och seniorer som [&#8230;]\n","protected":false},"featured_media":267235,"comment_status":"open","ping_status":"closed","template":"","meta":[],"product_brand":[],"product_cat":[878],"product_tag":[],"class_list":{"0":"post-287292","1":"product","2":"type-product","3":"status-publish","4":"has-post-thumbnail","6":"product_cat-uncategorized-sv","7":"product_shipping_class-big-sv","9":"first","10":"outofstock","11":"sale","12":"taxable","13":"shipping-taxable","14":"purchasable","15":"product-type-simple"},"composite_virtual":false,"composite_layout":"","composite_add_to_cart_form_location":"","composite_editable_in_cart":false,"composite_sold_individually_context":"","composite_shop_price_calc":"","composite_components":[],"composite_scenarios":[],"group_of_quantity":0,"min_quantity":0,"max_quantity":"","exclude_order_quantity_value_rules":"no","exclude_category_quantity_rules":"no","combine_variations":"no","exclude_global_add_ons":[],"addons":[],"_links":{"self":[{"href":"https:\/\/www.huntersfriend.eu\/sv\/wp-json\/wp\/v2\/product\/287292","targetHints":{"allow":["GET"]}}],"collection":[{"href":"https:\/\/www.huntersfriend.eu\/sv\/wp-json\/wp\/v2\/product"}],"about":[{"href":"https:\/\/www.huntersfriend.eu\/sv\/wp-json\/wp\/v2\/types\/product"}],"replies":[{"embeddable":true,"href":"https:\/\/www.huntersfriend.eu\/sv\/wp-json\/wp\/v2\/comments?post=287292"}],"wp:featuredmedia":[{"embeddable":true,"href":"https:\/\/www.huntersfriend.eu\/sv\/wp-json\/wp\/v2\/media\/267235"}],"wp:attachment":[{"href":"https:\/\/www.huntersfriend.eu\/sv\/wp-json\/wp\/v2\/media?parent=287292"}],"wp:term":[{"taxonomy":"product_brand","embeddable":true,"href":"https:\/\/www.huntersfriend.eu\/sv\/wp-json\/wp\/v2\/product_brand?post=287292"},{"taxonomy":"product_cat","embeddable":true,"href":"https:\/\/www.huntersfriend.eu\/sv\/wp-json\/wp\/v2\/product_cat?post=287292"},{"taxonomy":"product_tag","embeddable":true,"href":"https:\/\/www.huntersfriend.eu\/sv\/wp-json\/wp\/v2\/product_tag?post=287292"}],"curies":[{"name":"wp","href":"https:\/\/api.w.org\/{rel}","templated":true}]}}