{"id":287291,"date":"2023-03-16T13:38:18","date_gmt":"2023-03-16T11:38:18","guid":{"rendered":"https:\/\/www.huntersfriend.eu\/product\/pilutdragare-meat-seeker\/"},"modified":"2025-08-27T06:21:25","modified_gmt":"2025-08-27T04:21:25","slug":"pilutdragare-meat-seeker","status":"publish","type":"product","link":"https:\/\/www.huntersfriend.eu\/sv\/produkt\/pilutdragare-meat-seeker\/","title":{"rendered":"Pilutdragare &#8221;Meat Seeker&#8221;"},"content":{"rendered":"<p>Pilutdragaren &#8221;Meat Seeker&#8221; \u00e4r en pilutdragare som garanterar ett bra grepp. Denna smart dimensionerade pilutdragare kan b\u00e4ras runt i fickan eller f\u00e4stas i en b\u00e4ltes\u00f6gla med den medf\u00f6ljande kl\u00e4mman <\/p>\n","protected":false},"excerpt":{"rendered":"<p>Pilutdragaren &#8221;Meat Seeker&#8221; \u00e4r en pilutdragare som garanterar ett bra grepp. Denna smart dimensionerade pilutdragare kan b\u00e4ras runt i fickan eller f\u00e4stas i en b\u00e4ltes\u00f6gla med den medf\u00f6ljande kl\u00e4mman<\/p>\n","protected":false},"featured_media":248776,"comment_status":"open","ping_status":"closed","template":"","meta":[],"product_brand":[],"product_cat":[2633,2883],"product_tag":[],"class_list":{"0":"post-287291","1":"product","2":"type-product","3":"status-publish","4":"has-post-thumbnail","6":"product_cat-diverse-bagskytte","7":"product_cat-pilutdragare-och-smorjmedel","9":"first","10":"instock","11":"taxable","12":"shipping-taxable","13":"purchasable","14":"product-type-simple"},"composite_virtual":false,"composite_layout":"","composite_add_to_cart_form_location":"","composite_editable_in_cart":false,"composite_sold_individually_context":"","composite_shop_price_calc":"","composite_components":[],"composite_scenarios":[],"group_of_quantity":0,"min_quantity":0,"max_quantity":"","exclude_order_quantity_value_rules":"no","exclude_category_quantity_rules":"no","combine_variations":"no","exclude_global_add_ons":[],"addons":[],"_links":{"self":[{"href":"https:\/\/www.huntersfriend.eu\/sv\/wp-json\/wp\/v2\/product\/287291","targetHints":{"allow":["GET"]}}],"collection":[{"href":"https:\/\/www.huntersfriend.eu\/sv\/wp-json\/wp\/v2\/product"}],"about":[{"href":"https:\/\/www.huntersfriend.eu\/sv\/wp-json\/wp\/v2\/types\/product"}],"replies":[{"embeddable":true,"href":"https:\/\/www.huntersfriend.eu\/sv\/wp-json\/wp\/v2\/comments?post=287291"}],"wp:featuredmedia":[{"embeddable":true,"href":"https:\/\/www.huntersfriend.eu\/sv\/wp-json\/wp\/v2\/media\/248776"}],"wp:attachment":[{"href":"https:\/\/www.huntersfriend.eu\/sv\/wp-json\/wp\/v2\/media?parent=287291"}],"wp:term":[{"taxonomy":"product_brand","embeddable":true,"href":"https:\/\/www.huntersfriend.eu\/sv\/wp-json\/wp\/v2\/product_brand?post=287291"},{"taxonomy":"product_cat","embeddable":true,"href":"https:\/\/www.huntersfriend.eu\/sv\/wp-json\/wp\/v2\/product_cat?post=287291"},{"taxonomy":"product_tag","embeddable":true,"href":"https:\/\/www.huntersfriend.eu\/sv\/wp-json\/wp\/v2\/product_tag?post=287291"}],"curies":[{"name":"wp","href":"https:\/\/api.w.org\/{rel}","templated":true}]}}