{"id":287290,"date":"2023-03-16T13:39:39","date_gmt":"2023-03-16T11:39:39","guid":{"rendered":"https:\/\/www.huntersfriend.eu\/product\/mathews-phase-4-33-anpassad-pilbage\/"},"modified":"2025-08-27T06:21:23","modified_gmt":"2025-08-27T04:21:23","slug":"mathews-phase-4-33-anpassad-pilbage","status":"publish","type":"product","link":"https:\/\/www.huntersfriend.eu\/sv\/produkt\/mathews-phase-4-33-anpassad-pilbage\/","title":{"rendered":"Mathews Phase 4 33 anpassad pilb\u00e5ge"},"content":{"rendered":"<p><span data-text-color=\"alert\"><strong>Kontrollera v\u00e5r Mathews Phase 4 33 I lager-sida f\u00f6r att se om vi har pilb\u00e5gen innan du best\u00e4ller h\u00e4rifr\u00e5n. Leveranstiderna \u00e4r cirka 1\u20132 veckor f\u00f6r pilb\u00e5gar i Mathews Europa-lager och 8\u201310 veckor f\u00f6r specialbest\u00e4llda modeller fr\u00e5n Mathews USA. Kontakta oss direkt f\u00f6r mer exakt information om tillg\u00e4nglighet.  <\/strong><\/span><\/p>\n<p>2023 \u00e5rs Phase 4 \u00e4r v\u00e5rt mest effektiva jaktsystem hittills. I \u00e5r utmanade vi oss sj\u00e4lva att f\u00f6rnya oss i framkant av vad fysiken till\u00e5ter i en jaktpilb\u00e5ge. Genom att d\u00e4mpa vibrationer direkt i lemmarna kan vi drastiskt minska nedstr\u00f6ms sl\u00f6sad energi som k\u00e4nns i handen under och efter skottet. Kombinerat med v\u00e5ra nya Bridge-Lock-stabilisatorer som erbjuder f\u00f6rb\u00e4ttrade balanspunkter, \u00f6kad harmonisk justerbarhet och en mer robust anslutning till din pilb\u00e5ge, \u00e4r Phase 4 det mest avancerade och anpassningsbara jaktsystemet vi n\u00e5gonsin har designat.   <\/p>\n<div class=\"swiper-slide swiper-slide-duplicate swiper-slide-duplicate-active swiper-slide-prev\" data-swiper-slide-index=\"0\">\n<div class=\"specs\">\n<div class=\"spec\"><span class=\"label\">BRACE HEIGHT <\/span><span class=\"value\">6,5&#8243;<\/span><\/div>\n<div class=\"spec\"><span class=\"label\">IBO RATING<\/span><span class=\"value\">UP TO 336 FPS<\/span><\/div>\n<div class=\"spec\"><span class=\"label\">AXLE-TO-AXLE 33<\/span><span class=\"value\">&#8221;<\/span><\/div>\n<div class=\"spec\"><span class=\"label\">DRAW WEIGHT <\/span><span class=\"value\">60, 65, 70 &amp; 75<\/span><\/div>\n<div class=\"spec\"><span class=\"label\">DRAW LENGTHS <\/span><span class=\"value\">27&#8243; &#8211; 31,5&#8243;<\/span><\/div>\n<div class=\"spec\"><span class=\"label\">LET-OFF <\/span><span class=\"value\">80 OR 85%<\/span><\/div>\n<div class=\"spec\"><span class=\"label\">PHYSICAL WEIGHT <\/span><span class=\"value\">4.68 LBS<\/span><\/div>\n<div class=\"spec\"><span class=\"label\">CAM<\/span><span class=\"value\">CROSSCENTRIC W\/ SWITCHWEIGHT TECHNOLOGY<\/span><\/div>\n<\/div>\n<div>\n<h2 class=\"headline medium ls-small line-before\">RESISTANCE PHASE DAMPING<sup>\u2122<\/sup><\/h2>\n<div class=\"copy\">\n<p>RPD stoppar vibrationer vid k\u00e4llan \u2013 vilket resulterar i v\u00e5rt smidigaste b\u00e5gskyttesystem hittills. Denna f\u00f6rsta innovation i sitt slag tar itu med \u00f6verfl\u00f6dig energi direkt i lemmarna \u2013 vilket avsev\u00e4rt d\u00e4mpar och tystar vibrationer efter skottet. <\/p>\n<h2 class=\"headline medium ls-small line-before\">NY BRIDGE-LOCK<sup>\u2122<\/sup>STABILIZER<\/h2>\n<div class=\"copy\">\n<p>Med hj\u00e4lp av v\u00e5r exklusiva Bridge-Lock\u2122-teknik integreras dessa nya stabilisatorer direkt i upph\u00f6jningen, vilket skapar en mer rigid anslutning och b\u00e4ttre balanspunkt. Med v\u00e5r patents\u00f6kta Interlink\u2122 Weight Technology och en snabbkopplingsratt som m\u00f6jligg\u00f6r justerbarhet i 1\/2&#8243;-steg, erbjuder Bridge-Lock\u2122 en ny niv\u00e5 av harmonisk justering och anpassning i en enda st\u00e5ng. <\/p>\n<h2 class=\"headline medium ls-small line-before\">STAY AFIELD SYSTEM (S.A.S.)<sup>\u2122<\/sup><\/h2>\n<div class=\"copy\">\n<p>Med mindre \u00e4n 1\/2 uns, v\u00e5r minimalistiska flo-orange servicekabel och v\u00e5ra specifikt modifierade kameror till\u00e5ter backcountry-j\u00e4gare att s\u00e4kert ta bort eller reparera sina str\u00e4ngar och kablar i f\u00e4lt utan anv\u00e4ndning av en b\u00e5gpress. Detta ultral\u00e4tta och kompakta system \u00e4r det ultimata n\u00f6d-b\u00e5gkitet f\u00f6r att h\u00e5lla dig i jakten. <\/p>\n<\/div>\n<\/div>\n<\/div>\n<\/div>\n<\/div>\n<div class=\"swiper-slide swiper-slide-active swiper-slide-duplicate-next swiper-slide-duplicate-prev\" data-swiper-slide-index=\"0\">\n<div class=\"specs\">\n<div class=\"spec\"><\/div>\n<\/div>\n<\/div>\n","protected":false},"excerpt":{"rendered":"<p>Kontrollera v\u00e5r Mathews Phase 4 33 I lager-sida f\u00f6r att se om vi har pilb\u00e5gen innan du best\u00e4ller h\u00e4rifr\u00e5n. Leveranstiderna \u00e4r cirka 1\u20132 veckor f\u00f6r pilb\u00e5gar i Mathews Europa-lager och 8\u201310 veckor f\u00f6r specialbest\u00e4llda modeller fr\u00e5n Mathews USA. Kontakta oss direkt f\u00f6r mer exakt information om tillg\u00e4nglighet. 2023 \u00e5rs Phase 4 \u00e4r v\u00e5rt mest effektiva [&#8230;]\n","protected":false},"featured_media":263995,"comment_status":"open","ping_status":"closed","template":"","meta":[],"product_brand":[],"product_cat":[878],"product_tag":[],"class_list":{"0":"post-287290","1":"product","2":"type-product","3":"status-publish","4":"has-post-thumbnail","6":"product_cat-uncategorized-sv","7":"product_shipping_class-big-sv","9":"first","10":"outofstock","11":"taxable","12":"shipping-taxable","13":"purchasable","14":"product-type-simple"},"composite_virtual":false,"composite_layout":"","composite_add_to_cart_form_location":"","composite_editable_in_cart":false,"composite_sold_individually_context":"","composite_shop_price_calc":"","composite_components":[],"composite_scenarios":[],"group_of_quantity":0,"min_quantity":0,"max_quantity":"","exclude_order_quantity_value_rules":"no","exclude_category_quantity_rules":"no","combine_variations":"no","exclude_global_add_ons":false,"addons":[{"name":"B\u00e5ghand","type":"multiple_choice","position":0,"required":true,"title_format":"label","default":"","description_enable":false,"description":null,"placeholder_enable":false,"placeholder":null,"display":"select","restrictions_type":"any_text","adjust_price":false,"price":"","price_type":"flat_fee","restrictions":false,"min":"0","max":"0","options":[{"label":"H\u00f6ger hand","price":"","price_type":"flat_fee","image":0,"visibility":true},{"label":"V\u00e4nster hand","price":"","price_type":"flat_fee","image":0,"visibility":true}]},{"name":"Dragvikt","type":"multiple_choice","position":1,"required":true,"title_format":"label","default":"","description_enable":false,"description":null,"placeholder_enable":false,"placeholder":null,"display":"select","restrictions_type":"any_text","adjust_price":false,"price":"","price_type":"flat_fee","restrictions":false,"min":"0","max":"0","options":[{"label":"50-60#","price":"","price_type":"flat_fee","image":0,"visibility":true},{"label":"55-65#","price":"","price_type":"flat_fee","image":0,"visibility":true},{"label":"60-70#","price":"","price_type":"flat_fee","image":0,"visibility":true},{"label":"65-75#","price":"","price_type":"flat_fee","image":0,"visibility":true}]},{"name":"Dragl\u00e4ngd","type":"multiple_choice","position":2,"required":true,"title_format":"label","default":"","description_enable":false,"description":null,"placeholder_enable":false,"placeholder":null,"display":"select","restrictions_type":"any_text","adjust_price":false,"price":"","price_type":"flat_fee","restrictions":false,"min":"0","max":"0","options":[{"label":"","price":"","price_type":"flat_fee","image":0,"visibility":true},{"label":"27,5","price":"","price_type":"flat_fee","image":0,"visibility":true},{"label":"","price":"","price_type":"flat_fee","image":0,"visibility":true},{"label":"28,5","price":"","price_type":"flat_fee","image":0,"visibility":true},{"label":"","price":"","price_type":"flat_fee","image":0,"visibility":true},{"label":"29,5","price":"","price_type":"flat_fee","image":0,"visibility":true},{"label":"","price":"","price_type":"flat_fee","image":0,"visibility":true},{"label":"","price":"","price_type":"flat_fee","image":0,"visibility":true},{"label":"","price":"","price_type":"flat_fee","image":0,"visibility":true},{"label":"","price":"","price_type":"flat_fee","image":0,"visibility":true}]},{"name":"F\u00e4rg","type":"multiple_choice","position":3,"required":true,"title_format":"label","default":"","description_enable":false,"description":null,"placeholder_enable":false,"placeholder":null,"display":"select","restrictions_type":"any_text","adjust_price":false,"price":"","price_type":"flat_fee","restrictions":false,"min":"0","max":"0","options":[{"label":"Svart","price":"","price_type":"flat_fee","image":0,"visibility":true},{"label":"Realtree edge","price":"","price_type":"flat_fee","image":0,"visibility":true},{"label":"Granit","price":"","price_type":"flat_fee","image":0,"visibility":true},{"label":"Gr\u00f6n ambush","price":"","price_type":"flat_fee","image":0,"visibility":true},{"label":"Optifade Subalpine","price":"","price_type":"flat_fee","image":0,"visibility":true},{"label":"Optifade Elevated II","price":"","price_type":"flat_fee","image":0,"visibility":true},{"label":"First lite specter","price":"","price_type":"flat_fee","image":0,"visibility":true},{"label":"Under armour all Season","price":"","price_type":"flat_fee","image":0,"visibility":true}]}],"_links":{"self":[{"href":"https:\/\/www.huntersfriend.eu\/sv\/wp-json\/wp\/v2\/product\/287290","targetHints":{"allow":["GET"]}}],"collection":[{"href":"https:\/\/www.huntersfriend.eu\/sv\/wp-json\/wp\/v2\/product"}],"about":[{"href":"https:\/\/www.huntersfriend.eu\/sv\/wp-json\/wp\/v2\/types\/product"}],"replies":[{"embeddable":true,"href":"https:\/\/www.huntersfriend.eu\/sv\/wp-json\/wp\/v2\/comments?post=287290"}],"wp:featuredmedia":[{"embeddable":true,"href":"https:\/\/www.huntersfriend.eu\/sv\/wp-json\/wp\/v2\/media\/263995"}],"wp:attachment":[{"href":"https:\/\/www.huntersfriend.eu\/sv\/wp-json\/wp\/v2\/media?parent=287290"}],"wp:term":[{"taxonomy":"product_brand","embeddable":true,"href":"https:\/\/www.huntersfriend.eu\/sv\/wp-json\/wp\/v2\/product_brand?post=287290"},{"taxonomy":"product_cat","embeddable":true,"href":"https:\/\/www.huntersfriend.eu\/sv\/wp-json\/wp\/v2\/product_cat?post=287290"},{"taxonomy":"product_tag","embeddable":true,"href":"https:\/\/www.huntersfriend.eu\/sv\/wp-json\/wp\/v2\/product_tag?post=287290"}],"curies":[{"name":"wp","href":"https:\/\/api.w.org\/{rel}","templated":true}]}}