{"id":287289,"date":"2023-03-16T13:38:17","date_gmt":"2023-03-16T11:38:17","guid":{"rendered":"https:\/\/www.huntersfriend.eu\/product\/meat-seeker-cutlass-100gr-6-pack\/"},"modified":"2026-01-07T08:00:55","modified_gmt":"2026-01-07T06:00:55","slug":"meat-seeker-cutlass-100gr-6-pack","status":"publish","type":"product","link":"https:\/\/www.huntersfriend.eu\/sv\/produkt\/meat-seeker-cutlass-100gr-6-pack\/","title":{"rendered":"Meat seeker cutlass 100gr 6-pack"},"content":{"rendered":"<div>Meat Seeker Cutlass \u00e4r en jaktspets med fast blad som sk\u00e4r vid kontakt. Med en vikt p\u00e5 100 grains och en sk\u00e4ryta p\u00e5 1 1\/8 tum \u00e4r denna jaktspets utm\u00e4rkt f\u00f6r praktiskt taget allt europeiskt vilt och mycket ekonomisk f\u00f6r mindre djur som m\u00e5rdhund och r\u00e4v. <\/div>\n<div><\/div>\n<div>Vikt: 100 gr<\/div>\n<div>Sk\u00e4ryta: 1 1\/8 tum<br \/>\nSk\u00e4r vid kontakt<\/div>\n<div>Det finns 6 spetsar i f\u00f6rpackningen!<\/div>\n","protected":false},"excerpt":{"rendered":"<p>6 broadheads per f\u00f6rpackning<\/p>\n","protected":false},"featured_media":248781,"comment_status":"open","ping_status":"closed","template":"","meta":[],"product_brand":[],"product_cat":[2647],"product_tag":[],"class_list":{"0":"post-287289","1":"product","2":"type-product","3":"status-publish","4":"has-post-thumbnail","6":"product_cat-broadheads-jakt","8":"first","9":"instock","10":"featured","11":"taxable","12":"shipping-taxable","13":"purchasable","14":"product-type-simple"},"composite_virtual":false,"composite_layout":"","composite_add_to_cart_form_location":"","composite_editable_in_cart":false,"composite_sold_individually_context":"","composite_shop_price_calc":"","composite_components":[],"composite_scenarios":[],"group_of_quantity":0,"min_quantity":0,"max_quantity":"","exclude_order_quantity_value_rules":"no","exclude_category_quantity_rules":"no","combine_variations":"no","exclude_global_add_ons":[],"addons":[],"_links":{"self":[{"href":"https:\/\/www.huntersfriend.eu\/sv\/wp-json\/wp\/v2\/product\/287289","targetHints":{"allow":["GET"]}}],"collection":[{"href":"https:\/\/www.huntersfriend.eu\/sv\/wp-json\/wp\/v2\/product"}],"about":[{"href":"https:\/\/www.huntersfriend.eu\/sv\/wp-json\/wp\/v2\/types\/product"}],"replies":[{"embeddable":true,"href":"https:\/\/www.huntersfriend.eu\/sv\/wp-json\/wp\/v2\/comments?post=287289"}],"wp:featuredmedia":[{"embeddable":true,"href":"https:\/\/www.huntersfriend.eu\/sv\/wp-json\/wp\/v2\/media\/248781"}],"wp:attachment":[{"href":"https:\/\/www.huntersfriend.eu\/sv\/wp-json\/wp\/v2\/media?parent=287289"}],"wp:term":[{"taxonomy":"product_brand","embeddable":true,"href":"https:\/\/www.huntersfriend.eu\/sv\/wp-json\/wp\/v2\/product_brand?post=287289"},{"taxonomy":"product_cat","embeddable":true,"href":"https:\/\/www.huntersfriend.eu\/sv\/wp-json\/wp\/v2\/product_cat?post=287289"},{"taxonomy":"product_tag","embeddable":true,"href":"https:\/\/www.huntersfriend.eu\/sv\/wp-json\/wp\/v2\/product_tag?post=287289"}],"curies":[{"name":"wp","href":"https:\/\/api.w.org\/{rel}","templated":true}]}}