{"id":287288,"date":"2023-03-16T13:38:24","date_gmt":"2023-03-16T11:38:24","guid":{"rendered":"https:\/\/www.huntersfriend.eu\/product\/apex-covert-4-light-19-db\/"},"modified":"2025-08-27T06:21:23","modified_gmt":"2025-08-27T04:21:23","slug":"apex-covert-4-light-19-db","status":"publish","type":"product","link":"https:\/\/www.huntersfriend.eu\/sv\/produkt\/apex-covert-4-light-19-db\/","title":{"rendered":"Apex covert 4 light 19 DB"},"content":{"rendered":"<p>COVERT\u2122 Four-Pin tar m\u00e5ngsidighet till en ny niv\u00e5 och kombinerar f\u00f6rdelarna med ett l\u00e5ngdistansjusterbart sikte med en enda pinne med f\u00f6rdelarna med ett traditionellt sikte med flera pinnar. I l\u00e5st l\u00e4ge kan COVERT\u2122 anv\u00e4ndas som vilket bekant sikte med flera pinnar som helst. I uppl\u00e5st l\u00e4ge kan siktet st\u00e4llas in f\u00f6r exakt l\u00e5ngdistansprecision.  <\/p>\n<ul>\n<li>Extremt smidiga och enkla justeringar med en hand<\/li>\n<li>Inkluderar \u00f6ver 120 f\u00f6rmarkerade avst\u00e5ndsm\u00e5ttband f\u00f6r att f\u00f6renkla installationen<\/li>\n<li>Bak\u00e5tv\u00e4nd avst\u00e5ndsm\u00e5ttbandplacering som \u00e4r l\u00e4tt att se<\/li>\n<li>Perfekt f\u00f6r alla ljusf\u00f6rh\u00e5llanden<\/li>\n<li>Snabb och enkel installation<\/li>\n<li>F\u00e4stet har d\u00e4mpade \u00e4ndl\u00e4gesstopp<\/li>\n<li>Justerbar avst\u00e5ndspil<\/li>\n<li>Justerbar f\u00f6r v\u00e4nster- och h\u00f6gerh\u00e4nta anv\u00e4ndare<\/li>\n<\/ul>\n<p>*Levereras utrustad med ett l\u00f6stagbart f\u00e4ste som m\u00f6jligg\u00f6r en l\u00e4ngre siktlinje och enklare f\u00f6rvaring<\/p>\n","protected":false},"excerpt":{"rendered":"<p>COVERT\u2122 Four-Pin tar m\u00e5ngsidighet till en ny niv\u00e5 och kombinerar f\u00f6rdelarna med ett l\u00e5ngdistansjusterbart sikte med en enda pinne med f\u00f6rdelarna med ett traditionellt sikte med flera pinnar. I l\u00e5st l\u00e4ge kan COVERT\u2122 anv\u00e4ndas som vilket bekant sikte med flera pinnar som helst. I uppl\u00e5st l\u00e4ge kan siktet st\u00e4llas in f\u00f6r exakt l\u00e5ngdistansprecision. Extremt smidiga [&#8230;]\n","protected":false},"featured_media":245241,"comment_status":"open","ping_status":"closed","template":"","meta":[],"product_brand":[],"product_cat":[2690,2765],"product_tag":[],"class_list":{"0":"post-287288","1":"product","2":"type-product","3":"status-publish","4":"has-post-thumbnail","6":"product_cat-bagjaktsikten","7":"product_cat-fyndlada-slutrea","9":"first","10":"instock","11":"sale","12":"taxable","13":"shipping-taxable","14":"purchasable","15":"product-type-simple"},"composite_virtual":false,"composite_layout":"","composite_add_to_cart_form_location":"","composite_editable_in_cart":false,"composite_sold_individually_context":"","composite_shop_price_calc":"","composite_components":[],"composite_scenarios":[],"group_of_quantity":0,"min_quantity":0,"max_quantity":"","exclude_order_quantity_value_rules":"no","exclude_category_quantity_rules":"no","combine_variations":"no","exclude_global_add_ons":[],"addons":[],"_links":{"self":[{"href":"https:\/\/www.huntersfriend.eu\/sv\/wp-json\/wp\/v2\/product\/287288","targetHints":{"allow":["GET"]}}],"collection":[{"href":"https:\/\/www.huntersfriend.eu\/sv\/wp-json\/wp\/v2\/product"}],"about":[{"href":"https:\/\/www.huntersfriend.eu\/sv\/wp-json\/wp\/v2\/types\/product"}],"replies":[{"embeddable":true,"href":"https:\/\/www.huntersfriend.eu\/sv\/wp-json\/wp\/v2\/comments?post=287288"}],"wp:featuredmedia":[{"embeddable":true,"href":"https:\/\/www.huntersfriend.eu\/sv\/wp-json\/wp\/v2\/media\/245241"}],"wp:attachment":[{"href":"https:\/\/www.huntersfriend.eu\/sv\/wp-json\/wp\/v2\/media?parent=287288"}],"wp:term":[{"taxonomy":"product_brand","embeddable":true,"href":"https:\/\/www.huntersfriend.eu\/sv\/wp-json\/wp\/v2\/product_brand?post=287288"},{"taxonomy":"product_cat","embeddable":true,"href":"https:\/\/www.huntersfriend.eu\/sv\/wp-json\/wp\/v2\/product_cat?post=287288"},{"taxonomy":"product_tag","embeddable":true,"href":"https:\/\/www.huntersfriend.eu\/sv\/wp-json\/wp\/v2\/product_tag?post=287288"}],"curies":[{"name":"wp","href":"https:\/\/api.w.org\/{rel}","templated":true}]}}