{"id":287287,"date":"2023-03-16T13:38:16","date_gmt":"2023-03-16T11:38:16","guid":{"rendered":"https:\/\/www.huntersfriend.eu\/product\/judo-spets-for-kottjagare-100-g\/"},"modified":"2025-08-27T06:21:22","modified_gmt":"2025-08-27T04:21:22","slug":"judo-spets-for-kottjagare-100-g","status":"publish","type":"product","link":"https:\/\/www.huntersfriend.eu\/sv\/produkt\/judo-spets-for-kottjagare-100-g\/","title":{"rendered":"Judo-spets f\u00f6r k\u00f6ttj\u00e4gare, 100 g"},"content":{"rendered":"<div>Judo-spetsen f\u00f6r k\u00f6ttj\u00e4gare \u00e4r en jaktspets avsedd f\u00f6r jakt p\u00e5 sm\u00e5vilt och skjutning p\u00e5 stubbar. Perfekt f\u00f6r att ta bort till exempel sm\u00e5 f\u00e5glar och sm\u00e5 skadedjur, och du kommer inte att tappa pilen i gr\u00e4set. <\/div>\n<div><\/div>\n<div>Vikt: 100 gr<\/div>\n<div>Det finns 6 spetsar i f\u00f6rpackningen<\/div>\n","protected":false},"excerpt":{"rendered":"<p>Judo-spetsen f\u00f6r k\u00f6ttj\u00e4gare \u00e4r en jaktspets avsedd f\u00f6r jakt p\u00e5 sm\u00e5vilt och skjutning p\u00e5 stubbar. Perfekt f\u00f6r att ta bort till exempel sm\u00e5 f\u00e5glar och sm\u00e5 skadedjur, och du kommer inte att tappa pilen i gr\u00e4set. Vikt: 100 gr Det finns 6 spetsar i f\u00f6rpackningen<\/p>\n","protected":false},"featured_media":248788,"comment_status":"open","ping_status":"closed","template":"","meta":[],"product_brand":[],"product_cat":[2765,2882],"product_tag":[],"class_list":{"0":"post-287287","1":"product","2":"type-product","3":"status-publish","4":"has-post-thumbnail","6":"product_cat-fyndlada-slutrea","7":"product_cat-smavilt-jakt","9":"first","10":"instock","11":"sale","12":"taxable","13":"shipping-taxable","14":"purchasable","15":"product-type-simple"},"composite_virtual":false,"composite_layout":"","composite_add_to_cart_form_location":"","composite_editable_in_cart":false,"composite_sold_individually_context":"","composite_shop_price_calc":"","composite_components":[],"composite_scenarios":[],"group_of_quantity":0,"min_quantity":0,"max_quantity":"","exclude_order_quantity_value_rules":"no","exclude_category_quantity_rules":"no","combine_variations":"no","exclude_global_add_ons":[],"addons":[],"_links":{"self":[{"href":"https:\/\/www.huntersfriend.eu\/sv\/wp-json\/wp\/v2\/product\/287287","targetHints":{"allow":["GET"]}}],"collection":[{"href":"https:\/\/www.huntersfriend.eu\/sv\/wp-json\/wp\/v2\/product"}],"about":[{"href":"https:\/\/www.huntersfriend.eu\/sv\/wp-json\/wp\/v2\/types\/product"}],"replies":[{"embeddable":true,"href":"https:\/\/www.huntersfriend.eu\/sv\/wp-json\/wp\/v2\/comments?post=287287"}],"wp:featuredmedia":[{"embeddable":true,"href":"https:\/\/www.huntersfriend.eu\/sv\/wp-json\/wp\/v2\/media\/248788"}],"wp:attachment":[{"href":"https:\/\/www.huntersfriend.eu\/sv\/wp-json\/wp\/v2\/media?parent=287287"}],"wp:term":[{"taxonomy":"product_brand","embeddable":true,"href":"https:\/\/www.huntersfriend.eu\/sv\/wp-json\/wp\/v2\/product_brand?post=287287"},{"taxonomy":"product_cat","embeddable":true,"href":"https:\/\/www.huntersfriend.eu\/sv\/wp-json\/wp\/v2\/product_cat?post=287287"},{"taxonomy":"product_tag","embeddable":true,"href":"https:\/\/www.huntersfriend.eu\/sv\/wp-json\/wp\/v2\/product_tag?post=287287"}],"curies":[{"name":"wp","href":"https:\/\/api.w.org\/{rel}","templated":true}]}}