{"id":287286,"date":"2023-03-16T13:38:15","date_gmt":"2023-03-16T11:38:15","guid":{"rendered":"https:\/\/www.huntersfriend.eu\/product\/black-eagle-insatser-42-grain-massing\/"},"modified":"2025-12-15T08:39:42","modified_gmt":"2025-12-15T06:39:42","slug":"black-eagle-insatser-42-grain-massing","status":"publish","type":"product","link":"https:\/\/www.huntersfriend.eu\/sv\/produkt\/black-eagle-insatser-42-grain-massing\/","title":{"rendered":"Black Eagle-insatser 42 grain m\u00e4ssing"},"content":{"rendered":"<div id=\"featurebullets_feature_div\" class=\"celwidget\" data-feature-name=\"featurebullets\" data-csa-c-type=\"widget\" data-csa-c-content-id=\"featurebullets\" data-csa-c-slot-id=\"featurebullets_feature_div\" data-csa-c-asin=\"B01CYXB5BI\" data-csa-c-is-in-initial-active-row=\"false\" data-csa-c-id=\"23uw1s-428nv8-7n8zq4-j9nan6\" data-cel-widget=\"featurebullets_feature_div\">\n<div id=\"feature-bullets\" class=\"a-section a-spacing-medium a-spacing-top-small\">\n<ul class=\"a-unordered-list a-vertical a-spacing-mini\">\n<li><span class=\"a-list-item\">Designad f\u00f6r Carnivore, Zombie Slayer, Outlaw, Vintage insatsvikter och p\u00e5skruvbar f\u00e4ltspets<\/span><\/li>\n<li><span class=\"a-list-item\">Full m\u00e4ssingsinsats &#8211; 42 grains<\/span><\/li>\n<li><span class=\"a-list-item\">Fungerar med Carnivore, Outlaw, Zombie Slayer, Vintage-skaft<\/span><\/li>\n<li><span class=\"a-list-item\">Inkluderar 12 m\u00e4ssingsinsatser<\/span><\/li>\n<\/ul>\n<\/div>\n<\/div>\n<div id=\"provenanceCertifications_feature_div\" class=\"celwidget\" data-feature-name=\"provenanceCertifications\" data-csa-c-type=\"widget\" data-csa-c-content-id=\"provenanceCertifications\" data-csa-c-slot-id=\"provenanceCertifications_feature_div\" data-csa-c-asin=\"B01CYXB5BI\" data-csa-c-is-in-initial-active-row=\"false\" data-csa-c-id=\"kfj0ha-g9ymxg-3takua-k4xc02\" data-cel-widget=\"provenanceCertifications_feature_div\"><\/div>\n<div id=\"serviceCapabilities_feature_div\" class=\"celwidget\" data-feature-name=\"serviceCapabilities\" data-csa-c-type=\"widget\" data-csa-c-content-id=\"serviceCapabilities\" data-csa-c-slot-id=\"serviceCapabilities_feature_div\" data-csa-c-asin=\"B01CYXB5BI\" data-csa-c-is-in-initial-active-row=\"false\" data-csa-c-id=\"ke7m5k-j08nt8-dq5xfe-ea8d5a\" data-cel-widget=\"serviceCapabilities_feature_div\"><\/div>\n","protected":false},"excerpt":{"rendered":"<p>Designad f\u00f6r Carnivore, Zombie Slayer, Outlaw, Vintage insatsvikter och p\u00e5skruvbar f\u00e4ltspets Full m\u00e4ssingsinsats &#8211; 42 grains Fungerar med Carnivore, Outlaw, Zombie Slayer, Vintage-skaft Inkluderar 12 m\u00e4ssingsinsatser<\/p>\n","protected":false},"featured_media":244923,"comment_status":"open","ping_status":"closed","template":"","meta":[],"product_brand":[],"product_cat":[2880],"product_tag":[],"class_list":{"0":"post-287286","1":"product","2":"type-product","3":"status-publish","4":"has-post-thumbnail","6":"product_cat-nockar-och-insatser","8":"first","9":"instock","10":"taxable","11":"shipping-taxable","12":"purchasable","13":"product-type-simple"},"composite_virtual":false,"composite_layout":"","composite_add_to_cart_form_location":"","composite_editable_in_cart":false,"composite_sold_individually_context":"","composite_shop_price_calc":"","composite_components":[],"composite_scenarios":[],"group_of_quantity":0,"min_quantity":0,"max_quantity":"","exclude_order_quantity_value_rules":"no","exclude_category_quantity_rules":"no","combine_variations":"no","exclude_global_add_ons":[],"addons":[],"_links":{"self":[{"href":"https:\/\/www.huntersfriend.eu\/sv\/wp-json\/wp\/v2\/product\/287286","targetHints":{"allow":["GET"]}}],"collection":[{"href":"https:\/\/www.huntersfriend.eu\/sv\/wp-json\/wp\/v2\/product"}],"about":[{"href":"https:\/\/www.huntersfriend.eu\/sv\/wp-json\/wp\/v2\/types\/product"}],"replies":[{"embeddable":true,"href":"https:\/\/www.huntersfriend.eu\/sv\/wp-json\/wp\/v2\/comments?post=287286"}],"wp:featuredmedia":[{"embeddable":true,"href":"https:\/\/www.huntersfriend.eu\/sv\/wp-json\/wp\/v2\/media\/244923"}],"wp:attachment":[{"href":"https:\/\/www.huntersfriend.eu\/sv\/wp-json\/wp\/v2\/media?parent=287286"}],"wp:term":[{"taxonomy":"product_brand","embeddable":true,"href":"https:\/\/www.huntersfriend.eu\/sv\/wp-json\/wp\/v2\/product_brand?post=287286"},{"taxonomy":"product_cat","embeddable":true,"href":"https:\/\/www.huntersfriend.eu\/sv\/wp-json\/wp\/v2\/product_cat?post=287286"},{"taxonomy":"product_tag","embeddable":true,"href":"https:\/\/www.huntersfriend.eu\/sv\/wp-json\/wp\/v2\/product_tag?post=287286"}],"curies":[{"name":"wp","href":"https:\/\/api.w.org\/{rel}","templated":true}]}}