{"id":287284,"date":"2023-03-16T13:17:38","date_gmt":"2023-03-16T11:17:38","guid":{"rendered":"https:\/\/www.huntersfriend.eu\/product\/montana-lockfaglar-dromsk-vit-svans-hjort-hona-lockfagel\/"},"modified":"2025-08-27T06:21:18","modified_gmt":"2025-08-27T04:21:18","slug":"montana-lockfaglar-dromsk-vit-svans-hjort-hona-lockfagel","status":"publish","type":"product","link":"https:\/\/www.huntersfriend.eu\/sv\/produkt\/montana-lockfaglar-dromsk-vit-svans-hjort-hona-lockfagel\/","title":{"rendered":"Montana lockf\u00e5glar dr\u00f6msk vit svans hjort hona lockf\u00e5gel"},"content":{"rendered":"<p>Vi presenterar Montana Decoys Dreamy Doe White Tail Deer Decoy &#8211; det perfekta tillskottet till din jaktutrustning om du jagar vitsvanshjort!<\/p>\n<p>Denna verklighetstrogna hona lockf\u00e5gel \u00e4r utformad f\u00f6r att locka mogna bockar under brunsten och kan ocks\u00e5 anv\u00e4ndas f\u00f6r att l\u00e4gga till realism till din jaktuppst\u00e4llning. Lockf\u00e5geln \u00e4r tillverkad av ett l\u00e4tt, slitstarkt material som t\u00e5l tuffa jaktf\u00f6rh\u00e5llanden. <\/p>\n<p>Dreamy Doe Decoy har en realistisk 3D-design som s\u00e4kert kommer att lura \u00e4ven de mest f\u00f6rsiktiga bockarna. Lockf\u00e5gelns storlek och form \u00e4r utformade f\u00f6r att efterlikna en mogen hona i en avslappnad, \u00e4tande st\u00e4llning, vilket g\u00f6r den till det perfekta m\u00e5let f\u00f6r bockar som s\u00f6ker en partner. <\/p>\n<p>Lockf\u00e5geln \u00e4r l\u00e4tt att s\u00e4tta upp och ta ner, tack vare sin kompakta design och medf\u00f6ljande pinne. Dessutom g\u00f6r lockf\u00e5gelns l\u00e4tta konstruktion den l\u00e4tt att b\u00e4ra in och ut ur f\u00e4ltet. <\/p>\n<p>Dreamy Doe Decoy fungerar ocks\u00e5 perfekt tidigt p\u00e5 s\u00e4songen som en f\u00f6rtroendeingivande lockf\u00e5gel f\u00f6r andra honor och kid att komma och \u00e4ta n\u00e4ra din position.<\/p>\n<p>L\u00e5t inte m\u00f6jligheten att f\u00e5nga den d\u00e4r trof\u00e9bocken glida dig ur h\u00e4nderna. L\u00e4gg till Montana Decoys Dreamy Doe Decoy till din jaktutrustning idag! <\/p>\n","protected":false},"excerpt":{"rendered":"<p>Vi presenterar Montana Decoys Dreamy Doe White Tail Deer Decoy &#8211; det perfekta tillskottet till din jaktutrustning om du jagar vitsvanshjort! Denna verklighetstrogna hona lockf\u00e5gel \u00e4r utformad f\u00f6r att locka mogna bockar under brunsten och kan ocks\u00e5 anv\u00e4ndas f\u00f6r att l\u00e4gga till realism till din jaktuppst\u00e4llning. Lockf\u00e5geln \u00e4r tillverkad av ett l\u00e4tt, slitstarkt material som [&#8230;]\n","protected":false},"featured_media":245644,"comment_status":"open","ping_status":"closed","template":"","meta":[],"product_brand":[],"product_cat":[2765,2881],"product_tag":[],"class_list":{"0":"post-287284","1":"product","2":"type-product","3":"status-publish","4":"has-post-thumbnail","6":"product_cat-fyndlada-slutrea","7":"product_cat-lockfaglar-for-storvilt","9":"first","10":"instock","11":"sale","12":"taxable","13":"shipping-taxable","14":"purchasable","15":"product-type-simple"},"composite_virtual":false,"composite_layout":"","composite_add_to_cart_form_location":"","composite_editable_in_cart":false,"composite_sold_individually_context":"","composite_shop_price_calc":"","composite_components":[],"composite_scenarios":[],"group_of_quantity":0,"min_quantity":0,"max_quantity":"","exclude_order_quantity_value_rules":"no","exclude_category_quantity_rules":"no","combine_variations":"no","exclude_global_add_ons":[],"addons":[],"_links":{"self":[{"href":"https:\/\/www.huntersfriend.eu\/sv\/wp-json\/wp\/v2\/product\/287284","targetHints":{"allow":["GET"]}}],"collection":[{"href":"https:\/\/www.huntersfriend.eu\/sv\/wp-json\/wp\/v2\/product"}],"about":[{"href":"https:\/\/www.huntersfriend.eu\/sv\/wp-json\/wp\/v2\/types\/product"}],"replies":[{"embeddable":true,"href":"https:\/\/www.huntersfriend.eu\/sv\/wp-json\/wp\/v2\/comments?post=287284"}],"wp:featuredmedia":[{"embeddable":true,"href":"https:\/\/www.huntersfriend.eu\/sv\/wp-json\/wp\/v2\/media\/245644"}],"wp:attachment":[{"href":"https:\/\/www.huntersfriend.eu\/sv\/wp-json\/wp\/v2\/media?parent=287284"}],"wp:term":[{"taxonomy":"product_brand","embeddable":true,"href":"https:\/\/www.huntersfriend.eu\/sv\/wp-json\/wp\/v2\/product_brand?post=287284"},{"taxonomy":"product_cat","embeddable":true,"href":"https:\/\/www.huntersfriend.eu\/sv\/wp-json\/wp\/v2\/product_cat?post=287284"},{"taxonomy":"product_tag","embeddable":true,"href":"https:\/\/www.huntersfriend.eu\/sv\/wp-json\/wp\/v2\/product_tag?post=287284"}],"curies":[{"name":"wp","href":"https:\/\/api.w.org\/{rel}","templated":true}]}}