{"id":287283,"date":"2023-03-16T13:38:09","date_gmt":"2023-03-16T11:38:09","guid":{"rendered":"https:\/\/www.huntersfriend.eu\/product\/hamskea-waypoint-pilniva\/"},"modified":"2025-08-27T06:21:18","modified_gmt":"2025-08-27T04:21:18","slug":"hamskea-waypoint-pilniva","status":"publish","type":"product","link":"https:\/\/www.huntersfriend.eu\/sv\/produkt\/hamskea-waypoint-pilniva\/","title":{"rendered":"Hamskea Waypoint pilniv\u00e5"},"content":{"rendered":"<p>Med Waypoint pilniv\u00e5 kan skyttar enkelt m\u00e4ta den exakta vertikala och horisontella positionen av pilen i f\u00f6rh\u00e5llande till hyllan p\u00e5 b\u00e5gen, antingen f\u00f6r initial inst\u00e4llning av b\u00e5gen eller f\u00f6r datainsamling n\u00e4r justeringen \u00e4r klar.<\/p>\n<p>Waypoint pilniv\u00e5 \u00e4r det senaste tillskottet till Hamskeas serie av professionella b\u00e5gskytteverktyg. Med denna niv\u00e5 kan skyttar enkelt m\u00e4ta den exakta positionen av pilen i f\u00f6rh\u00e5llande till hyllan p\u00e5 b\u00e5gen f\u00f6r initial inst\u00e4llning av b\u00e5gen eller datainsamling n\u00e4r justeringen \u00e4r klar. <\/p>\n<p>Waypoint pilniv\u00e5 \u00e4r maskinbearbetad av billet aluminium och byggd f\u00f6r att \u00f6verleva \u00e5r av misshandel samtidigt som den ger skytten korrekt information. De lasergraverade linjalerna g\u00f6r att skytten noggrant kan m\u00e4ta mittskott och pilh\u00f6jd med steg om 0,050 tum markerade p\u00e5 linjalerna. Anv\u00e4nd Waypoint-niv\u00e5n f\u00f6r att initialt justera pilst\u00f6det baserat p\u00e5 rekommendationer fr\u00e5n b\u00e5gtillverkaren innan du slutf\u00f6r justeringen av din b\u00e5ge. N\u00e4r du har slutf\u00f6rt justeringen anv\u00e4nder du Waypoint pilniv\u00e5 f\u00f6r att m\u00e4ta det slutliga pilmittskottet och h\u00f6jden f\u00f6r dina register. F\u00f6r skyttar som anv\u00e4nder ett pilst\u00f6d med en flexibel avfyrare kan den vertikala linjalen justeras och l\u00e5sas p\u00e5 plats f\u00f6r att representera pilh\u00f6jden vid fullt drag utan flex i avfyraren. Denna information kan anv\u00e4ndas f\u00f6r att kontrollera din utrustning n\u00e4r som helst justeringen kan ha blivit komprometterad, till exempel efter resor eller ett ov\u00e4ntat fall fr\u00e5n st\u00e4llningen. Du kan ocks\u00e5 anv\u00e4nda denna information f\u00f6r att enkelt \u00e5terst\u00e4lla ditt st\u00f6d till en tidigare justering n\u00e4r du byter mellan pildiametrar under hela s\u00e4songen. Oavsett om du \u00e4r i en proffsbutik, p\u00e5 en turnering eller p\u00e5 jaktl\u00e4ger kan du lita p\u00e5 Waypoint pilniv\u00e5s h\u00e5llbarhet och noggrannhet.       <\/p>\n","protected":false},"excerpt":{"rendered":"<p>Med Waypoint pilniv\u00e5 kan skyttar enkelt m\u00e4ta den exakta vertikala och horisontella positionen av pilen i f\u00f6rh\u00e5llande till hyllan p\u00e5 b\u00e5gen, antingen f\u00f6r initial inst\u00e4llning av b\u00e5gen eller f\u00f6r datainsamling n\u00e4r justeringen \u00e4r klar. Waypoint pilniv\u00e5 \u00e4r det senaste tillskottet till Hamskeas serie av professionella b\u00e5gskytteverktyg. Med denna niv\u00e5 kan skyttar enkelt m\u00e4ta den exakta [&#8230;]\n","protected":false},"featured_media":245062,"comment_status":"open","ping_status":"closed","template":"","meta":[],"product_brand":[],"product_cat":[2633,2631,2656],"product_tag":[],"class_list":{"0":"post-287283","1":"product","2":"type-product","3":"status-publish","4":"has-post-thumbnail","6":"product_cat-diverse-bagskytte","7":"product_cat-trimningsverktyg-bagskytte","8":"product_cat-verktyg-och-diverse-bagskytte","10":"first","11":"instock","12":"taxable","13":"shipping-taxable","14":"purchasable","15":"product-type-simple"},"composite_virtual":false,"composite_layout":"","composite_add_to_cart_form_location":"","composite_editable_in_cart":false,"composite_sold_individually_context":"","composite_shop_price_calc":"","composite_components":[],"composite_scenarios":[],"group_of_quantity":0,"min_quantity":0,"max_quantity":"","exclude_order_quantity_value_rules":"no","exclude_category_quantity_rules":"no","combine_variations":"no","exclude_global_add_ons":[],"addons":[],"_links":{"self":[{"href":"https:\/\/www.huntersfriend.eu\/sv\/wp-json\/wp\/v2\/product\/287283","targetHints":{"allow":["GET"]}}],"collection":[{"href":"https:\/\/www.huntersfriend.eu\/sv\/wp-json\/wp\/v2\/product"}],"about":[{"href":"https:\/\/www.huntersfriend.eu\/sv\/wp-json\/wp\/v2\/types\/product"}],"replies":[{"embeddable":true,"href":"https:\/\/www.huntersfriend.eu\/sv\/wp-json\/wp\/v2\/comments?post=287283"}],"wp:featuredmedia":[{"embeddable":true,"href":"https:\/\/www.huntersfriend.eu\/sv\/wp-json\/wp\/v2\/media\/245062"}],"wp:attachment":[{"href":"https:\/\/www.huntersfriend.eu\/sv\/wp-json\/wp\/v2\/media?parent=287283"}],"wp:term":[{"taxonomy":"product_brand","embeddable":true,"href":"https:\/\/www.huntersfriend.eu\/sv\/wp-json\/wp\/v2\/product_brand?post=287283"},{"taxonomy":"product_cat","embeddable":true,"href":"https:\/\/www.huntersfriend.eu\/sv\/wp-json\/wp\/v2\/product_cat?post=287283"},{"taxonomy":"product_tag","embeddable":true,"href":"https:\/\/www.huntersfriend.eu\/sv\/wp-json\/wp\/v2\/product_tag?post=287283"}],"curies":[{"name":"wp","href":"https:\/\/api.w.org\/{rel}","templated":true}]}}