{"id":287282,"date":"2023-03-16T13:17:37","date_gmt":"2023-03-16T11:17:37","guid":{"rendered":"https:\/\/www.huntersfriend.eu\/product\/montana-decoy-freshman-whitetail-buck-lockbete\/"},"modified":"2025-08-27T06:21:17","modified_gmt":"2025-08-27T04:21:17","slug":"montana-decoy-freshman-whitetail-buck-lockbete","status":"publish","type":"product","link":"https:\/\/www.huntersfriend.eu\/sv\/produkt\/montana-decoy-freshman-whitetail-buck-lockbete\/","title":{"rendered":"Montana decoy freshman whitetail Buck lockbete"},"content":{"rendered":"<p>Vill du locka till dig en whitetail-hjort? D\u00e5 beh\u00f6ver du inte leta l\u00e4ngre \u00e4n Montana Decoys Freshman Buck Decoy! <\/p>\n<p>Det h\u00e4r lockbetet \u00e4r tillverkat med naturtrogna detaljer och realism, och \u00e4r perfekt f\u00f6r att locka in \u00e4ven de mest f\u00f6rsiktiga hjortarna. Freshman Buck Decoy \u00e4r fullstora 37 tum och \u00e4r tillverkad av l\u00e4tta material, vilket g\u00f6r den enkel att transportera och s\u00e4tta upp p\u00e5 valfri jaktplats. <\/p>\n<p>Med en unik pose och ett realistiskt utseende \u00e4r Freshman Buck Decoy utformad f\u00f6r att f\u00e5nga \u00f6gat p\u00e5 alla n\u00e4rliggande hjortar och locka dem till en n\u00e4rmare titt. Dess naturtrogna egenskaper inkluderar en naturlig huvudposition, realistisk f\u00e4rg och en subtil sv\u00e4ngande r\u00f6relse i vinden, vilket skapar en oemotst\u00e5ndlig attraktion f\u00f6r alla n\u00e4rliggande hjortar. <\/p>\n<p>Det h\u00e4r lockbetet \u00e4r konstruerat av slitstarka material och har en robust bas, och \u00e4r byggt f\u00f6r att t\u00e5la v\u00e4der och vind och ge ett l\u00e5ngvarigt tillskott till din jaktutrustning. Oavsett om du \u00e4r en erfaren j\u00e4gare eller precis har b\u00f6rjat, \u00e4r Montana Decoys Freshman Buck Decoy det perfekta verktyget f\u00f6r att locka till dig stora hjortar och g\u00f6ra din n\u00e4sta jaktresa till en framg\u00e5ng. <\/p>\n","protected":false},"excerpt":{"rendered":"<p>Vill du locka till dig en whitetail-hjort? D\u00e5 beh\u00f6ver du inte leta l\u00e4ngre \u00e4n Montana Decoys Freshman Buck Decoy! Det h\u00e4r lockbetet \u00e4r tillverkat med naturtrogna detaljer och realism, och \u00e4r perfekt f\u00f6r att locka in \u00e4ven de mest f\u00f6rsiktiga hjortarna. Freshman Buck Decoy \u00e4r fullstora 37 tum och \u00e4r tillverkad av l\u00e4tta material, vilket [&#8230;]\n","protected":false},"featured_media":245637,"comment_status":"open","ping_status":"closed","template":"","meta":[],"product_brand":[],"product_cat":[2765,2881],"product_tag":[],"class_list":{"0":"post-287282","1":"product","2":"type-product","3":"status-publish","4":"has-post-thumbnail","6":"product_cat-fyndlada-slutrea","7":"product_cat-lockfaglar-for-storvilt","9":"first","10":"instock","11":"sale","12":"taxable","13":"shipping-taxable","14":"purchasable","15":"product-type-simple"},"composite_virtual":false,"composite_layout":"","composite_add_to_cart_form_location":"","composite_editable_in_cart":false,"composite_sold_individually_context":"","composite_shop_price_calc":"","composite_components":[],"composite_scenarios":[],"group_of_quantity":0,"min_quantity":0,"max_quantity":"","exclude_order_quantity_value_rules":"no","exclude_category_quantity_rules":"no","combine_variations":"no","exclude_global_add_ons":[],"addons":[],"_links":{"self":[{"href":"https:\/\/www.huntersfriend.eu\/sv\/wp-json\/wp\/v2\/product\/287282","targetHints":{"allow":["GET"]}}],"collection":[{"href":"https:\/\/www.huntersfriend.eu\/sv\/wp-json\/wp\/v2\/product"}],"about":[{"href":"https:\/\/www.huntersfriend.eu\/sv\/wp-json\/wp\/v2\/types\/product"}],"replies":[{"embeddable":true,"href":"https:\/\/www.huntersfriend.eu\/sv\/wp-json\/wp\/v2\/comments?post=287282"}],"wp:featuredmedia":[{"embeddable":true,"href":"https:\/\/www.huntersfriend.eu\/sv\/wp-json\/wp\/v2\/media\/245637"}],"wp:attachment":[{"href":"https:\/\/www.huntersfriend.eu\/sv\/wp-json\/wp\/v2\/media?parent=287282"}],"wp:term":[{"taxonomy":"product_brand","embeddable":true,"href":"https:\/\/www.huntersfriend.eu\/sv\/wp-json\/wp\/v2\/product_brand?post=287282"},{"taxonomy":"product_cat","embeddable":true,"href":"https:\/\/www.huntersfriend.eu\/sv\/wp-json\/wp\/v2\/product_cat?post=287282"},{"taxonomy":"product_tag","embeddable":true,"href":"https:\/\/www.huntersfriend.eu\/sv\/wp-json\/wp\/v2\/product_tag?post=287282"}],"curies":[{"name":"wp","href":"https:\/\/api.w.org\/{rel}","templated":true}]}}