{"id":287279,"date":"2023-03-16T13:17:32","date_gmt":"2023-03-16T11:17:32","guid":{"rendered":"https:\/\/www.huntersfriend.eu\/product\/foxpro-membranlockpipa-for-bomullssvanskanin\/"},"modified":"2025-08-27T06:21:15","modified_gmt":"2025-08-27T04:21:15","slug":"foxpro-membranlockpipa-for-bomullssvanskanin","status":"publish","type":"product","link":"https:\/\/www.huntersfriend.eu\/sv\/produkt\/foxpro-membranlockpipa-for-bomullssvanskanin\/","title":{"rendered":"FoxPro membranlockpipa f\u00f6r bomullssvanskanin"},"content":{"rendered":"<p>FOXPRO \u00e4r glada att presentera en ny serie membranlockpipor f\u00f6r rovdjur. M\u00e5ngsidigheten hos membranlockpipor g\u00f6r att du snabbt kan sl\u00e4ppa ut ett pr\u00e4rievargyl, valp\u00e5ngest eller djur\u00e5ngest p\u00e5 din plats. Dessa munlockpipor \u00e4r l\u00e4tta att anv\u00e4nda och har stor volymkapacitet. Varje lockpipa i denna nya serie \u00e4r speciellt gjord f\u00f6r ett m\u00e5lljud. Bomullssvansmunstycket \u00e4r inst\u00e4llt f\u00f6r realistisk bomullssvans- och kanin\u00e5ngest. Denna munlockpipa \u00e4r stolt tillverkad i USA.     <\/p>\n<ul>\n<li>Lila 0,003 mm v\u00e5gskuren latex p\u00e5 toppen<\/li>\n<li>Ett 0,003 mm profylaktiskt undre r\u00f6rblad<\/li>\n<li>Inst\u00e4lld f\u00f6r realistisk bomullssvans- och kanin\u00e5ngest.<\/li>\n<li>Vanlig ramdesign<\/li>\n<\/ul>\n<h2>F\u00f6rvaring och underh\u00e5ll<\/h2>\n<ul>\n<li>Att ta hand om dina membranlockpipor \u00e4r mycket viktigt f\u00f6r att bibeh\u00e5lla optimal prestanda. Du b\u00f6r ta hand om dina munlockpipor hela s\u00e4songen. H\u00e4r \u00e4r n\u00e5gra tips f\u00f6r att f\u00f6rl\u00e4nga livsl\u00e4ngden p\u00e5 dina membranlockpipor.  <\/li>\n<li>Efter anv\u00e4ndning, se till att sk\u00f6lja dem med en blandning av munvatten och vatten eller anv\u00e4nd kranvatten. N\u00e4r de har rengjorts, torka dem f\u00f6rsiktigt med en handduk eller pappershandduk. S\u00e4tt in en tandpetare mellan de \u00f6vre och nedre r\u00f6rbladen. L\u00e5t dem sedan lufttorka i flera timmar, L\u00c4GG DEM INTE I SOLEN. N\u00e4r du har l\u00e5tit dem torka kan du ta bort tandpetaren\/tandpetarna och l\u00e4gga tillbaka dem i n\u00e5gon form av p\u00e5se eller beh\u00e5llare. F\u00f6rvara dem sedan p\u00e5 en sval, m\u00f6rk plats.     <\/li>\n<li>V\u00e4rme \u00e4r ett mycket stort problem med munlockpipor. Om du l\u00e4mnar din munlockpipa ute i solen eller i ditt fordon kan detta skada latexen. Detta kommer att f\u00e5 latexen att expandera och kommer i slut\u00e4ndan att p\u00e5verka ljudkvaliteten och \u00e4ven livsl\u00e4ngden p\u00e5 munlockpipan.  <\/li>\n<\/ul>\n","protected":false},"excerpt":{"rendered":"<p>FOXPRO \u00e4r glada att presentera en ny serie membranlockpipor f\u00f6r rovdjur. M\u00e5ngsidigheten hos membranlockpipor g\u00f6r att du snabbt kan sl\u00e4ppa ut ett pr\u00e4rievargyl, valp\u00e5ngest eller djur\u00e5ngest p\u00e5 din plats. Dessa munlockpipor \u00e4r l\u00e4tta att anv\u00e4nda och har stor volymkapacitet. Varje lockpipa i denna nya serie \u00e4r speciellt gjord f\u00f6r ett m\u00e5lljud. Bomullssvansmunstycket \u00e4r inst\u00e4llt f\u00f6r [&#8230;]\n","protected":false},"featured_media":245298,"comment_status":"open","ping_status":"closed","template":"","meta":[],"product_brand":[],"product_cat":[878],"product_tag":[],"class_list":{"0":"post-287279","1":"product","2":"type-product","3":"status-publish","4":"has-post-thumbnail","6":"product_cat-uncategorized-sv","8":"first","9":"outofstock","10":"taxable","11":"shipping-taxable","12":"purchasable","13":"product-type-simple"},"composite_virtual":false,"composite_layout":"","composite_add_to_cart_form_location":"","composite_editable_in_cart":false,"composite_sold_individually_context":"","composite_shop_price_calc":"","composite_components":[],"composite_scenarios":[],"group_of_quantity":0,"min_quantity":0,"max_quantity":"","exclude_order_quantity_value_rules":"no","exclude_category_quantity_rules":"no","combine_variations":"no","exclude_global_add_ons":[],"addons":[],"_links":{"self":[{"href":"https:\/\/www.huntersfriend.eu\/sv\/wp-json\/wp\/v2\/product\/287279","targetHints":{"allow":["GET"]}}],"collection":[{"href":"https:\/\/www.huntersfriend.eu\/sv\/wp-json\/wp\/v2\/product"}],"about":[{"href":"https:\/\/www.huntersfriend.eu\/sv\/wp-json\/wp\/v2\/types\/product"}],"replies":[{"embeddable":true,"href":"https:\/\/www.huntersfriend.eu\/sv\/wp-json\/wp\/v2\/comments?post=287279"}],"wp:featuredmedia":[{"embeddable":true,"href":"https:\/\/www.huntersfriend.eu\/sv\/wp-json\/wp\/v2\/media\/245298"}],"wp:attachment":[{"href":"https:\/\/www.huntersfriend.eu\/sv\/wp-json\/wp\/v2\/media?parent=287279"}],"wp:term":[{"taxonomy":"product_brand","embeddable":true,"href":"https:\/\/www.huntersfriend.eu\/sv\/wp-json\/wp\/v2\/product_brand?post=287279"},{"taxonomy":"product_cat","embeddable":true,"href":"https:\/\/www.huntersfriend.eu\/sv\/wp-json\/wp\/v2\/product_cat?post=287279"},{"taxonomy":"product_tag","embeddable":true,"href":"https:\/\/www.huntersfriend.eu\/sv\/wp-json\/wp\/v2\/product_tag?post=287279"}],"curies":[{"name":"wp","href":"https:\/\/api.w.org\/{rel}","templated":true}]}}