{"id":287278,"date":"2023-03-16T13:38:04","date_gmt":"2023-03-16T11:38:04","guid":{"rendered":"https:\/\/www.huntersfriend.eu\/product\/meat-seeker-stinger-outsert\/"},"modified":"2025-08-27T06:21:15","modified_gmt":"2025-08-27T04:21:15","slug":"meat-seeker-stinger-outsert","status":"publish","type":"product","link":"https:\/\/www.huntersfriend.eu\/sv\/produkt\/meat-seeker-stinger-outsert\/","title":{"rendered":"Meat seeker stinger-outsert"},"content":{"rendered":"<p>Meat Seeker Stinger-outsert \u00e4r en insats av &#8221;half out insert&#8221;-modell f\u00f6r pilar med en innerdiameter p\u00e5 5,2 mm. Denna outsert levereras ocks\u00e5 med en hylsa som kan monteras separat ovanp\u00e5 b\u00e5de pilr\u00f6ret och outserten. Detta \u00f6kar vikten n\u00e5got och f\u00f6rst\u00e4rker pilen. Du kan ocks\u00e5 anv\u00e4nda outserten utan hylsa. Om du vill anv\u00e4nda en hylsa, limma f\u00f6rst outserten och l\u00e5t den h\u00e4rda. N\u00e4r outserten sitter s\u00e4kert fast p\u00e5 pilr\u00f6ret kan du trycka hylsan \u00f6ver outserten genom att trycka den mot en bordsyta. Hylsan sitter mycket stadigt p\u00e5 pilen, s\u00e5 du m\u00e5ste anv\u00e4nda lite kraft under installationen. Resultatet \u00e4r en starkare pil som t\u00e5l betydligt mer stryk n\u00e4r den tr\u00e4ffar marken.       <\/p>\n<p>Vikt \u2013 45 grains<\/p>\n","protected":false},"excerpt":{"rendered":"<p>Meat Seeker Stinger-outsert \u00e4r en insats av &#8221;half out insert&#8221;-modell f\u00f6r pilar med en innerdiameter p\u00e5 5,2 mm. Denna outsert levereras ocks\u00e5 med en hylsa som kan monteras separat ovanp\u00e5 b\u00e5de pilr\u00f6ret och outserten. Detta \u00f6kar vikten n\u00e5got och f\u00f6rst\u00e4rker pilen. Du kan ocks\u00e5 anv\u00e4nda outserten utan hylsa. Om du vill anv\u00e4nda en hylsa, limma [&#8230;]\n","protected":false},"featured_media":248792,"comment_status":"open","ping_status":"closed","template":"","meta":[],"product_brand":[],"product_cat":[2880],"product_tag":[],"class_list":{"0":"post-287278","1":"product","2":"type-product","3":"status-publish","4":"has-post-thumbnail","6":"product_cat-nockar-och-insatser","8":"first","9":"instock","10":"taxable","11":"shipping-taxable","12":"purchasable","13":"product-type-simple"},"composite_virtual":false,"composite_layout":"","composite_add_to_cart_form_location":"","composite_editable_in_cart":false,"composite_sold_individually_context":"","composite_shop_price_calc":"","composite_components":[],"composite_scenarios":[],"group_of_quantity":0,"min_quantity":0,"max_quantity":"","exclude_order_quantity_value_rules":"no","exclude_category_quantity_rules":"no","combine_variations":"no","exclude_global_add_ons":[],"addons":[],"_links":{"self":[{"href":"https:\/\/www.huntersfriend.eu\/sv\/wp-json\/wp\/v2\/product\/287278","targetHints":{"allow":["GET"]}}],"collection":[{"href":"https:\/\/www.huntersfriend.eu\/sv\/wp-json\/wp\/v2\/product"}],"about":[{"href":"https:\/\/www.huntersfriend.eu\/sv\/wp-json\/wp\/v2\/types\/product"}],"replies":[{"embeddable":true,"href":"https:\/\/www.huntersfriend.eu\/sv\/wp-json\/wp\/v2\/comments?post=287278"}],"wp:featuredmedia":[{"embeddable":true,"href":"https:\/\/www.huntersfriend.eu\/sv\/wp-json\/wp\/v2\/media\/248792"}],"wp:attachment":[{"href":"https:\/\/www.huntersfriend.eu\/sv\/wp-json\/wp\/v2\/media?parent=287278"}],"wp:term":[{"taxonomy":"product_brand","embeddable":true,"href":"https:\/\/www.huntersfriend.eu\/sv\/wp-json\/wp\/v2\/product_brand?post=287278"},{"taxonomy":"product_cat","embeddable":true,"href":"https:\/\/www.huntersfriend.eu\/sv\/wp-json\/wp\/v2\/product_cat?post=287278"},{"taxonomy":"product_tag","embeddable":true,"href":"https:\/\/www.huntersfriend.eu\/sv\/wp-json\/wp\/v2\/product_tag?post=287278"}],"curies":[{"name":"wp","href":"https:\/\/api.w.org\/{rel}","templated":true}]}}