{"id":287276,"date":"2023-03-16T13:15:45","date_gmt":"2023-03-16T11:15:45","guid":{"rendered":"https:\/\/www.huntersfriend.eu\/product\/buck-gardner-grey-ghost-diamondwood-lockjakt-for-kanadagas\/"},"modified":"2025-08-27T06:21:12","modified_gmt":"2025-08-27T04:21:12","slug":"buck-gardner-grey-ghost-diamondwood-lockjakt-for-kanadagas","status":"publish","type":"product","link":"https:\/\/www.huntersfriend.eu\/sv\/produkt\/buck-gardner-grey-ghost-diamondwood-lockjakt-for-kanadagas\/","title":{"rendered":"Buck Gardner Grey Ghost Diamondwood Lockjakt f\u00f6r kanadag\u00e5s"},"content":{"rendered":"<p>Den h\u00e4r lockjakten kombinerar det klassiska utseendet och k\u00e4nslan av en tr\u00e4lockjakt med v\u00e5r Grey Ghost Canada goose call-design. V\u00e5r diamondwood-pipa ger en mjukare ton \u00e4n akrylversionen av Grey Ghost. Rostfritt st\u00e5lband \u00e4r fastsatt p\u00e5 fyra st\u00e4llen f\u00f6r att s\u00e4kerst\u00e4lla att det sitter p\u00e5 plats, \u00e4ven med de naturliga variationer som tr\u00e4 kan uppleva n\u00e4r det uts\u00e4tts f\u00f6r v\u00e4der och vind. Grey Ghost har en kort 2,75&#8243; pipa, vilket ger en n\u00e5got h\u00f6gre tonh\u00f6jd och blixtsnabb respons f\u00f6r erfarna lockj\u00e4gare.   <\/p>\n<p>Den extra t\u00e5liga polykarbonatinsatsen \u00e4r handjusterad med v\u00e5ra Quick Tune-in\u00e4lvor. Quick Tune-systemet g\u00f6r det enkelt att ta is\u00e4r, reng\u00f6ra och s\u00e4tta ihop lockjakten igen, \u00e4ven n\u00e4r f\u00e4ltunderh\u00e5ll kr\u00e4vs. <\/p>\n<p>Den h\u00e4r lockjakten finns i <em>Highland Blue Diamondwood<\/em> med en <em>Clear<\/em>-insats.<\/p>\n","protected":false},"excerpt":{"rendered":"<p>Highland blue diamondwood\/clear<\/p>\n","protected":false},"featured_media":250684,"comment_status":"open","ping_status":"closed","template":"","meta":[],"product_brand":[],"product_cat":[2805],"product_tag":[],"class_list":{"0":"post-287276","1":"product","2":"type-product","3":"status-publish","4":"has-post-thumbnail","6":"product_cat-gaslockpipor","8":"first","9":"outofstock","10":"taxable","11":"shipping-taxable","12":"purchasable","13":"product-type-simple"},"composite_virtual":false,"composite_layout":"","composite_add_to_cart_form_location":"","composite_editable_in_cart":false,"composite_sold_individually_context":"","composite_shop_price_calc":"","composite_components":[],"composite_scenarios":[],"group_of_quantity":0,"min_quantity":0,"max_quantity":"","exclude_order_quantity_value_rules":"no","exclude_category_quantity_rules":"no","combine_variations":"no","exclude_global_add_ons":[],"addons":[],"_links":{"self":[{"href":"https:\/\/www.huntersfriend.eu\/sv\/wp-json\/wp\/v2\/product\/287276","targetHints":{"allow":["GET"]}}],"collection":[{"href":"https:\/\/www.huntersfriend.eu\/sv\/wp-json\/wp\/v2\/product"}],"about":[{"href":"https:\/\/www.huntersfriend.eu\/sv\/wp-json\/wp\/v2\/types\/product"}],"replies":[{"embeddable":true,"href":"https:\/\/www.huntersfriend.eu\/sv\/wp-json\/wp\/v2\/comments?post=287276"}],"wp:featuredmedia":[{"embeddable":true,"href":"https:\/\/www.huntersfriend.eu\/sv\/wp-json\/wp\/v2\/media\/250684"}],"wp:attachment":[{"href":"https:\/\/www.huntersfriend.eu\/sv\/wp-json\/wp\/v2\/media?parent=287276"}],"wp:term":[{"taxonomy":"product_brand","embeddable":true,"href":"https:\/\/www.huntersfriend.eu\/sv\/wp-json\/wp\/v2\/product_brand?post=287276"},{"taxonomy":"product_cat","embeddable":true,"href":"https:\/\/www.huntersfriend.eu\/sv\/wp-json\/wp\/v2\/product_cat?post=287276"},{"taxonomy":"product_tag","embeddable":true,"href":"https:\/\/www.huntersfriend.eu\/sv\/wp-json\/wp\/v2\/product_tag?post=287276"}],"curies":[{"name":"wp","href":"https:\/\/api.w.org\/{rel}","templated":true}]}}