{"id":287275,"date":"2023-03-16T13:15:41","date_gmt":"2023-03-16T11:15:41","guid":{"rendered":"https:\/\/www.huntersfriend.eu\/product\/buck-gardner-speck-ghost\/"},"modified":"2025-08-27T06:21:13","modified_gmt":"2025-08-27T04:21:13","slug":"buck-gardner-speck-ghost","status":"publish","type":"product","link":"https:\/\/www.huntersfriend.eu\/sv\/produkt\/buck-gardner-speck-ghost\/","title":{"rendered":"Buck Gardner speck ghost"},"content":{"rendered":"<p>Lockbete f\u00f6r bl\u00e4sg\u00e5s<\/p>\n<p>Polykarbonatversion av Acrylic Giggle Chicken. Med den h\u00e4r lockbetets korta format \u00e4r det lika snabbt p\u00e5 dubbla och trippla joddlingar som n\u00e5got annat p\u00e5 marknaden, och de handjusterade in\u00e4lvorna s\u00e4kerst\u00e4ller att det h\u00e4r locket presterar p\u00e5 samma niv\u00e5 som sin akryl motsvarighet! Det h\u00e4r locket har bett!  <\/p>\n<p>BG Calls forts\u00e4tter att arbeta h\u00e5rt f\u00f6r att producera de mest kostnadseffektiva och h\u00f6gkvalitativa jaktlockpiporna f\u00f6r alla j\u00e4gare sedan 1996. Med det kommer v\u00e5r livstidsgaranti fr\u00e5n alla tillverkningsfel och gratis omst\u00e4mningsservice under lockpipans hela livsl\u00e4ngd! <\/p>\n<ul>\n<li>N\u00e4stintill of\u00f6rst\u00f6rbar polykarbonat<\/li>\n<li>Kort pipdesign<\/li>\n<li>Livstidsgaranti<\/li>\n<li>Bepr\u00f6vad<\/li>\n<\/ul>\n","protected":false},"excerpt":{"rendered":"<p>Klar<\/p>\n","protected":false},"featured_media":250688,"comment_status":"open","ping_status":"closed","template":"","meta":[],"product_brand":[],"product_cat":[2805],"product_tag":[],"class_list":{"0":"post-287275","1":"product","2":"type-product","3":"status-publish","4":"has-post-thumbnail","6":"product_cat-gaslockpipor","8":"first","9":"outofstock","10":"taxable","11":"shipping-taxable","12":"purchasable","13":"product-type-simple"},"composite_virtual":false,"composite_layout":"","composite_add_to_cart_form_location":"","composite_editable_in_cart":false,"composite_sold_individually_context":"","composite_shop_price_calc":"","composite_components":[],"composite_scenarios":[],"group_of_quantity":0,"min_quantity":0,"max_quantity":"","exclude_order_quantity_value_rules":"no","exclude_category_quantity_rules":"no","combine_variations":"no","exclude_global_add_ons":[],"addons":[],"_links":{"self":[{"href":"https:\/\/www.huntersfriend.eu\/sv\/wp-json\/wp\/v2\/product\/287275","targetHints":{"allow":["GET"]}}],"collection":[{"href":"https:\/\/www.huntersfriend.eu\/sv\/wp-json\/wp\/v2\/product"}],"about":[{"href":"https:\/\/www.huntersfriend.eu\/sv\/wp-json\/wp\/v2\/types\/product"}],"replies":[{"embeddable":true,"href":"https:\/\/www.huntersfriend.eu\/sv\/wp-json\/wp\/v2\/comments?post=287275"}],"wp:featuredmedia":[{"embeddable":true,"href":"https:\/\/www.huntersfriend.eu\/sv\/wp-json\/wp\/v2\/media\/250688"}],"wp:attachment":[{"href":"https:\/\/www.huntersfriend.eu\/sv\/wp-json\/wp\/v2\/media?parent=287275"}],"wp:term":[{"taxonomy":"product_brand","embeddable":true,"href":"https:\/\/www.huntersfriend.eu\/sv\/wp-json\/wp\/v2\/product_brand?post=287275"},{"taxonomy":"product_cat","embeddable":true,"href":"https:\/\/www.huntersfriend.eu\/sv\/wp-json\/wp\/v2\/product_cat?post=287275"},{"taxonomy":"product_tag","embeddable":true,"href":"https:\/\/www.huntersfriend.eu\/sv\/wp-json\/wp\/v2\/product_tag?post=287275"}],"curies":[{"name":"wp","href":"https:\/\/api.w.org\/{rel}","templated":true}]}}