{"id":287274,"date":"2023-03-16T13:15:40","date_gmt":"2023-03-16T11:15:40","guid":{"rendered":"https:\/\/www.huntersfriend.eu\/product\/alps-outdoorz-baja-40l-ryggsack\/"},"modified":"2025-08-27T06:21:11","modified_gmt":"2025-08-27T04:21:11","slug":"alps-outdoorz-baja-40l-ryggsack","status":"publish","type":"product","link":"https:\/\/www.huntersfriend.eu\/sv\/produkt\/alps-outdoorz-baja-40l-ryggsack\/","title":{"rendered":"Alps outdoorz Baja 40L ryggs\u00e4ck"},"content":{"rendered":"<p>F\u00e4rg &#8211; Lera<\/p>\n<p>Letar du efter en ryggs\u00e4ck som enkelt kan b\u00e4ras l\u00e4ngs stigen eller p\u00e5 en vandring \u00f6ver campus? Kanske beh\u00f6ver du b\u00e5da! ALPS Mountaineerings m\u00e5ngsidiga sortiment av dagsryggs\u00e4ckar har s\u00e4kert en ryggs\u00e4ck som passar dina specifika behov. Baja 40 har en elegant, kompakt design som enkelt f\u00f6rvandlas fr\u00e5n en gym- eller arbetsv\u00e4ska till en vandringsryggs\u00e4ck. En upph\u00e4ngd ryggpanel i mesh kombinerat med 3D-mesh skapar ett bekv\u00e4mt och ventilerande upph\u00e4ngningssystem. Huvudf\u00f6rvaringsfacket \u00e4r tillg\u00e4ngligt via en unik asymmetrisk dragkedja med full \u00e5tkomst. Det stora huvudfacket, h\u00f6ftb\u00e4ltesfickorna och en lockficka med dragkedja ger Baja 40 totalt 2 440 kubiktum f\u00f6r f\u00f6rvaring. Stretch-sidofickor, vandringsstavs\u00f6glor och en distinkt fr\u00e4mre kompressionspanel med kedja ger ytterligare f\u00f6rvaring och f\u00e4stpunkter f\u00f6r utrustning. En v\u00e4tskeport med ficka och inbyggt regnskydd ing\u00e5r b\u00e5da, vilket g\u00f6r Baja 40 till en verkligt m\u00e5ngsidig ryggs\u00e4ck som kan anv\u00e4ndas i en m\u00e4ngd olika f\u00f6rh\u00e5llanden och situationer.        <\/p>\n<p>\u2022 L\u00e4ttviktigt 200D nylon dubbel ripstop-tyg<\/p>\n<p>\u2022 Upph\u00e4ngd ryggpanel i mesh kombinerat med 3D-mesh<\/p>\n<p>\u2022 Unik asymmetrisk dragkedja med full \u00e5tkomst<\/p>\n<p>\u2022 Distinkt fr\u00e4mre kompressionspanel med kedja<\/p>\n<p>\u2022 Avtagbar br\u00f6strem<\/p>\n<p>\u2022 Stretch-sidofickor<\/p>\n<p>\u2022 Lockficka med dragkedja<\/p>\n<p>\u2022 H\u00f6ftb\u00e4ltesfickor<\/p>\n<p>\u2022 Integrerade vandringsstavs\u00f6glor<\/p>\n<p>\u2022 Kompatibel med v\u00e4tskesystem<\/p>\n<p>\u2022 Fram\u00e5tdragande midjeb\u00e4lte<\/p>\n<p>\u2022 Inkluderar regnskydd<\/p>\n<table border=\"3\">\n<tbody>\n<tr align=\"CENTER\">\n<td><b>Kapacitet<\/b><\/td>\n<td>2440 in\u00b3 \/ 40 L<\/td>\n<\/tr>\n<tr align=\"CENTER\">\n<td><b>Vikt<\/b><\/td>\n<td>2 lbs. 6 oz. <\/td>\n<\/tr>\n<\/tbody>\n<\/table>\n","protected":false},"excerpt":{"rendered":"<p>F\u00e4rg &#8211; Lera Letar du efter en ryggs\u00e4ck som enkelt kan b\u00e4ras l\u00e4ngs stigen eller p\u00e5 en vandring \u00f6ver campus? Kanske beh\u00f6ver du b\u00e5da! ALPS Mountaineerings m\u00e5ngsidiga sortiment av dagsryggs\u00e4ckar har s\u00e4kert en ryggs\u00e4ck som passar dina specifika behov. Baja 40 har en elegant, kompakt design som enkelt f\u00f6rvandlas fr\u00e5n en gym- eller arbetsv\u00e4ska till [&#8230;]\n","protected":false},"featured_media":245325,"comment_status":"open","ping_status":"closed","template":"","meta":[],"product_brand":[],"product_cat":[2523],"product_tag":[],"class_list":{"0":"post-287274","1":"product","2":"type-product","3":"status-publish","4":"has-post-thumbnail","6":"product_cat-ryggsackar","7":"product_shipping_class-big-sv","9":"first","10":"instock","11":"taxable","12":"shipping-taxable","13":"purchasable","14":"product-type-simple"},"composite_virtual":false,"composite_layout":"","composite_add_to_cart_form_location":"","composite_editable_in_cart":false,"composite_sold_individually_context":"","composite_shop_price_calc":"","composite_components":[],"composite_scenarios":[],"group_of_quantity":0,"min_quantity":0,"max_quantity":"","exclude_order_quantity_value_rules":"no","exclude_category_quantity_rules":"no","combine_variations":"no","exclude_global_add_ons":[],"addons":[],"_links":{"self":[{"href":"https:\/\/www.huntersfriend.eu\/sv\/wp-json\/wp\/v2\/product\/287274","targetHints":{"allow":["GET"]}}],"collection":[{"href":"https:\/\/www.huntersfriend.eu\/sv\/wp-json\/wp\/v2\/product"}],"about":[{"href":"https:\/\/www.huntersfriend.eu\/sv\/wp-json\/wp\/v2\/types\/product"}],"replies":[{"embeddable":true,"href":"https:\/\/www.huntersfriend.eu\/sv\/wp-json\/wp\/v2\/comments?post=287274"}],"wp:featuredmedia":[{"embeddable":true,"href":"https:\/\/www.huntersfriend.eu\/sv\/wp-json\/wp\/v2\/media\/245325"}],"wp:attachment":[{"href":"https:\/\/www.huntersfriend.eu\/sv\/wp-json\/wp\/v2\/media?parent=287274"}],"wp:term":[{"taxonomy":"product_brand","embeddable":true,"href":"https:\/\/www.huntersfriend.eu\/sv\/wp-json\/wp\/v2\/product_brand?post=287274"},{"taxonomy":"product_cat","embeddable":true,"href":"https:\/\/www.huntersfriend.eu\/sv\/wp-json\/wp\/v2\/product_cat?post=287274"},{"taxonomy":"product_tag","embeddable":true,"href":"https:\/\/www.huntersfriend.eu\/sv\/wp-json\/wp\/v2\/product_tag?post=287274"}],"curies":[{"name":"wp","href":"https:\/\/api.w.org\/{rel}","templated":true}]}}