{"id":287273,"date":"2023-03-16T13:15:44","date_gmt":"2023-03-16T11:15:44","guid":{"rendered":"https:\/\/www.huntersfriend.eu\/product\/buck-gardner-c3\/"},"modified":"2025-08-27T06:21:11","modified_gmt":"2025-08-27T04:21:11","slug":"buck-gardner-c3","status":"publish","type":"product","link":"https:\/\/www.huntersfriend.eu\/sv\/produkt\/buck-gardner-c3\/","title":{"rendered":"Buck Gardner C3"},"content":{"rendered":"<p>C3 DIAMONDWOOD\/POLY LOCKPIPA<\/p>\n<p>C3 \u00e4r en allround-lockpipa med medelh\u00f6g volym och ton med lite skaller inbyggt. Den h\u00e4r lockpipan \u00e4r baserad p\u00e5 en av Bucks ursprungliga tonplattor. Denna dubbelr\u00f6rspipa har massor av rasp med stor volym i toppen och enkel luftkontroll i botten, vilket g\u00f6r att du b\u00e5de kan ropa p\u00e5 h\u00f6gtflygande f\u00e5glar och locka f\u00f6rsiktiga \u00e4nder med finess med samma pipa. J-ramens dubbelr\u00f6rsinsats och Spit-Tech\u2122-tonplattan fastnar inte n\u00e4r den \u00e4r v\u00e5t. Buck Gardner Diamondwood\/Poly C3-lockpipan \u00e4r avslutad med en diamondwood-pipa och ett fastn\u00e5lat aluminiumband.    <\/p>\n<ul>\n<li>J-ramens dubbelr\u00f6rsinsats ger ett raspigt ljud<\/li>\n<li>Massor av volym i toppen<\/li>\n<li>Enkel luftkontroll i botten<\/li>\n<li>Spit-Tech-tonplattan fastnar inte n\u00e4r den \u00e4r v\u00e5t<\/li>\n<li>Snygg diamondwood-pipa och fastn\u00e5lat aluminiumband<\/li>\n<\/ul>\n","protected":false},"excerpt":{"rendered":"<p>C3 DIAMONDWOOD\/POLY LOCKPIPA C3 \u00e4r en allround-lockpipa med medelh\u00f6g volym och ton med lite skaller inbyggt. Den h\u00e4r lockpipan \u00e4r baserad p\u00e5 en av Bucks ursprungliga tonplattor. Denna dubbelr\u00f6rspipa har massor av rasp med stor volym i toppen och enkel luftkontroll i botten, vilket g\u00f6r att du b\u00e5de kan ropa p\u00e5 h\u00f6gtflygande f\u00e5glar och locka [&#8230;]\n","protected":false},"featured_media":272821,"comment_status":"open","ping_status":"closed","template":"","meta":[],"product_brand":[],"product_cat":[2804],"product_tag":[],"class_list":{"0":"post-287273","1":"product","2":"type-product","3":"status-publish","4":"has-post-thumbnail","6":"product_cat-andlockbeten","8":"first","9":"outofstock","10":"taxable","11":"shipping-taxable","12":"purchasable","13":"product-type-simple"},"composite_virtual":false,"composite_layout":"","composite_add_to_cart_form_location":"","composite_editable_in_cart":false,"composite_sold_individually_context":"","composite_shop_price_calc":"","composite_components":[],"composite_scenarios":[],"group_of_quantity":0,"min_quantity":0,"max_quantity":"","exclude_order_quantity_value_rules":"no","exclude_category_quantity_rules":"no","combine_variations":"no","exclude_global_add_ons":[],"addons":[],"_links":{"self":[{"href":"https:\/\/www.huntersfriend.eu\/sv\/wp-json\/wp\/v2\/product\/287273","targetHints":{"allow":["GET"]}}],"collection":[{"href":"https:\/\/www.huntersfriend.eu\/sv\/wp-json\/wp\/v2\/product"}],"about":[{"href":"https:\/\/www.huntersfriend.eu\/sv\/wp-json\/wp\/v2\/types\/product"}],"replies":[{"embeddable":true,"href":"https:\/\/www.huntersfriend.eu\/sv\/wp-json\/wp\/v2\/comments?post=287273"}],"wp:featuredmedia":[{"embeddable":true,"href":"https:\/\/www.huntersfriend.eu\/sv\/wp-json\/wp\/v2\/media\/272821"}],"wp:attachment":[{"href":"https:\/\/www.huntersfriend.eu\/sv\/wp-json\/wp\/v2\/media?parent=287273"}],"wp:term":[{"taxonomy":"product_brand","embeddable":true,"href":"https:\/\/www.huntersfriend.eu\/sv\/wp-json\/wp\/v2\/product_brand?post=287273"},{"taxonomy":"product_cat","embeddable":true,"href":"https:\/\/www.huntersfriend.eu\/sv\/wp-json\/wp\/v2\/product_cat?post=287273"},{"taxonomy":"product_tag","embeddable":true,"href":"https:\/\/www.huntersfriend.eu\/sv\/wp-json\/wp\/v2\/product_tag?post=287273"}],"curies":[{"name":"wp","href":"https:\/\/api.w.org\/{rel}","templated":true}]}}