{"id":287271,"date":"2023-03-16T13:15:39","date_gmt":"2023-03-16T11:15:39","guid":{"rendered":"https:\/\/www.huntersfriend.eu\/product\/alps-outdoorz-canyon-30l-day-pack\/"},"modified":"2025-08-27T06:21:10","modified_gmt":"2025-08-27T04:21:10","slug":"alps-outdoorz-canyon-30l-day-pack","status":"publish","type":"product","link":"https:\/\/www.huntersfriend.eu\/sv\/produkt\/alps-outdoorz-canyon-30l-day-pack\/","title":{"rendered":"Alps outdoorz Canyon 30L Day pack"},"content":{"rendered":"<p>F\u00e4rg \u2013 Clay\/Chili<\/p>\n<p>Letar du efter en ryggs\u00e4ck som enkelt kan b\u00e4ras p\u00e5 vandringsleden eller p\u00e5 en tur \u00f6ver campus? Kanske beh\u00f6ver du b\u00e5da! ALPS Mountaineerings m\u00e5ngsidiga serie av dagsryggs\u00e4ckar har s\u00e4kert en ryggs\u00e4ck som passar dina specifika behov. Canyon 30 har en elegant, kompakt design som enkelt f\u00f6rvandlas fr\u00e5n en skol- eller jobbv\u00e4ska till en vandringsryggs\u00e4ck f\u00f6r leden eller flerdagsturer. Den \u00e4r extremt slitstark och l\u00e4tt \u2013 v\u00e4ger cirka 2 pounds (ca 0,9 kg). Trots sin l\u00e4tta design har den imponerande 1 865 kubiktum (ca 30 liter) totalt lagringsutrymme och locket har en stor ficka med dragkedja som \u00e4r perfekt f\u00f6r att f\u00f6rvara och organisera mindre f\u00f6rem\u00e5l. Ett 3D-n\u00e4tupph\u00e4ngningssystem och ett avtagbart, justerbart midjeb\u00e4lte s\u00e4kerst\u00e4ller en s\u00e4ker och bekv\u00e4m passform mot kroppen. Integrerade vandringsstavslingor, stretch-sidfickor och en dold kedja ger extra utrymme f\u00f6r ytterligare utrustning. En v\u00e4tskeport och ficka ing\u00e5r, vilket g\u00f6r den kompatibel med v\u00e4tskebeh\u00e5llare. Canyon 30 har ett inbyggt regnskydd som hj\u00e4lper till att h\u00e5lla dina viktiga saker torra \u2013 oavsett om det \u00e4r en b\u00e4rbar dator eller extra vandringskl\u00e4der! Canyon 30:s str\u00f6mlinjeformade design g\u00f6r den till den perfekta ryggs\u00e4cken att b\u00e4ra under vardagarna och p\u00e5 dina \u00e4ventyrsfyllda helger.          <\/p>\n<p>\u2022 L\u00e4ttviktigt 200D nylon dubbel ripstop-tyg<\/p>\n<p>\u2022 L\u00e4tt och slitstark<\/p>\n<p>\u2022 3D-n\u00e4tupph\u00e4ngning<\/p>\n<p>\u2022 Unik dragkedja f\u00f6r full \u00e5tkomst<\/p>\n<p>\u2022 Lock med omv\u00e4nd riktning ger enkel \u00e5tkomst<\/p>\n<p>\u2022 Dold kedja<\/p>\n<p>\u2022 Integrerade vandringsstavs\u00f6glor<\/p>\n<p>\u2022 Sidokompressionsremmar<\/p>\n<p>\u2022 Ficka med dragkedja i locket<\/p>\n<p>\u2022 V\u00e4rdeficka i n\u00e4t med nyckelkl\u00e4mma<\/p>\n<p>\u2022 Avtagbart midjeb\u00e4lte med fickor<\/p>\n<p>\u2022 Kompatibel med v\u00e4tskesystem<\/p>\n<p>\u2022 Inkluderar regnskydd<\/p>\n<table border=\"3\">\n<tbody>\n<tr align=\"CENTER\">\n<td><b>Kapacitet<\/b><\/td>\n<td>1830 in\u00b3 \/ 30 L<\/td>\n<\/tr>\n<tr align=\"CENTER\">\n<td><b>Vikt<\/b><\/td>\n<td>2 lbs. 1 oz. <\/td>\n<\/tr>\n<\/tbody>\n<\/table>\n","protected":false},"excerpt":{"rendered":"<p>F\u00e4rg \u2013 Clay\/Chili Letar du efter en ryggs\u00e4ck som enkelt kan b\u00e4ras p\u00e5 vandringsleden eller p\u00e5 en tur \u00f6ver campus? Kanske beh\u00f6ver du b\u00e5da! ALPS Mountaineerings m\u00e5ngsidiga serie av dagsryggs\u00e4ckar har s\u00e4kert en ryggs\u00e4ck som passar dina specifika behov. Canyon 30 har en elegant, kompakt design som enkelt f\u00f6rvandlas fr\u00e5n en skol- eller jobbv\u00e4ska till [&#8230;]\n","protected":false},"featured_media":245345,"comment_status":"open","ping_status":"closed","template":"","meta":[],"product_brand":[],"product_cat":[2523],"product_tag":[],"class_list":{"0":"post-287271","1":"product","2":"type-product","3":"status-publish","4":"has-post-thumbnail","6":"product_cat-ryggsackar","7":"product_shipping_class-big-sv","9":"first","10":"instock","11":"taxable","12":"shipping-taxable","13":"purchasable","14":"product-type-simple"},"composite_virtual":false,"composite_layout":"","composite_add_to_cart_form_location":"","composite_editable_in_cart":false,"composite_sold_individually_context":"","composite_shop_price_calc":"","composite_components":[],"composite_scenarios":[],"group_of_quantity":0,"min_quantity":0,"max_quantity":"","exclude_order_quantity_value_rules":"no","exclude_category_quantity_rules":"no","combine_variations":"no","exclude_global_add_ons":[],"addons":[],"_links":{"self":[{"href":"https:\/\/www.huntersfriend.eu\/sv\/wp-json\/wp\/v2\/product\/287271","targetHints":{"allow":["GET"]}}],"collection":[{"href":"https:\/\/www.huntersfriend.eu\/sv\/wp-json\/wp\/v2\/product"}],"about":[{"href":"https:\/\/www.huntersfriend.eu\/sv\/wp-json\/wp\/v2\/types\/product"}],"replies":[{"embeddable":true,"href":"https:\/\/www.huntersfriend.eu\/sv\/wp-json\/wp\/v2\/comments?post=287271"}],"wp:featuredmedia":[{"embeddable":true,"href":"https:\/\/www.huntersfriend.eu\/sv\/wp-json\/wp\/v2\/media\/245345"}],"wp:attachment":[{"href":"https:\/\/www.huntersfriend.eu\/sv\/wp-json\/wp\/v2\/media?parent=287271"}],"wp:term":[{"taxonomy":"product_brand","embeddable":true,"href":"https:\/\/www.huntersfriend.eu\/sv\/wp-json\/wp\/v2\/product_brand?post=287271"},{"taxonomy":"product_cat","embeddable":true,"href":"https:\/\/www.huntersfriend.eu\/sv\/wp-json\/wp\/v2\/product_cat?post=287271"},{"taxonomy":"product_tag","embeddable":true,"href":"https:\/\/www.huntersfriend.eu\/sv\/wp-json\/wp\/v2\/product_tag?post=287271"}],"curies":[{"name":"wp","href":"https:\/\/api.w.org\/{rel}","templated":true}]}}