{"id":287269,"date":"2023-03-16T13:15:43","date_gmt":"2023-03-16T11:15:43","guid":{"rendered":"https:\/\/www.huntersfriend.eu\/product\/buck-gardner-double-nasty-2\/"},"modified":"2025-08-27T06:21:10","modified_gmt":"2025-08-27T04:21:10","slug":"buck-gardner-double-nasty-2","status":"publish","type":"product","link":"https:\/\/www.huntersfriend.eu\/sv\/produkt\/buck-gardner-double-nasty-2\/","title":{"rendered":"Buck Gardner Double Nasty"},"content":{"rendered":"<p>Double Nasty med dubbla r\u00f6rblad \u00e4r en h\u00f6rnsten i Buck Gardners serie av lockpipor f\u00f6r \u00e4nder och en av de b\u00e4st s\u00e4ljande lockpiporna genom tiderna. Den \u00e4r h\u00f6gljudd, extra raspig och garanterat att inte fastna tack vare Spit-Tech\u2122-tonbr\u00e4dedesignen. Spit-Tech\u2122-tekniken g\u00f6r att pipan kan anv\u00e4ndas \u00e4ven n\u00e4r den \u00e4r v\u00e5t av saliv, kondens och till och med oavsiktliga dopp i vattnet. Med sin patenterade Short Barrel Technology \u00e4r Double Nasty otroligt l\u00e4tt att anv\u00e4nda, vilket g\u00f6r den till det perfekta valet f\u00f6r b\u00e5de nyb\u00f6rjare och erfarna j\u00e4gare.   <\/p>\n<p>Double Nasty har en unik design med dubbla r\u00f6rblad som enkelt producerar ett brett utbud av realistiska andljud. Dess m\u00e5ngsidiga design g\u00f6r det m\u00f6jligt f\u00f6r j\u00e4gare att producera allt fr\u00e5n mjuka, subtila kvackljud till h\u00f6gljudda, raspiga lockrop med precision och kontroll. <\/p>\n<p>Insatsen i detta lock \u00e4r tillverkad av t\u00e5lig, formsprutad polykarbonat, vilket g\u00f6r att detta lock \u00e4r byggt f\u00f6r att klara de tuffa jaktf\u00f6rh\u00e5llandena. Lockets sl\u00e4ta, bekv\u00e4ma design s\u00e4kerst\u00e4ller ocks\u00e5 att det \u00e4r l\u00e4tt att anv\u00e4nda, \u00e4ven med handskar p\u00e5. Pipan \u00e4r tillverkad av tr\u00e4.  <\/p>\n<p>Oavsett om du \u00e4r en erfaren andj\u00e4gare eller precis har b\u00f6rjat, \u00e4r Buck Gardner Double Nasty det perfekta verktyget f\u00f6r att locka till sig \u00e4nder och f\u00e5 dem att komma n\u00e4ra f\u00f6r en lyckad jakt. Med sin h\u00f6gkvalitativa konstruktion och exceptionella ljudkvalitet kommer detta lock s\u00e4kert att bli en viktig del av din jaktutrustning i m\u00e5nga \u00e5r fram\u00f6ver. <\/p>\n","protected":false},"excerpt":{"rendered":"<p>Double Nasty med dubbla r\u00f6rblad \u00e4r en h\u00f6rnsten i Buck Gardners serie av lockpipor f\u00f6r \u00e4nder och en av de b\u00e4st s\u00e4ljande lockpiporna genom tiderna. Den \u00e4r h\u00f6gljudd, extra raspig och garanterat att inte fastna tack vare Spit-Tech\u2122-tonbr\u00e4dedesignen. Spit-Tech\u2122-tekniken g\u00f6r att pipan kan anv\u00e4ndas \u00e4ven n\u00e4r den \u00e4r v\u00e5t av saliv, kondens och till och [&#8230;]\n","protected":false},"featured_media":245691,"comment_status":"open","ping_status":"closed","template":"","meta":[],"product_brand":[],"product_cat":[2804],"product_tag":[],"class_list":{"0":"post-287269","1":"product","2":"type-product","3":"status-publish","4":"has-post-thumbnail","6":"product_cat-andlockbeten","8":"first","9":"instock","10":"taxable","11":"shipping-taxable","12":"purchasable","13":"product-type-simple"},"composite_virtual":false,"composite_layout":"","composite_add_to_cart_form_location":"","composite_editable_in_cart":false,"composite_sold_individually_context":"","composite_shop_price_calc":"","composite_components":[],"composite_scenarios":[],"group_of_quantity":0,"min_quantity":0,"max_quantity":"","exclude_order_quantity_value_rules":"no","exclude_category_quantity_rules":"no","combine_variations":"no","exclude_global_add_ons":[],"addons":[],"_links":{"self":[{"href":"https:\/\/www.huntersfriend.eu\/sv\/wp-json\/wp\/v2\/product\/287269","targetHints":{"allow":["GET"]}}],"collection":[{"href":"https:\/\/www.huntersfriend.eu\/sv\/wp-json\/wp\/v2\/product"}],"about":[{"href":"https:\/\/www.huntersfriend.eu\/sv\/wp-json\/wp\/v2\/types\/product"}],"replies":[{"embeddable":true,"href":"https:\/\/www.huntersfriend.eu\/sv\/wp-json\/wp\/v2\/comments?post=287269"}],"wp:featuredmedia":[{"embeddable":true,"href":"https:\/\/www.huntersfriend.eu\/sv\/wp-json\/wp\/v2\/media\/245691"}],"wp:attachment":[{"href":"https:\/\/www.huntersfriend.eu\/sv\/wp-json\/wp\/v2\/media?parent=287269"}],"wp:term":[{"taxonomy":"product_brand","embeddable":true,"href":"https:\/\/www.huntersfriend.eu\/sv\/wp-json\/wp\/v2\/product_brand?post=287269"},{"taxonomy":"product_cat","embeddable":true,"href":"https:\/\/www.huntersfriend.eu\/sv\/wp-json\/wp\/v2\/product_cat?post=287269"},{"taxonomy":"product_tag","embeddable":true,"href":"https:\/\/www.huntersfriend.eu\/sv\/wp-json\/wp\/v2\/product_tag?post=287269"}],"curies":[{"name":"wp","href":"https:\/\/api.w.org\/{rel}","templated":true}]}}