{"id":287268,"date":"2023-03-16T13:15:34","date_gmt":"2023-03-16T11:15:34","guid":{"rendered":"https:\/\/www.huntersfriend.eu\/product\/alps-outdoorz-torrent-20l-vattentat-vaska\/"},"modified":"2025-08-27T06:21:09","modified_gmt":"2025-08-27T04:21:09","slug":"alps-outdoorz-torrent-20l-vattentat-vaska","status":"publish","type":"product","link":"https:\/\/www.huntersfriend.eu\/sv\/produkt\/alps-outdoorz-torrent-20l-vattentat-vaska\/","title":{"rendered":"Alps outdoorz torrent 20L vattent\u00e4t v\u00e4ska"},"content":{"rendered":"<p>F\u00e4rg &#8211; Chili<\/p>\n<p>Besegra ditt n\u00e4sta tuffa utomhus\u00e4ventyr med Torrent Series vattent\u00e4ta v\u00e4skor. Torrent \u00e4r tillverkad av ett extra slitstarkt vattent\u00e4tt PVC-belagt 500D polyestermaterial och erbjuder \u00f6verl\u00e4gset skydd i alla typer av v\u00e5ta f\u00f6rh\u00e5llanden. En s\u00e4ker rulltoppf\u00f6rslutning och starka helsvetsade s\u00f6mmar s\u00e4kerst\u00e4ller att din utrustning \u00e4r skyddad fr\u00e5n fukt. Du kan vara s\u00e4ker p\u00e5 att du kommer fram till din destination med torr utrustning. Flera D-ringf\u00e4stpunkter ger enkla f\u00e4stpunkter f\u00f6r extra utrustning, enkel stapling av flera v\u00e4skor eller en bekv\u00e4m metod f\u00f6r att f\u00e4sta p\u00e5 din vattenskoter. Torrent-serien \u00e4r designad med en ovalformad platt botten f\u00f6r att st\u00e5 av sig sj\u00e4lv och enkel \u00e5tkomst. Med Torrent-serien tillagd i din viktiga utrustningskollektion v\u00e4ntar din n\u00e4sta bedrift.      <\/p>\n<p>\u2022 Extra slitstarkt 500D polyester PVC vattent\u00e4tt material ger skydd i v\u00e5ta milj\u00f6er<\/p>\n<p>\u2022 Ovalformad platt botten hj\u00e4lper v\u00e4skan att st\u00e5 upp av sig sj\u00e4lv; l\u00e4tt att fylla<\/p>\n<p>\u2022 Flera D-ringf\u00e4stpunkter<\/p>\n<p>\u2022 S\u00e4ker rulltoppf\u00f6rslutning<\/p>\n<p>\u2022 Starka, helsvetsade s\u00f6mmar ger en stark vattenbarri\u00e4r<\/p>\n<table border=\"3\">\n<tbody>\n<tr>\n<th colspan=\"2\">20 L<\/th>\n<\/tr>\n<tr align=\"CENTER\">\n<td><b>Kapacitet<\/b><\/td>\n<td>20 L \/ 1220 in\u00b3<\/td>\n<\/tr>\n<tr align=\"CENTER\">\n<td><b>L\u00e4ngd<\/b><\/td>\n<td>11&#8243;<\/td>\n<\/tr>\n<tr align=\"CENTER\">\n<td><b>Diameter<\/b><\/td>\n<td>7&#8243;<\/td>\n<\/tr>\n<tr align=\"CENTER\">\n<td><b>H\u00f6jd (efter 3 rullningar)<\/b><\/td>\n<td>16&#8243;<\/td>\n<\/tr>\n<tr align=\"CENTER\">\n<td><b>Vikt<\/b><\/td>\n<td>13 oz.<\/td>\n<\/tr>\n<\/tbody>\n<\/table>\n","protected":false},"excerpt":{"rendered":"<p>F\u00e4rg &#8211; Chili Besegra ditt n\u00e4sta tuffa utomhus\u00e4ventyr med Torrent Series vattent\u00e4ta v\u00e4skor. Torrent \u00e4r tillverkad av ett extra slitstarkt vattent\u00e4tt PVC-belagt 500D polyestermaterial och erbjuder \u00f6verl\u00e4gset skydd i alla typer av v\u00e5ta f\u00f6rh\u00e5llanden. En s\u00e4ker rulltoppf\u00f6rslutning och starka helsvetsade s\u00f6mmar s\u00e4kerst\u00e4ller att din utrustning \u00e4r skyddad fr\u00e5n fukt. Du kan vara s\u00e4ker p\u00e5 att [&#8230;]\n","protected":false},"featured_media":245366,"comment_status":"open","ping_status":"closed","template":"","meta":[],"product_brand":[],"product_cat":[2567],"product_tag":[],"class_list":{"0":"post-287268","1":"product","2":"type-product","3":"status-publish","4":"has-post-thumbnail","6":"product_cat-campingtillbehor","8":"first","9":"instock","10":"taxable","11":"shipping-taxable","12":"purchasable","13":"product-type-simple"},"composite_virtual":false,"composite_layout":"","composite_add_to_cart_form_location":"","composite_editable_in_cart":false,"composite_sold_individually_context":"","composite_shop_price_calc":"","composite_components":[],"composite_scenarios":[],"group_of_quantity":0,"min_quantity":0,"max_quantity":"","exclude_order_quantity_value_rules":"no","exclude_category_quantity_rules":"no","combine_variations":"no","exclude_global_add_ons":[],"addons":[],"_links":{"self":[{"href":"https:\/\/www.huntersfriend.eu\/sv\/wp-json\/wp\/v2\/product\/287268","targetHints":{"allow":["GET"]}}],"collection":[{"href":"https:\/\/www.huntersfriend.eu\/sv\/wp-json\/wp\/v2\/product"}],"about":[{"href":"https:\/\/www.huntersfriend.eu\/sv\/wp-json\/wp\/v2\/types\/product"}],"replies":[{"embeddable":true,"href":"https:\/\/www.huntersfriend.eu\/sv\/wp-json\/wp\/v2\/comments?post=287268"}],"wp:featuredmedia":[{"embeddable":true,"href":"https:\/\/www.huntersfriend.eu\/sv\/wp-json\/wp\/v2\/media\/245366"}],"wp:attachment":[{"href":"https:\/\/www.huntersfriend.eu\/sv\/wp-json\/wp\/v2\/media?parent=287268"}],"wp:term":[{"taxonomy":"product_brand","embeddable":true,"href":"https:\/\/www.huntersfriend.eu\/sv\/wp-json\/wp\/v2\/product_brand?post=287268"},{"taxonomy":"product_cat","embeddable":true,"href":"https:\/\/www.huntersfriend.eu\/sv\/wp-json\/wp\/v2\/product_cat?post=287268"},{"taxonomy":"product_tag","embeddable":true,"href":"https:\/\/www.huntersfriend.eu\/sv\/wp-json\/wp\/v2\/product_tag?post=287268"}],"curies":[{"name":"wp","href":"https:\/\/api.w.org\/{rel}","templated":true}]}}